{"id":24173,"date":"2023-09-19T15:31:25","date_gmt":"2023-09-19T13:31:25","guid":{"rendered":"https:\/\/www.sci-services.ch\/shop\/uncategorized\/107-rb-manual-2\/"},"modified":"2023-09-19T15:31:25","modified_gmt":"2023-09-19T13:31:25","slug":"107-rb-manual-2","status":"publish","type":"product","link":"https:\/\/www.sci-services.ch\/it\/shop\/distributori-di-sapone\/107-rb-manual-2\/","title":{"rendered":"107 RB Manual"},"content":{"rendered":"<p>Con una capacit\u00e0 di 500 ml, questo dispenser di sapone \u00e8 versatile e molto compatto. Pu\u00f2 essere facilmente collocato in qualsiasi bagno. La pompa pu\u00f2 essere adattata facilmente al tipo di sapone (pompa per liquidi o pompa spray).<br \/>\nLa leva, il serbatoio di ricarica e il coperchio sono prodotti con agenti\u00a0 antibatterici per garantire la massima igiene.<br \/>\n\u00c8 semplice passare alla versione con sensore no touch e viceversa.<\/p>\n","protected":false},"excerpt":{"rendered":"<p>Dispenser di sapone 500 ml &#8211; a rabbocco<\/p>\n","protected":false},"featured_media":24169,"template":"","meta":{"_acf_changed":false},"product_group":[{"id":2051,"name":"Hygiene","slug":"hygiene"},{"id":2068,"name":"Hygiene Dispensers","slug":"hygiene-dispensers"},{"id":2053,"name":"Soap Dispensers","slug":"soap_dispensers"}],"product_cat":[1797,1822,2410,3422,1227],"product_tag":[2554],"class_list":{"0":"post-24173","1":"product","2":"type-product","3":"status-publish","4":"has-post-thumbnail","6":"product_group-hygiene","7":"product_group-hygiene-dispensers","8":"product_group-soap_dispensers","9":"product_cat-distributore-di-sapone","10":"product_cat-distributore-di-sapone-it","11":"product_cat-product-line-it","12":"product_cat-simply-eco3-line-it","13":"product_cat-distributori-di-sapone","14":"product_tag-value-it","15":"pa_apparence-manuale","16":"pa_color-color-crema-con-fibre-di-legno","17":"pa_consumable-sapone-liquido-it","18":"pa_content-500-ml-it","19":"pa_drop-size-sapone-liquido-1-2-ml-sapone-schiuma-0-4-ml","20":"pa_material-100-pp-riciclato-con-fibre-di-legno-di-provenienza-europea","21":"pa_packing-carton-1-it-2","22":"pa_ph-range-ph-5-8-it","23":"pa_product-dimensions-lxpxa-120-x-110-x-200-mm","24":"pa_refill-cartridge-a-rabbocco","25":"pa_viscosity-sapone-schiuma-circa-1-5-10-mpa-s-sapone-liquido-0-5-35-dpa-s-circa-503500-mpa-s-disinfettante-circa-15-mpa-s","27":"first","28":"instock","29":"shipping-taxable","30":"product-type-simple"},"acf":[],"aioseo_notices":[],"_links":{"self":[{"href":"https:\/\/www.sci-services.ch\/it\/wp-json\/wp\/v2\/product\/24173","targetHints":{"allow":["GET"]}}],"collection":[{"href":"https:\/\/www.sci-services.ch\/it\/wp-json\/wp\/v2\/product"}],"about":[{"href":"https:\/\/www.sci-services.ch\/it\/wp-json\/wp\/v2\/types\/product"}],"wp:featuredmedia":[{"embeddable":true,"href":"https:\/\/www.sci-services.ch\/it\/wp-json\/wp\/v2\/media\/24169"}],"wp:attachment":[{"href":"https:\/\/www.sci-services.ch\/it\/wp-json\/wp\/v2\/media?parent=24173"}],"wp:term":[{"taxonomy":"product_group","embeddable":true,"href":"https:\/\/www.sci-services.ch\/it\/wp-json\/wp\/v2\/product_group?post=24173"},{"taxonomy":"product_cat","embeddable":true,"href":"https:\/\/www.sci-services.ch\/it\/wp-json\/wp\/v2\/product_cat?post=24173"},{"taxonomy":"product_tag","embeddable":true,"href":"https:\/\/www.sci-services.ch\/it\/wp-json\/wp\/v2\/product_tag?post=24173"}],"curies":[{"name":"wp","href":"https:\/\/api.w.org\/{rel}","templated":true}]}}