{"id":23951,"date":"2025-06-20T12:04:02","date_gmt":"2025-06-20T10:04:02","guid":{"rendered":"https:\/\/www.sci-services.ch\/?post_type=product&#038;p=23951"},"modified":"2025-07-21T11:14:19","modified_gmt":"2025-07-21T09:14:19","slug":"115-manual-copy","status":"publish","type":"product","link":"https:\/\/www.sci-services.ch\/it\/shop\/hygiene-it\/115-manual-copy\/","title":{"rendered":"112"},"content":{"rendered":"<p>Questo dispenser di sapone compatto \u00e8 progettato per un utilizzo semplice e un rifornimento rapido. Funziona con le nostre cartucce di sapone ed \u00e8 compatibile sia con sapone in schiuma che liquido, garantendo versatilit\u00e0 e praticit\u00e0.<\/p>\n","protected":false},"excerpt":{"rendered":"<p>Dispenser di sapone &#8211; 1000 ml &#8211; Manual<\/p>\n","protected":false},"featured_media":23959,"template":"","meta":{"_acf_changed":false},"product_group":[{"id":2051,"name":"Hygiene","slug":"hygiene"},{"id":2068,"name":"Hygiene Dispensers","slug":"hygiene-dispensers"},{"id":2053,"name":"Soap Dispensers","slug":"soap_dispensers"}],"product_cat":[1797,1822,3459,2410,1022,1227],"product_tag":[],"class_list":{"0":"post-23951","1":"product","2":"type-product","3":"status-publish","4":"has-post-thumbnail","6":"product_group-hygiene","7":"product_group-hygiene-dispensers","8":"product_group-soap_dispensers","9":"product_cat-distributore-di-sapone","10":"product_cat-distributore-di-sapone-it","11":"product_cat-milky-eco-line-it","12":"product_cat-product-line-it","13":"product_cat-hygiene-it","14":"product_cat-distributori-di-sapone","15":"pa_apparence-manuale","16":"pa_color-bianco","17":"pa_color-trasparente-bianco","18":"pa_consumable-sapone-liquido-it","19":"pa_consumable-sapone-foam-schiuma","20":"pa_content-1000-ml-it","21":"pa_drop-size-sapone-liquido-1-2-ml-sapone-schiuma-0-4-ml","22":"pa_material-polipropilene-riciclato","23":"pa_packing-carton-1-it-2","24":"pa_packing-pallet-300-it","25":"pa_ph-range-ph-5-8-it","26":"pa_refill-cartridge-a-rabbocco","27":"pa_refill-cartridge-cartuccia","28":"pa_viscosity-sapone-schiuma-circa-1-5-10-mpa-s-sapone-liquido-0-5-35-dpa-s-circa-503500-mpa-s-disinfettante-circa-15-mpa-s","30":"first","31":"instock","32":"shipping-taxable","33":"product-type-simple"},"acf":[],"aioseo_notices":[],"_links":{"self":[{"href":"https:\/\/www.sci-services.ch\/it\/wp-json\/wp\/v2\/product\/23951","targetHints":{"allow":["GET"]}}],"collection":[{"href":"https:\/\/www.sci-services.ch\/it\/wp-json\/wp\/v2\/product"}],"about":[{"href":"https:\/\/www.sci-services.ch\/it\/wp-json\/wp\/v2\/types\/product"}],"wp:featuredmedia":[{"embeddable":true,"href":"https:\/\/www.sci-services.ch\/it\/wp-json\/wp\/v2\/media\/23959"}],"wp:attachment":[{"href":"https:\/\/www.sci-services.ch\/it\/wp-json\/wp\/v2\/media?parent=23951"}],"wp:term":[{"taxonomy":"product_group","embeddable":true,"href":"https:\/\/www.sci-services.ch\/it\/wp-json\/wp\/v2\/product_group?post=23951"},{"taxonomy":"product_cat","embeddable":true,"href":"https:\/\/www.sci-services.ch\/it\/wp-json\/wp\/v2\/product_cat?post=23951"},{"taxonomy":"product_tag","embeddable":true,"href":"https:\/\/www.sci-services.ch\/it\/wp-json\/wp\/v2\/product_tag?post=23951"}],"curies":[{"name":"wp","href":"https:\/\/api.w.org\/{rel}","templated":true}]}}