{"id":24280,"date":"2025-09-10T22:47:35","date_gmt":"2025-09-10T20:47:35","guid":{"rendered":"https:\/\/www.sci-services.ch\/?post_type=product&#038;p=24280"},"modified":"2025-09-10T22:55:09","modified_gmt":"2025-09-10T20:55:09","slug":"visio-80-copy","status":"publish","type":"product","link":"https:\/\/www.sci-services.ch\/fr\/shop\/hygiene-line\/simply-eco2-line-fr\/visio-80-copy\/","title":{"rendered":"V80 Compact"},"content":{"rendered":"<p>\u2022 Robuste pour utilisation intensive<br \/>\n\u2022 Fermeture \u00e0 cl\u00e9<br \/>\n\u2022 Entretien tr\u00e8s facile<br \/>\n\u2022 M\u00e9canisme interne r\u00e9sistant \u00e0 la corrosion<br \/>\n\u2022 Fixation \u00e0 vis<\/p>\n","protected":false},"excerpt":{"rendered":"<p>Distributeur d\u2019essuie-mains textile<\/p>\n","protected":false},"featured_media":24298,"template":"","meta":{"_acf_changed":false},"product_group":[{"id":2078,"name":"Cloth Towel Cabinets","slug":"cloth-towel-cabinets"},{"id":2051,"name":"Hygiene","slug":"hygiene"},{"id":2068,"name":"Hygiene Dispensers","slug":"hygiene-dispensers"}],"product_cat":[2427,2555,543],"product_tag":[],"class_list":{"0":"post-24280","1":"product","2":"type-product","3":"status-publish","4":"has-post-thumbnail","6":"product_group-cloth-towel-cabinets","7":"product_group-hygiene","8":"product_group-hygiene-dispensers","9":"product_cat-hygiene-line","10":"product_cat-simply-eco2-line-fr","11":"product_cat-eco-line-fr","12":"pa_color-blanc","13":"pa_color-gris-transparent","14":"pa_consumable-cotton-roll-fr","15":"pa_packing-carton-1-pce-fr","16":"pa_packing-pallet-24-fr","17":"pa_product-dimensions-415-x-475-x-275-mm-fr","18":"pa_product-dimensions-lxpxh-385-x-260-x-490-mm","20":"first","21":"instock","22":"sold-individually","23":"shipping-taxable","24":"product-type-simple"},"acf":{"last_release":"","document":""},"aioseo_notices":[],"_links":{"self":[{"href":"https:\/\/www.sci-services.ch\/fr\/wp-json\/wp\/v2\/product\/24280","targetHints":{"allow":["GET"]}}],"collection":[{"href":"https:\/\/www.sci-services.ch\/fr\/wp-json\/wp\/v2\/product"}],"about":[{"href":"https:\/\/www.sci-services.ch\/fr\/wp-json\/wp\/v2\/types\/product"}],"wp:featuredmedia":[{"embeddable":true,"href":"https:\/\/www.sci-services.ch\/fr\/wp-json\/wp\/v2\/media\/24298"}],"wp:attachment":[{"href":"https:\/\/www.sci-services.ch\/fr\/wp-json\/wp\/v2\/media?parent=24280"}],"wp:term":[{"taxonomy":"product_group","embeddable":true,"href":"https:\/\/www.sci-services.ch\/fr\/wp-json\/wp\/v2\/product_group?post=24280"},{"taxonomy":"product_cat","embeddable":true,"href":"https:\/\/www.sci-services.ch\/fr\/wp-json\/wp\/v2\/product_cat?post=24280"},{"taxonomy":"product_tag","embeddable":true,"href":"https:\/\/www.sci-services.ch\/fr\/wp-json\/wp\/v2\/product_tag?post=24280"}],"curies":[{"name":"wp","href":"https:\/\/api.w.org\/{rel}","templated":true}]}}