{"id":23962,"date":"2025-06-20T15:39:39","date_gmt":"2025-06-20T13:39:39","guid":{"rendered":"https:\/\/www.sci-services.ch\/?post_type=product&#038;p=23962"},"modified":"2025-06-24T09:45:42","modified_gmt":"2025-06-24T07:45:42","slug":"armoire-5-cases-copy","status":"publish","type":"product","link":"https:\/\/www.sci-services.ch\/fr\/shop\/armoires-fr\/eurostyle-2-fr\/armoire-5-cases-copy\/","title":{"rendered":"Armoire 5 cases INOX"},"content":{"rendered":"<div class=\"det_prd_descri\"><strong>Disponible sur demande<\/strong><\/div>\n<p>Cette nouvelle gamme de casiers est enti\u00e8rement fabriqu\u00e9e en INOX AiSi 304. Ces produits sont disponibles sur demande et soumis \u00e0 des quantit\u00e9s minimales de commande.<br \/>\nCompar\u00e9 aux casiers en acier standard, l&#8217;acier inoxydable offre une r\u00e9sistance sup\u00e9rieure \u00e0 la rouille, un nettoyage plus facile et une dur\u00e9e de vie plus longue \u2014 ce qui en fait un choix id\u00e9al pour les environnements \u00e0 forte humidit\u00e9 ou sensibles \u00e0 l&#8217;hygi\u00e8ne.<br \/>\nCes casiers repr\u00e9sentent la solution id\u00e9ale pour l\u2019industrie agroalimentaire et d\u2019autres secteurs exigeant des syst\u00e8mes de stockage hygi\u00e9niques, durables et \u00e0 la pointe de la technologie.<\/p>\n","protected":false},"excerpt":{"rendered":"<p>Disponible sur demande Cette nouvelle gamme de casiers est enti\u00e8rement fabriqu\u00e9e en INOX AiSi 304. Ces produits sont disponibles sur demande et soumis \u00e0 des quantit\u00e9s minimales de commande. Compar\u00e9 aux casiers en acier standard, l&#8217;acier inoxydable offre une r\u00e9sistance sup\u00e9rieure \u00e0 la rouille, un nettoyage plus facile et une dur\u00e9e de vie plus longue [&hellip;]<\/p>\n","protected":false},"featured_media":17340,"template":"","meta":{"_acf_changed":false},"product_group":[{"id":2062,"name":"Horizontal distribution locker","slug":"horizontal-distribution-locker"},{"id":2061,"name":"Lockers","slug":"lockers"}],"product_cat":[2566,2581,2427],"product_tag":[],"class_list":{"0":"post-23962","1":"product","2":"type-product","3":"status-publish","4":"has-post-thumbnail","6":"product_group-horizontal-distribution-locker","7":"product_group-lockers","8":"product_cat-armoires-fr","9":"product_cat-eurostyle-2-fr","10":"product_cat-hygiene-line","11":"pa_compartment-dimensions-376-x-330-mm-fr","12":"pa_doors-5-fr-2","13":"pa_material-inox-fr","14":"pa_product-dimensions-380x455x1820-mm-fr","16":"first","17":"instock","18":"shipping-taxable","19":"product-type-simple"},"acf":{"last_release":"","document":""},"aioseo_notices":[],"_links":{"self":[{"href":"https:\/\/www.sci-services.ch\/fr\/wp-json\/wp\/v2\/product\/23962","targetHints":{"allow":["GET"]}}],"collection":[{"href":"https:\/\/www.sci-services.ch\/fr\/wp-json\/wp\/v2\/product"}],"about":[{"href":"https:\/\/www.sci-services.ch\/fr\/wp-json\/wp\/v2\/types\/product"}],"wp:featuredmedia":[{"embeddable":true,"href":"https:\/\/www.sci-services.ch\/fr\/wp-json\/wp\/v2\/media\/17340"}],"wp:attachment":[{"href":"https:\/\/www.sci-services.ch\/fr\/wp-json\/wp\/v2\/media?parent=23962"}],"wp:term":[{"taxonomy":"product_group","embeddable":true,"href":"https:\/\/www.sci-services.ch\/fr\/wp-json\/wp\/v2\/product_group?post=23962"},{"taxonomy":"product_cat","embeddable":true,"href":"https:\/\/www.sci-services.ch\/fr\/wp-json\/wp\/v2\/product_cat?post=23962"},{"taxonomy":"product_tag","embeddable":true,"href":"https:\/\/www.sci-services.ch\/fr\/wp-json\/wp\/v2\/product_tag?post=23962"}],"curies":[{"name":"wp","href":"https:\/\/api.w.org\/{rel}","templated":true}]}}