{"id":23884,"date":"2025-06-10T01:08:53","date_gmt":"2025-06-09T23:08:53","guid":{"rendered":"https:\/\/www.sci-services.ch\/?post_type=product&#038;p=23884"},"modified":"2025-06-10T01:15:05","modified_gmt":"2025-06-09T23:15:05","slug":"221-midi-copy","status":"publish","type":"product","link":"https:\/\/www.sci-services.ch\/fr\/shop\/hygiene-line\/milky-eco-line-fr\/221-midi-copy\/","title":{"rendered":"221 MIDI &#038; 220 MINI"},"content":{"rendered":"<p>\u2022 Fermeture \u00e0 cl\u00e9<br \/>\n\u2022 Chargement facile directement dans le couvercle ouvert<br \/>\n\u2022 Disponible pour papier continu, peut \u00eatre transform\u00e9 pour rouleau pr\u00e9d\u00e9coup\u00e9 \u00e0 l\u2019aide du kit adaptable<br \/>\n\u2022 Cl\u00e9 et visserie fournies<\/p>\n","protected":false},"excerpt":{"rendered":"<p>Distributeur essuie\u2010mains \u00e0 d\u00e9vidage central<\/p>\n","protected":false},"featured_media":23886,"template":"","meta":{"_acf_changed":false},"product_group":[],"product_cat":[2427,3454],"product_tag":[],"class_list":{"0":"post-23884","1":"product","2":"type-product","3":"status-publish","4":"has-post-thumbnail","6":"product_cat-hygiene-line","7":"product_cat-milky-eco-line-fr","8":"pa_apparence-a-devidage-central","9":"pa_color-transparent-blanc","10":"pa_consumable-rouleau-papier-fr-2","11":"pa_material-polypropylene-recycle","12":"pa_packing-carton-4-pieces","13":"pa_product-dimensions-230-x-355-x-238-mm-fr","15":"first","16":"instock","17":"shipping-taxable","18":"product-type-simple"},"acf":{"last_release":"","document":""},"aioseo_notices":[],"_links":{"self":[{"href":"https:\/\/www.sci-services.ch\/fr\/wp-json\/wp\/v2\/product\/23884","targetHints":{"allow":["GET"]}}],"collection":[{"href":"https:\/\/www.sci-services.ch\/fr\/wp-json\/wp\/v2\/product"}],"about":[{"href":"https:\/\/www.sci-services.ch\/fr\/wp-json\/wp\/v2\/types\/product"}],"wp:featuredmedia":[{"embeddable":true,"href":"https:\/\/www.sci-services.ch\/fr\/wp-json\/wp\/v2\/media\/23886"}],"wp:attachment":[{"href":"https:\/\/www.sci-services.ch\/fr\/wp-json\/wp\/v2\/media?parent=23884"}],"wp:term":[{"taxonomy":"product_group","embeddable":true,"href":"https:\/\/www.sci-services.ch\/fr\/wp-json\/wp\/v2\/product_group?post=23884"},{"taxonomy":"product_cat","embeddable":true,"href":"https:\/\/www.sci-services.ch\/fr\/wp-json\/wp\/v2\/product_cat?post=23884"},{"taxonomy":"product_tag","embeddable":true,"href":"https:\/\/www.sci-services.ch\/fr\/wp-json\/wp\/v2\/product_tag?post=23884"}],"curies":[{"name":"wp","href":"https:\/\/api.w.org\/{rel}","templated":true}]}}