{"id":23807,"date":"2025-06-10T00:32:23","date_gmt":"2025-06-09T22:32:23","guid":{"rendered":"https:\/\/www.sci-services.ch\/?post_type=product&#038;p=23807"},"modified":"2025-06-10T00:56:44","modified_gmt":"2025-06-09T22:56:44","slug":"522-straight-cut-copy-2","status":"publish","type":"product","link":"https:\/\/www.sci-services.ch\/fr\/shop\/hygiene-line\/milky-eco-line-fr\/522-straight-cut-copy-2\/","title":{"rendered":"522 STRAIGHT CUT"},"content":{"rendered":"<p>Le 522 Straight Cut est la solution id\u00e9ale pour la distribution d\u2019essuie-mains en papier avec une coupe droite, gr\u00e2ce \u00e0 notre<br \/>\nm\u00e9canisme brevet\u00e9, des plus performants et brevet\u00e9s. L\u2019utilisation de mat\u00e9riaux recycl\u00e9s fait de ce distributeur une solution<br \/>\nsolide et durable.<br \/>\n\u2022 Coupe franche du papier (Brevet \u201cstraight cut\u201d system)<br \/>\n\u2022 Test\u00e9 pour couper jusqu\u2019\u00e0 40.000 m de papier (environ 267 rouleaux de 150 m)<br \/>\n\u2022 Une production responsable: Corps du m\u00e9canisme en ABS recycl\u00e9<br \/>\n\u2022 Distribution contr\u00f4l\u00e9e de la longueur (25 cm)<br \/>\n\u2022 Syst\u00e8me captif possible<br \/>\n\u2022 Fermeture \u00e0 cl\u00e9 (cl\u00e9 permanente optionnel)<br \/>\n\u2022 Roue lat\u00e9rale rotative antibact\u00e9rienne<br \/>\n\u2022 Stabilit\u00e9 au mur am\u00e9lior\u00e9e et r\u00e9duction du bruit gr\u00e2ce aux pieds en caoutchouc sur le fond<br \/>\n\u2022 Charni\u00e8res en m\u00e9tal<br \/>\n\u2022 Ajustement des bras possible, sans avoir \u00e0 retirer le distributeur du mur<br \/>\n\u2022 Cl\u00e9 et visserie fournies<\/p>\n","protected":false},"excerpt":{"rendered":"<p>Distributeur essuie-mains papier en rouleau \u00e0 coupe franche et automatique<\/p>\n","protected":false},"featured_media":23873,"template":"","meta":{"_acf_changed":false},"product_group":[{"id":2077,"name":"Hand Towel Dispensers","slug":"hand-towel-dispensers-2"},{"id":2068,"name":"Hygiene Dispensers","slug":"hygiene-dispensers"}],"product_cat":[1829,2427,3454,497,535,548],"product_tag":[],"class_list":{"0":"post-23807","1":"product","2":"type-product","3":"status-publish","4":"has-post-thumbnail","6":"product_group-hand-towel-dispensers-2","7":"product_group-hygiene-dispensers","8":"product_cat-distributeurs-de-rouleaux-de-papier","9":"product_cat-hygiene-line","10":"product_cat-milky-eco-line-fr","11":"product_cat-hygiene-fr","12":"product_cat-distributeurs-essuie-mains","13":"product_cat-papercut-line-fr-2","14":"pa_apparence-automatic-straight-cut-fr","15":"pa_color-blanc","16":"pa_color-transparent-blanc","17":"pa_content-rouleau-papier-1-2-ou-3-plis-max-o210-mm-laize-180-220-mm","18":"pa_packing-carton-1-pce-fr","19":"pa_packing-pallet-2902","20":"pa_product-dimensions-322-x-320-x-230-mm-fr","22":"first","23":"instock","24":"shipping-taxable","25":"product-type-simple"},"acf":{"last_release":"","document":""},"aioseo_notices":[],"_links":{"self":[{"href":"https:\/\/www.sci-services.ch\/fr\/wp-json\/wp\/v2\/product\/23807","targetHints":{"allow":["GET"]}}],"collection":[{"href":"https:\/\/www.sci-services.ch\/fr\/wp-json\/wp\/v2\/product"}],"about":[{"href":"https:\/\/www.sci-services.ch\/fr\/wp-json\/wp\/v2\/types\/product"}],"wp:featuredmedia":[{"embeddable":true,"href":"https:\/\/www.sci-services.ch\/fr\/wp-json\/wp\/v2\/media\/23873"}],"wp:attachment":[{"href":"https:\/\/www.sci-services.ch\/fr\/wp-json\/wp\/v2\/media?parent=23807"}],"wp:term":[{"taxonomy":"product_group","embeddable":true,"href":"https:\/\/www.sci-services.ch\/fr\/wp-json\/wp\/v2\/product_group?post=23807"},{"taxonomy":"product_cat","embeddable":true,"href":"https:\/\/www.sci-services.ch\/fr\/wp-json\/wp\/v2\/product_cat?post=23807"},{"taxonomy":"product_tag","embeddable":true,"href":"https:\/\/www.sci-services.ch\/fr\/wp-json\/wp\/v2\/product_tag?post=23807"}],"curies":[{"name":"wp","href":"https:\/\/api.w.org\/{rel}","templated":true}]}}