{"id":23331,"date":"2025-02-25T15:08:10","date_gmt":"2025-02-25T14:08:10","guid":{"rendered":"https:\/\/www.sci-services.ch\/shop\/non%20class\u00e9\/395-new\/"},"modified":"2025-03-10T12:03:58","modified_gmt":"2025-03-10T11:03:58","slug":"395-new","status":"publish","type":"product","link":"https:\/\/www.sci-services.ch\/fr\/shop\/hygiene-line\/metal-line-fr-2\/395-new\/","title":{"rendered":"395 NEW"},"content":{"rendered":"<p>Notre porte-bobine industiel est un choix id\u00e9al notamment pour toute installation n\u00e9cessitant de la durabilit\u00e9 et de l\u2019efficacit\u00e9. Con\u00e7u pour r\u00e9sister \u00e0 un usage intensif, ce support robuste, fiable et performant est \u00e9galement \u00e9quip\u00e9 de patins\u00a0 antid\u00e9rapants. Son emballage plat, permettant un stockage effi cace et pratique, et son assemblage facile sont un gain de temps et d\u2019espace non n\u00e9gligeable.<\/p>\n<p>\u2022 Finition en poudre \u00e9poxy de haute qualit\u00e9<br \/>\n\u2022 C\u00f4nes, avec ressorts pour maintenir le papier dans la position souhait\u00e9e<br \/>\n\u2022 Robustesse id\u00e9ale en cas d\u2019une utilisation intensive, dans des environnements industriels, notamment<br \/>\n\u2022 Pieds antid\u00e9rapants en caoutchouc (pour une stabilit\u00e9 optimale)<br \/>\n\u2022 Livraison en kit dans un emballage plat pour stockage pratique &#8211; assemblage facile<\/p>\n","protected":false},"excerpt":{"rendered":"<p>Porte bobine industriel sol<\/p>\n","protected":false},"featured_media":23375,"template":"","meta":{"_acf_changed":false},"product_group":[{"id":2077,"name":"Hand Towel Dispensers","slug":"hand-towel-dispensers-2"},{"id":2051,"name":"Hygiene","slug":"hygiene"},{"id":2068,"name":"Hygiene Dispensers","slug":"hygiene-dispensers"},{"id":2073,"name":"Paper","slug":"paper"}],"product_cat":[2427,2450],"product_tag":[],"class_list":{"0":"post-23331","1":"product","2":"type-product","3":"status-publish","4":"has-post-thumbnail","6":"product_group-hand-towel-dispensers-2","7":"product_group-hygiene","8":"product_group-hygiene-dispensers","9":"product_group-paper","10":"product_cat-hygiene-line","11":"product_cat-metal-line-fr-2","12":"pa_apparence-sol","13":"pa_color-blanc","14":"pa_consumable-rouleau-papier-fr-2","15":"pa_material-acier-fr","16":"pa_packing-carton-1-pce-fr","17":"pa_packing-pallet-100-pieces","18":"pa_product-dimensions-lxhxp-420-x-890-x-440-mm","20":"first","21":"instock","22":"shipping-taxable","23":"product-type-simple"},"acf":{"last_release":"","document":""},"aioseo_notices":[],"_links":{"self":[{"href":"https:\/\/www.sci-services.ch\/fr\/wp-json\/wp\/v2\/product\/23331","targetHints":{"allow":["GET"]}}],"collection":[{"href":"https:\/\/www.sci-services.ch\/fr\/wp-json\/wp\/v2\/product"}],"about":[{"href":"https:\/\/www.sci-services.ch\/fr\/wp-json\/wp\/v2\/types\/product"}],"wp:featuredmedia":[{"embeddable":true,"href":"https:\/\/www.sci-services.ch\/fr\/wp-json\/wp\/v2\/media\/23375"}],"wp:attachment":[{"href":"https:\/\/www.sci-services.ch\/fr\/wp-json\/wp\/v2\/media?parent=23331"}],"wp:term":[{"taxonomy":"product_group","embeddable":true,"href":"https:\/\/www.sci-services.ch\/fr\/wp-json\/wp\/v2\/product_group?post=23331"},{"taxonomy":"product_cat","embeddable":true,"href":"https:\/\/www.sci-services.ch\/fr\/wp-json\/wp\/v2\/product_cat?post=23331"},{"taxonomy":"product_tag","embeddable":true,"href":"https:\/\/www.sci-services.ch\/fr\/wp-json\/wp\/v2\/product_tag?post=23331"}],"curies":[{"name":"wp","href":"https:\/\/api.w.org\/{rel}","templated":true}]}}