{"id":23216,"date":"2023-02-13T21:44:11","date_gmt":"2023-02-13T20:44:11","guid":{"rendered":"https:\/\/www.sci-services.ch\/shop\/non%20class\u00e9\/522-sensor\/"},"modified":"2025-02-19T17:07:22","modified_gmt":"2025-02-19T16:07:22","slug":"522-sensor","status":"publish","type":"product","link":"https:\/\/www.sci-services.ch\/fr\/shop\/hygiene-line\/simply-eco2-line-fr\/522-sensor\/","title":{"rendered":"522 Sensor"},"content":{"rendered":"<p>Le distributeur d\u2019essuie-mains papier 522 Sensor en rouleau \u00e0 d\u00e9tection automatique assure une hygi\u00e8ne maximale, gr\u00e2ce \u00e0 son syst\u00e8me de distribution sans contact. La longueur du papier octroy\u00e9 peut \u00eatre r\u00e9gl\u00e9e sur 3 tailles diff\u00e9rentes ou sur un fonction de distribution automatique sp\u00e9cifi que. L\u2019utilisation de mat\u00e9riaux recycl\u00e9s fait de ce distributeur une solution solide et durable.<br \/>La possibilit\u00e9 de passer \u00e0 la version straight cut (057904\/001) et vice versa est facilit\u00e9e.<\/p>\n<p>\u2022 Hygi\u00e9nique, car sans contact manuel<br \/>\u2022 Syst\u00e8me de verrouillage \u00e0 cl\u00e9 avec une cl\u00e9 permanente en option<br \/>\u2022 Supports (yokes) pouvant \u00eatre r\u00e9gl\u00e9s sans retirer le distributeur du mur<br \/>\u2022 Vue claire des consommables, garantissant leur remplacement en temps voulu<br \/>\u2022 Longueur de distribution r\u00e9glable: 3 tailles \u00e0 choix (S,M,L) et fonction distribution automatique (S,M,L)<br \/>\u2022 Ecologique: produit avec des mat\u00e9riaux recycl\u00e9s et recyclables<br \/>\u2022 Bo\u00eete en carton enti\u00e8rement recycl\u00e9 et sacs en plastique recycl\u00e9<br \/>\u2022 Installation facilit\u00e9 gr\u00e2ce \u00e0 la pr\u00e9sence d\u2019un niveau \u00e0 bulle<br \/>\u2022 Stabilit\u00e9 au mur am\u00e9lior\u00e9e et r\u00e9duction du bruit gr\u00e2ce aux pieds en caoutchouc sur le fond<\/p>\n","protected":false},"excerpt":{"rendered":"<p>Distributeur essuie-mains papier en rouleau \u00e0 d\u00e9tection automatique<\/p>\n","protected":false},"featured_media":20596,"template":"","meta":{"_acf_changed":false},"product_group":[{"id":2077,"name":"Hand Towel Dispensers","slug":"hand-towel-dispensers-2"},{"id":2051,"name":"Hygiene","slug":"hygiene"},{"id":2068,"name":"Hygiene Dispensers","slug":"hygiene-dispensers"}],"product_cat":[2427,2555,543,548],"product_tag":[],"class_list":{"0":"post-23216","1":"product","2":"type-product","3":"status-publish","4":"has-post-thumbnail","6":"product_group-hand-towel-dispensers-2","7":"product_group-hygiene","8":"product_group-hygiene-dispensers","9":"product_cat-hygiene-line","10":"product_cat-simply-eco2-line-fr","11":"product_cat-eco-line-fr","12":"product_cat-papercut-line-fr-2","13":"pa_apparence-sensor-fr","14":"pa_consumable-rouleau-papier-fr-2","15":"pa_content-rouleau-papier-1-2-ou-3-plis-max-o210-mm-laize-180-220-mm","16":"pa_packing-carton-1-pce-fr","17":"pa_packing-pallet-2902","18":"pa_product-dimensions-322-x-320-x-230-mm-fr","20":"first","21":"instock","22":"shipping-taxable","23":"product-type-simple"},"acf":{"last_release":"","document":""},"aioseo_notices":[],"_links":{"self":[{"href":"https:\/\/www.sci-services.ch\/fr\/wp-json\/wp\/v2\/product\/23216","targetHints":{"allow":["GET"]}}],"collection":[{"href":"https:\/\/www.sci-services.ch\/fr\/wp-json\/wp\/v2\/product"}],"about":[{"href":"https:\/\/www.sci-services.ch\/fr\/wp-json\/wp\/v2\/types\/product"}],"wp:featuredmedia":[{"embeddable":true,"href":"https:\/\/www.sci-services.ch\/fr\/wp-json\/wp\/v2\/media\/20596"}],"wp:attachment":[{"href":"https:\/\/www.sci-services.ch\/fr\/wp-json\/wp\/v2\/media?parent=23216"}],"wp:term":[{"taxonomy":"product_group","embeddable":true,"href":"https:\/\/www.sci-services.ch\/fr\/wp-json\/wp\/v2\/product_group?post=23216"},{"taxonomy":"product_cat","embeddable":true,"href":"https:\/\/www.sci-services.ch\/fr\/wp-json\/wp\/v2\/product_cat?post=23216"},{"taxonomy":"product_tag","embeddable":true,"href":"https:\/\/www.sci-services.ch\/fr\/wp-json\/wp\/v2\/product_tag?post=23216"}],"curies":[{"name":"wp","href":"https:\/\/api.w.org\/{rel}","templated":true}]}}