{"id":22325,"date":"2023-11-01T10:09:44","date_gmt":"2023-11-01T09:09:45","guid":{"rendered":"https:\/\/www.sci-services.ch\/?post_type=product&#038;p=22325"},"modified":"2024-03-08T16:05:16","modified_gmt":"2024-03-08T15:05:16","slug":"245-maxi-jumbo-copy","status":"publish","type":"product","link":"https:\/\/www.sci-services.ch\/fr\/shop\/hygiene-line\/simply-eco2-line-fr\/245-maxi-jumbo-copy\/","title":{"rendered":"Distributeur de papier hygi\u00e9nique 245 MAXI JUMBO"},"content":{"rendered":"<p>Le nouveau Maxi Jumbo 245, plus compact, s\u2019adapte \u00e0 tous les types de rouleaux de papier toilette, jusqu\u2019\u00e0 \u00f8 280 mm et repr\u00e9sente une solution id\u00e9ale, notamment\u00a0 pour des WC plus exigus.<br \/>\nPar son design et ses panneaux de chaque c\u00f4t\u00e9 de l\u2019ouverture, il assure une protection efficace du papier.<\/p>\n","protected":false},"excerpt":{"rendered":"<p>Distributeur de papier hygi\u00e9nique<\/p>\n","protected":false},"featured_media":22326,"template":"","meta":{"_acf_changed":false},"product_group":[{"id":2051,"name":"Hygiene","slug":"hygiene"},{"id":2068,"name":"Hygiene Dispensers","slug":"hygiene-dispensers"},{"id":2060,"name":"Toilet Dispensers","slug":"toilet-dispensers"}],"product_cat":[2427,2555],"product_tag":[],"class_list":{"0":"post-22325","1":"product","2":"type-product","3":"status-publish","4":"has-post-thumbnail","6":"product_group-hygiene","7":"product_group-hygiene-dispensers","8":"product_group-toilet-dispensers","9":"product_cat-hygiene-line","10":"product_cat-simply-eco2-line-fr","11":"pa_color-gris","12":"pa_color-couvercle-blanc-fr","13":"pa_consumable-rouleau-papier-fr-3","14":"pa_material-fond-abs-de-premier-choix-100-regenere-couvercle-ps-resistant-au-choc-25-recycle-fr","15":"pa_packing-carton-1-pce-fr","16":"pa_product-dimensions-lxpxh-300-x-130-x-340-mm","18":"first","19":"instock","20":"shipping-taxable","21":"product-type-simple"},"acf":{"last_release":"","document":""},"aioseo_notices":[],"_links":{"self":[{"href":"https:\/\/www.sci-services.ch\/fr\/wp-json\/wp\/v2\/product\/22325","targetHints":{"allow":["GET"]}}],"collection":[{"href":"https:\/\/www.sci-services.ch\/fr\/wp-json\/wp\/v2\/product"}],"about":[{"href":"https:\/\/www.sci-services.ch\/fr\/wp-json\/wp\/v2\/types\/product"}],"wp:featuredmedia":[{"embeddable":true,"href":"https:\/\/www.sci-services.ch\/fr\/wp-json\/wp\/v2\/media\/22326"}],"wp:attachment":[{"href":"https:\/\/www.sci-services.ch\/fr\/wp-json\/wp\/v2\/media?parent=22325"}],"wp:term":[{"taxonomy":"product_group","embeddable":true,"href":"https:\/\/www.sci-services.ch\/fr\/wp-json\/wp\/v2\/product_group?post=22325"},{"taxonomy":"product_cat","embeddable":true,"href":"https:\/\/www.sci-services.ch\/fr\/wp-json\/wp\/v2\/product_cat?post=22325"},{"taxonomy":"product_tag","embeddable":true,"href":"https:\/\/www.sci-services.ch\/fr\/wp-json\/wp\/v2\/product_tag?post=22325"}],"curies":[{"name":"wp","href":"https:\/\/api.w.org\/{rel}","templated":true}]}}