{"id":21305,"date":"2022-10-03T14:39:06","date_gmt":"2022-10-03T12:39:06","guid":{"rendered":"https:\/\/www.sci-services.ch\/shop\/non%20class\u00e9\/430140-052\/"},"modified":"2023-05-25T22:50:42","modified_gmt":"2023-05-25T20:50:42","slug":"430140-052","status":"publish","type":"product","link":"https:\/\/www.sci-services.ch\/fr\/shop\/armoires-fr\/click-o-matic-professional-fr\/430140-052\/","title":{"rendered":"Armoire 10 compartiments"},"content":{"rendered":"<p>430140\/052\u2013 Flat Pack<br \/>\n430140\/152 \u2013 Assembl\u00e9<\/p>\n<p>\u2022 Syst\u00e8me r\u00e9volutionnaire \u2018click\u2019 \u2013 brevet d\u00e9pos\u00e9<br \/>\n\u2022 Disponible en \u2018flat pack\u2019 pour un stockage dans des espaces r\u00e9duits<br \/>\n\u2022 Assemblage facile, pour une maintenance pratique sur site<br \/>\n\u2022 Assemblage en cinq minutes par une personne, sans outil<br \/>\n\u2022 Structure robuste et solide<br \/>\n\u2022 Couleurs standard: corps blanc et portes gris fonc\u00e9<br \/>\n\u2022 Couleurs optionnelles des portes pour personnalisation des armoires: bleu, rouge ou blanc<br \/>\n\u2022 Une seule porte principale avec cl\u00e9 unique<br \/>\n\u2022 Pieds ajustables<br \/>\n\u2022 Poign\u00e9es de protection<br \/>\n\u2022 Trous de ventilation<br \/>\n\u2022 Acier zingu\u00e9 avec rev\u00eatement \u00e9poxy r\u00e9sistant<\/p>\n","protected":false},"excerpt":{"rendered":"<p>Armoire 10 compartiments, distribution horizontale, Corps blanc coquille , portes bleu fonc\u00e9<\/p>\n","protected":false},"featured_media":17159,"template":"","meta":{"_acf_changed":false},"product_group":[{"id":2062,"name":"Horizontal distribution locker","slug":"horizontal-distribution-locker"},{"id":2061,"name":"Lockers","slug":"lockers"}],"product_cat":[2566,2578,2427],"product_tag":[],"class_list":{"0":"post-21305","1":"product","2":"type-product","3":"status-publish","4":"has-post-thumbnail","6":"product_group-horizontal-distribution-locker","7":"product_group-lockers","8":"product_cat-armoires-fr","9":"product_cat-click-o-matic-professional-fr","10":"product_cat-hygiene-line","11":"pa_color-blanc-coquillage-shell-white","12":"pa_color-bleu-fonce","13":"pa_compartment-dimensions-380-x-165-mm-fr","14":"pa_doors-10-fr-2","15":"pa_material-acier-renforce-epoxy-plaque-zinc","16":"pa_product-dimensions-380-x-515-x-1820-mm-fr","18":"first","19":"instock","20":"shipping-taxable","21":"product-type-simple"},"acf":{"last_release":"","document":""},"aioseo_notices":[],"_links":{"self":[{"href":"https:\/\/www.sci-services.ch\/fr\/wp-json\/wp\/v2\/product\/21305","targetHints":{"allow":["GET"]}}],"collection":[{"href":"https:\/\/www.sci-services.ch\/fr\/wp-json\/wp\/v2\/product"}],"about":[{"href":"https:\/\/www.sci-services.ch\/fr\/wp-json\/wp\/v2\/types\/product"}],"wp:featuredmedia":[{"embeddable":true,"href":"https:\/\/www.sci-services.ch\/fr\/wp-json\/wp\/v2\/media\/17159"}],"wp:attachment":[{"href":"https:\/\/www.sci-services.ch\/fr\/wp-json\/wp\/v2\/media?parent=21305"}],"wp:term":[{"taxonomy":"product_group","embeddable":true,"href":"https:\/\/www.sci-services.ch\/fr\/wp-json\/wp\/v2\/product_group?post=21305"},{"taxonomy":"product_cat","embeddable":true,"href":"https:\/\/www.sci-services.ch\/fr\/wp-json\/wp\/v2\/product_cat?post=21305"},{"taxonomy":"product_tag","embeddable":true,"href":"https:\/\/www.sci-services.ch\/fr\/wp-json\/wp\/v2\/product_tag?post=21305"}],"curies":[{"name":"wp","href":"https:\/\/api.w.org\/{rel}","templated":true}]}}