{"id":21234,"date":"2022-09-27T16:00:55","date_gmt":"2022-09-27T14:00:55","guid":{"rendered":"https:\/\/www.sci-services.ch\/shop\/non class\u00e9\/057536-004\/"},"modified":"2022-09-27T16:00:55","modified_gmt":"2022-09-27T14:00:55","slug":"057536-004","status":"publish","type":"product","link":"https:\/\/www.sci-services.ch\/fr\/shop\/hygiene-line\/visio-line-fr-2\/057536-004\/","title":{"rendered":"A97"},"content":{"rendered":"<p>\u2022 Contenu: rouleau papier 2 ou 3 pli<br \/>\n\u2022 Coupe franche du papier (Brevet\u00e9 \u201cclean-cut\u201d system)<br \/>\n\u2022 Chargement tr\u00e8s facile de l\u2019appareil<br \/>\n\u2022 R\u00e9pond aux normes HACCP<br \/>\n\u2022 Economique: Distribution contr\u00f4l\u00e9e des formats (25 cm)<br \/>\n\u2022 Possibilit\u00e9 de syst\u00e8me captif propri\u00e9taire<\/p>\n","protected":false},"excerpt":{"rendered":"<p>Distributeur d\u2019essuie-mains \u00e0 d\u00e9coupe automatique<\/p>\n","protected":false},"featured_media":0,"template":"","meta":{"_acf_changed":false},"product_group":[{"id":2077,"name":"Hand Towel Dispensers","slug":"hand-towel-dispensers-2"},{"id":2051,"name":"Hygiene","slug":"hygiene"},{"id":2068,"name":"Hygiene Dispensers","slug":"hygiene-dispensers"}],"product_cat":[2427,2570],"product_tag":[],"class_list":{"0":"post-21234","1":"product","2":"type-product","3":"status-publish","5":"product_group-hand-towel-dispensers-2","6":"product_group-hygiene","7":"product_group-hygiene-dispensers","8":"product_cat-hygiene-line","9":"product_cat-visio-line-fr-2","10":"pa_color-blanc","11":"pa_color-couvercle-bleu-transparent","12":"pa_color-roue-rouge","13":"pa_consumable-rouleau-papier-fr-2","14":"pa_material-abs-san-fr","15":"pa_packing-carton-1-pce-fr","16":"pa_packing-pallet-2899","17":"pa_product-dimensions-322-x-310-x-230-mm-fr","19":"first","20":"instock","21":"shipping-taxable","22":"product-type-simple"},"acf":{"last_release":"","document":""},"aioseo_notices":[],"_links":{"self":[{"href":"https:\/\/www.sci-services.ch\/fr\/wp-json\/wp\/v2\/product\/21234","targetHints":{"allow":["GET"]}}],"collection":[{"href":"https:\/\/www.sci-services.ch\/fr\/wp-json\/wp\/v2\/product"}],"about":[{"href":"https:\/\/www.sci-services.ch\/fr\/wp-json\/wp\/v2\/types\/product"}],"wp:attachment":[{"href":"https:\/\/www.sci-services.ch\/fr\/wp-json\/wp\/v2\/media?parent=21234"}],"wp:term":[{"taxonomy":"product_group","embeddable":true,"href":"https:\/\/www.sci-services.ch\/fr\/wp-json\/wp\/v2\/product_group?post=21234"},{"taxonomy":"product_cat","embeddable":true,"href":"https:\/\/www.sci-services.ch\/fr\/wp-json\/wp\/v2\/product_cat?post=21234"},{"taxonomy":"product_tag","embeddable":true,"href":"https:\/\/www.sci-services.ch\/fr\/wp-json\/wp\/v2\/product_tag?post=21234"}],"curies":[{"name":"wp","href":"https:\/\/api.w.org\/{rel}","templated":true}]}}