{"id":21031,"date":"2022-09-27T16:01:08","date_gmt":"2022-09-27T14:01:08","guid":{"rendered":"https:\/\/www.sci-services.ch\/shop\/non class\u00e9\/321100-002\/"},"modified":"2022-09-27T16:01:08","modified_gmt":"2022-09-27T14:01:08","slug":"321100-002","status":"publish","type":"product","link":"https:\/\/www.sci-services.ch\/fr\/shop\/hygiene-line\/dispenser-line-fr-2\/321100-002\/","title":{"rendered":"222 MAXI"},"content":{"rendered":"<p>\u2022 Robuste pour utilisation intensive<br \/>\n\u2022 Fermeture \u00e0 cl\u00e9<br \/>\n\u2022 Chargement facile directement dans le couvercle ouvert<br \/>\n\u2022 Disponible pour papier continu, peut \u00eatre transform\u00e9 pour rouleau pr\u00e9d\u00e9coup\u00e9 \u00e0 l\u2019aide du kit adaptable<br \/>\n\u2022 Cl\u00e9 et visserie fournies<\/p>\n","protected":false},"excerpt":{"rendered":"<div class=\"has_eae_slider elementor-column elementor-col-50 elementor-top-column elementor-element elementor-element-5de25fd0 photo-detail\" data-id=\"5de25fd0\" data-element_type=\"column\">\n<div class=\"elementor-widget-wrap elementor-element-populated\">\n<div class=\"elementor-element elementor-element-2c9af438 elementor-widget elementor-widget-woocommerce-product-short-description\" data-id=\"2c9af438\" data-element_type=\"widget\" data-widget_type=\"woocommerce-product-short-description.default\">\n<div class=\"elementor-widget-container\">\n<div class=\"woocommerce-product-details__short-description\">\n<p>Distributeur essuie-mains Mini \u00e0 d\u00e9vidage central<\/p>\n<\/div>\n<\/div>\n<\/div>\n<\/div>\n<\/div>\n","protected":false},"featured_media":0,"template":"","meta":{"_acf_changed":false},"product_group":[{"id":2077,"name":"Hand Towel Dispensers","slug":"hand-towel-dispensers-2"},{"id":2051,"name":"Hygiene","slug":"hygiene"},{"id":2068,"name":"Hygiene Dispensers","slug":"hygiene-dispensers"}],"product_cat":[2428,2427],"product_tag":[],"class_list":{"0":"post-21031","1":"product","2":"type-product","3":"status-publish","5":"product_group-hand-towel-dispensers-2","6":"product_group-hygiene","7":"product_group-hygiene-dispensers","8":"product_cat-dispenser-line-fr-2","9":"product_cat-hygiene-line","10":"pa_color-blanc","11":"pa_consumable-rouleau-papier-fr-2","12":"pa_packing-carton-1-pce-fr","13":"pa_packing-pallet-2911","14":"pa_product-dimensions-240-x-340-x-270-mm-fr","16":"first","17":"instock","18":"shipping-taxable","19":"product-type-simple"},"acf":{"last_release":"","document":""},"aioseo_notices":[],"_links":{"self":[{"href":"https:\/\/www.sci-services.ch\/fr\/wp-json\/wp\/v2\/product\/21031","targetHints":{"allow":["GET"]}}],"collection":[{"href":"https:\/\/www.sci-services.ch\/fr\/wp-json\/wp\/v2\/product"}],"about":[{"href":"https:\/\/www.sci-services.ch\/fr\/wp-json\/wp\/v2\/types\/product"}],"wp:attachment":[{"href":"https:\/\/www.sci-services.ch\/fr\/wp-json\/wp\/v2\/media?parent=21031"}],"wp:term":[{"taxonomy":"product_group","embeddable":true,"href":"https:\/\/www.sci-services.ch\/fr\/wp-json\/wp\/v2\/product_group?post=21031"},{"taxonomy":"product_cat","embeddable":true,"href":"https:\/\/www.sci-services.ch\/fr\/wp-json\/wp\/v2\/product_cat?post=21031"},{"taxonomy":"product_tag","embeddable":true,"href":"https:\/\/www.sci-services.ch\/fr\/wp-json\/wp\/v2\/product_tag?post=21031"}],"curies":[{"name":"wp","href":"https:\/\/api.w.org\/{rel}","templated":true}]}}