{"id":20944,"date":"2023-02-13T16:18:58","date_gmt":"2023-02-13T15:18:58","guid":{"rendered":"https:\/\/www.sci-services.ch\/shop\/non%20class\u00e9\/522-straight-cut\/"},"modified":"2025-02-10T13:50:40","modified_gmt":"2025-02-10T12:50:40","slug":"522-straight-cut","status":"publish","type":"product","link":"https:\/\/www.sci-services.ch\/fr\/shop\/hygiene-line\/simply-eco2-line-fr\/522-straight-cut\/","title":{"rendered":"522 STRAIGHT CUT"},"content":{"rendered":"<p>Le 522 Straight Cut est la solution id\u00e9ale pour la distribution d\u2019essuie-mains en papier avec une coupe droite, gr\u00e2ce \u00e0 notre<br \/>\nm\u00e9canisme brevet\u00e9, des plus performants et brevet\u00e9s. L\u2019utilisation de mat\u00e9riaux recycl\u00e9s fait de ce distributeur une solution<br \/>\nsolide et durable.<br \/>\n\u2022 Coupe franche du papier (Brevet \u201cstraight cut\u201d system)<br \/>\n\u2022 Passage facile \u00e0 la version sensor no touch (057934\/001) et vice versa<br \/>\n\u2022 Test\u00e9 pour couper jusqu\u2019\u00e0 40.000 m de papier (environ 267 rouleaux de 150 m)<br \/>\n\u2022 Une production responsable:<br \/>\nFond: ABS 100% recycl\u00e9 \/ Couvercle: PS r\u00e9sistant au choc \u2013 25% recycl\u00e9 \/ Corps du m\u00e9canisme en ABS recycl\u00e9<br \/>\n\u2022 Distribution contr\u00f4l\u00e9e de la longueur (25 cm)<br \/>\n\u2022 Syst\u00e8me captif possible<br \/>\n\u2022 Fermeture \u00e0 cl\u00e9 (cl\u00e9 permanente optionnel)<br \/>\n\u2022 Roue lat\u00e9rale rotative antibact\u00e9rienne<br \/>\n\u2022 Installation facilit\u00e9e gr\u00e2ce \u00e0 la pr\u00e9sence d\u2019un niveau \u00e0 bulle<br \/>\n\u2022 Stabilit\u00e9 au mur am\u00e9lior\u00e9e et r\u00e9duction du bruit gr\u00e2ce aux pieds en caoutchouc sur le fond<br \/>\n\u2022 Charni\u00e8res en m\u00e9tal<br \/>\n\u2022 Ajustement des bras possible, sans avoir \u00e0 retirer le distributeur du mur<br \/>\n\u2022 Cl\u00e9 et visserie fournies<\/p>\n<p><iframe title=\"SCI-Services - 522 Straight Cut paper dispenser\" width=\"800\" height=\"450\" src=\"https:\/\/www.youtube.com\/embed\/eYfN5dmzhxA?feature=oembed\" frameborder=\"0\" allow=\"accelerometer; autoplay; clipboard-write; encrypted-media; gyroscope; picture-in-picture; web-share\" referrerpolicy=\"strict-origin-when-cross-origin\" allowfullscreen><\/iframe><\/p>\n","protected":false},"excerpt":{"rendered":"<p>Distributeur essuie-mains papier en rouleau \u00e0 coupe franche et automatique<\/p>\n","protected":false},"featured_media":20604,"template":"","meta":{"_acf_changed":false},"product_group":[{"id":2077,"name":"Hand Towel Dispensers","slug":"hand-towel-dispensers-2"},{"id":2051,"name":"Hygiene","slug":"hygiene"},{"id":2068,"name":"Hygiene Dispensers","slug":"hygiene-dispensers"}],"product_cat":[1829,2427,2555,535,548],"product_tag":[],"class_list":{"0":"post-20944","1":"product","2":"type-product","3":"status-publish","4":"has-post-thumbnail","6":"product_group-hand-towel-dispensers-2","7":"product_group-hygiene","8":"product_group-hygiene-dispensers","9":"product_cat-distributeurs-de-rouleaux-de-papier","10":"product_cat-hygiene-line","11":"product_cat-simply-eco2-line-fr","12":"product_cat-distributeurs-essuie-mains","13":"product_cat-papercut-line-fr-2","14":"pa_apparence-automatic-straight-cut-fr","15":"pa_content-rouleau-papier-1-2-ou-3-plis-max-o210-mm-laize-180-220-mm","16":"pa_packing-carton-1-pce-fr","17":"pa_packing-pallet-2902","18":"pa_product-dimensions-322-x-320-x-230-mm-fr","20":"first","21":"instock","22":"shipping-taxable","23":"product-type-simple"},"acf":{"last_release":"","document":""},"aioseo_notices":[],"_links":{"self":[{"href":"https:\/\/www.sci-services.ch\/fr\/wp-json\/wp\/v2\/product\/20944","targetHints":{"allow":["GET"]}}],"collection":[{"href":"https:\/\/www.sci-services.ch\/fr\/wp-json\/wp\/v2\/product"}],"about":[{"href":"https:\/\/www.sci-services.ch\/fr\/wp-json\/wp\/v2\/types\/product"}],"wp:featuredmedia":[{"embeddable":true,"href":"https:\/\/www.sci-services.ch\/fr\/wp-json\/wp\/v2\/media\/20604"}],"wp:attachment":[{"href":"https:\/\/www.sci-services.ch\/fr\/wp-json\/wp\/v2\/media?parent=20944"}],"wp:term":[{"taxonomy":"product_group","embeddable":true,"href":"https:\/\/www.sci-services.ch\/fr\/wp-json\/wp\/v2\/product_group?post=20944"},{"taxonomy":"product_cat","embeddable":true,"href":"https:\/\/www.sci-services.ch\/fr\/wp-json\/wp\/v2\/product_cat?post=20944"},{"taxonomy":"product_tag","embeddable":true,"href":"https:\/\/www.sci-services.ch\/fr\/wp-json\/wp\/v2\/product_tag?post=20944"}],"curies":[{"name":"wp","href":"https:\/\/api.w.org\/{rel}","templated":true}]}}