{"id":20187,"date":"2022-09-27T16:00:53","date_gmt":"2022-09-27T14:00:53","guid":{"rendered":"https:\/\/www.sci-services.ch\/shop\/non%20class\u00e9\/011507-002\/"},"modified":"2023-03-06T13:25:03","modified_gmt":"2023-03-06T12:25:03","slug":"011507-002","status":"publish","type":"product","link":"https:\/\/www.sci-services.ch\/fr\/shop\/hygiene-line\/visio-line-fr-2\/011507-002\/","title":{"rendered":"VISIO 80"},"content":{"rendered":"<p>\u2022 Robuste pour utilisation intensive<br \/>\n\u2022 Enti\u00e8rement m\u00e9canique<br \/>\n\u2022 Fermeture \u00e0 cl\u00e9<br \/>\n\u2022 Visualisation permanente du consommable<br \/>\n\u2022 Entretien tr\u00e8s facile<br \/>\n\u2022 Pas de perte<br \/>\n\u2022 Anti-vandalisme<br \/>\n\u2022 M\u00e9canisme interne r\u00e9sistant \u00e0 la corrosion<br \/>\n\u2022 Fixation \u00e0 vis<\/p>\n","protected":false},"excerpt":{"rendered":"<p>Distributeur d\u2019essuie-mains textile<br \/>\nLongueur extraction 20 cm<\/p>\n","protected":false},"featured_media":0,"template":"","meta":{"_acf_changed":false},"product_group":[{"id":2078,"name":"Cloth Towel Cabinets","slug":"cloth-towel-cabinets"},{"id":2051,"name":"Hygiene","slug":"hygiene"},{"id":2068,"name":"Hygiene Dispensers","slug":"hygiene-dispensers"}],"product_cat":[2427,2570],"product_tag":[],"class_list":{"0":"post-20187","1":"product","2":"type-product","3":"status-publish","5":"product_group-cloth-towel-cabinets","6":"product_group-hygiene","7":"product_group-hygiene-dispensers","8":"product_cat-hygiene-line","9":"product_cat-visio-line-fr-2","10":"pa_color-blanc","11":"pa_color-transparent-blue-bucket-fr","12":"pa_consumable-cotton-roll-fr","13":"pa_material-abs-san-fr","14":"pa_packing-carton-1-pce-fr","15":"pa_packing-pallet-2585","16":"pa_product-dimensions-415-x-475-x-275-mm-fr","18":"first","19":"instock","20":"shipping-taxable","21":"product-type-simple"},"acf":{"last_release":"","document":""},"aioseo_notices":[],"_links":{"self":[{"href":"https:\/\/www.sci-services.ch\/fr\/wp-json\/wp\/v2\/product\/20187","targetHints":{"allow":["GET"]}}],"collection":[{"href":"https:\/\/www.sci-services.ch\/fr\/wp-json\/wp\/v2\/product"}],"about":[{"href":"https:\/\/www.sci-services.ch\/fr\/wp-json\/wp\/v2\/types\/product"}],"wp:attachment":[{"href":"https:\/\/www.sci-services.ch\/fr\/wp-json\/wp\/v2\/media?parent=20187"}],"wp:term":[{"taxonomy":"product_group","embeddable":true,"href":"https:\/\/www.sci-services.ch\/fr\/wp-json\/wp\/v2\/product_group?post=20187"},{"taxonomy":"product_cat","embeddable":true,"href":"https:\/\/www.sci-services.ch\/fr\/wp-json\/wp\/v2\/product_cat?post=20187"},{"taxonomy":"product_tag","embeddable":true,"href":"https:\/\/www.sci-services.ch\/fr\/wp-json\/wp\/v2\/product_tag?post=20187"}],"curies":[{"name":"wp","href":"https:\/\/api.w.org\/{rel}","templated":true}]}}