{"id":19637,"date":"2022-10-03T14:39:17","date_gmt":"2022-10-03T12:39:17","guid":{"rendered":"https:\/\/www.sci-services.ch\/shop\/non%20class\u00e9\/420328-101\/"},"modified":"2024-11-27T23:57:14","modified_gmt":"2024-11-27T22:57:14","slug":"420328-101","status":"publish","type":"product","link":"https:\/\/www.sci-services.ch\/fr\/shop\/armoires-fr\/eurostyle-2-fr\/420328-101\/","title":{"rendered":"Armoire 5 cases"},"content":{"rendered":"<p>460523\/101 &#8211; Porte bleu fonc\u00e9 RAL 5002<br \/>\n460525\/101 &#8211; Porte bleu clair (RAL 5012)<\/p>\n<p>Porte bleu fonc\u00e9 RAL 5002<\/p>\n<p>\u2022\u00a0Format compact, gain de place \u2022\u00a0Acier zingu\u00e9 avec rev\u00eatement \u00e9poxy r\u00e9sistant<br \/>\n\u2022\u00a0Cl\u00e9 unique pour porte principale<br \/>\n\u2022\u00a0Bonne stabilit\u00e9 gr\u00e2ce aux nombreux rivets en aluminium (inoxydable)<br \/>\n\u2022\u00a0Excellente stabilit\u00e9 gr\u00e2ce au double fond<br \/>\n\u2022 Serrure individuelle pour chaque compartiment<\/p>\n","protected":false},"excerpt":{"rendered":"<p>Corps gris clair RAL 7035<\/p>\n","protected":false},"featured_media":17340,"template":"","meta":{"_acf_changed":false},"product_group":[{"id":2062,"name":"Horizontal distribution locker","slug":"horizontal-distribution-locker"},{"id":2061,"name":"Lockers","slug":"lockers"}],"product_cat":[2566,2581,2427],"product_tag":[],"class_list":{"0":"post-19637","1":"product","2":"type-product","3":"status-publish","4":"has-post-thumbnail","6":"product_group-horizontal-distribution-locker","7":"product_group-lockers","8":"product_cat-armoires-fr","9":"product_cat-eurostyle-2-fr","10":"product_cat-hygiene-line","11":"pa_color-ultramarine-blue-ral-5002-fr","12":"pa_color-grey-ral-7035-fr","13":"pa_compartment-dimensions-376-x-330-mm-fr","14":"pa_doors-5-fr-2","15":"pa_material-acier-renforce-epoxy-plaque-zinc","16":"pa_product-dimensions-380x455x1820-mm-fr","18":"first","19":"instock","20":"shipping-taxable","21":"product-type-simple"},"acf":{"last_release":"","document":""},"aioseo_notices":[],"_links":{"self":[{"href":"https:\/\/www.sci-services.ch\/fr\/wp-json\/wp\/v2\/product\/19637","targetHints":{"allow":["GET"]}}],"collection":[{"href":"https:\/\/www.sci-services.ch\/fr\/wp-json\/wp\/v2\/product"}],"about":[{"href":"https:\/\/www.sci-services.ch\/fr\/wp-json\/wp\/v2\/types\/product"}],"wp:featuredmedia":[{"embeddable":true,"href":"https:\/\/www.sci-services.ch\/fr\/wp-json\/wp\/v2\/media\/17340"}],"wp:attachment":[{"href":"https:\/\/www.sci-services.ch\/fr\/wp-json\/wp\/v2\/media?parent=19637"}],"wp:term":[{"taxonomy":"product_group","embeddable":true,"href":"https:\/\/www.sci-services.ch\/fr\/wp-json\/wp\/v2\/product_group?post=19637"},{"taxonomy":"product_cat","embeddable":true,"href":"https:\/\/www.sci-services.ch\/fr\/wp-json\/wp\/v2\/product_cat?post=19637"},{"taxonomy":"product_tag","embeddable":true,"href":"https:\/\/www.sci-services.ch\/fr\/wp-json\/wp\/v2\/product_tag?post=19637"}],"curies":[{"name":"wp","href":"https:\/\/api.w.org\/{rel}","templated":true}]}}