{"id":19634,"date":"2022-10-03T14:39:17","date_gmt":"2022-10-03T12:39:17","guid":{"rendered":"https:\/\/www.sci-services.ch\/shop\/non%20class\u00e9\/420327-101\/"},"modified":"2024-11-28T22:44:39","modified_gmt":"2024-11-28T21:44:39","slug":"420327-101","status":"publish","type":"product","link":"https:\/\/www.sci-services.ch\/fr\/shop\/armoires-fr\/eurostyle-2-fr\/420327-101\/","title":{"rendered":"Armoire 2 cases"},"content":{"rendered":"<p>\u2022\u00a0Format compact, gain de place<br \/>\n\u2022\u00a0T\u00f4le d\u2019acier zingu\u00e9e avec rev\u00eatement \u00e9poxy r\u00e9sistant<br \/>\n\u2022\u00a0Cl\u00e9 unique pour porte principale<br \/>\n\u2022 Serrure \u00e0 combinaisons pour chaque compartiment<br \/>\n\u2022\u00a0Bonne stabilit\u00e9 gr\u00e2ce aux nombreux rivets en aluminium (inoxydable)<\/p>\n","protected":false},"excerpt":{"rendered":"<p>Corps gris clair RAL 7035\/Porte bleu fonc\u00e9 RAL 5002<\/p>\n","protected":false},"featured_media":22878,"template":"","meta":{"_acf_changed":false},"product_group":[{"id":2062,"name":"Horizontal distribution locker","slug":"horizontal-distribution-locker"},{"id":2061,"name":"Lockers","slug":"lockers"},{"id":2064,"name":"Vertical distribution locker","slug":"vertical-distribution-locker"}],"product_cat":[2566,2581,2427,497],"product_tag":[],"class_list":{"0":"post-19634","1":"product","2":"type-product","3":"status-publish","4":"has-post-thumbnail","6":"product_group-horizontal-distribution-locker","7":"product_group-lockers","8":"product_group-vertical-distribution-locker","9":"product_cat-armoires-fr","10":"product_cat-eurostyle-2-fr","11":"product_cat-hygiene-line","12":"product_cat-hygiene-fr","13":"pa_color-ultramarine-blue-ral-5002-fr","14":"pa_color-grey-ral-7035-fr","15":"pa_compartment-dimensions-376-x-330-mm-fr","16":"pa_doors-2-fr","17":"pa_material-acier-renforce-epoxy-plaque-zinc","18":"pa_product-dimensions-380x455x1820-mm-fr","20":"first","21":"instock","22":"shipping-taxable","23":"product-type-simple"},"acf":{"last_release":"","document":""},"aioseo_notices":[],"_links":{"self":[{"href":"https:\/\/www.sci-services.ch\/fr\/wp-json\/wp\/v2\/product\/19634","targetHints":{"allow":["GET"]}}],"collection":[{"href":"https:\/\/www.sci-services.ch\/fr\/wp-json\/wp\/v2\/product"}],"about":[{"href":"https:\/\/www.sci-services.ch\/fr\/wp-json\/wp\/v2\/types\/product"}],"wp:featuredmedia":[{"embeddable":true,"href":"https:\/\/www.sci-services.ch\/fr\/wp-json\/wp\/v2\/media\/22878"}],"wp:attachment":[{"href":"https:\/\/www.sci-services.ch\/fr\/wp-json\/wp\/v2\/media?parent=19634"}],"wp:term":[{"taxonomy":"product_group","embeddable":true,"href":"https:\/\/www.sci-services.ch\/fr\/wp-json\/wp\/v2\/product_group?post=19634"},{"taxonomy":"product_cat","embeddable":true,"href":"https:\/\/www.sci-services.ch\/fr\/wp-json\/wp\/v2\/product_cat?post=19634"},{"taxonomy":"product_tag","embeddable":true,"href":"https:\/\/www.sci-services.ch\/fr\/wp-json\/wp\/v2\/product_tag?post=19634"}],"curies":[{"name":"wp","href":"https:\/\/api.w.org\/{rel}","templated":true}]}}