{"id":19610,"date":"2022-10-03T14:39:20","date_gmt":"2022-10-03T12:39:20","guid":{"rendered":"https:\/\/www.sci-services.ch\/shop\/non%20class\u00e9\/420128-101\/"},"modified":"2024-11-28T00:29:03","modified_gmt":"2024-11-27T23:29:03","slug":"420128-101","status":"publish","type":"product","link":"https:\/\/www.sci-services.ch\/fr\/shop\/armoires-fr\/eurostyle-2-fr\/420128-101\/","title":{"rendered":"Armoire 15 cases"},"content":{"rendered":"<p>461523- Porte bleu fonc\u00e9 RAL 5002<br \/>\n461525- Porte bleu clair RAL 5002<\/p>\n<p>\u2022\u00a0Format compact, gain de place<br \/>\n\u2022\u00a0Acier zingu\u00e9 avec rev\u00eatement \u00e9poxy r\u00e9sistant<br \/>\n\u2022\u00a0Cl\u00e9 unique pour porte principale<br \/>\n\u2022\u00a0Serrure \u00e0 cl\u00e9 individuelle ou \u00e0 combinaisons pour chaque compartiment<br \/>\n\u2022\u00a0Bonne stabilit\u00e9 gr\u00e2ce aux nombreux rivets en aluminium (inoxydable)<\/p>\n","protected":false},"excerpt":{"rendered":"<p>de distribution avec compartiments horizontaux \u2010 Corps gris clair RAL 7035<\/p>\n","protected":false},"featured_media":22576,"template":"","meta":{"_acf_changed":false},"product_group":[{"id":2062,"name":"Horizontal distribution locker","slug":"horizontal-distribution-locker"},{"id":2061,"name":"Lockers","slug":"lockers"}],"product_cat":[2566,2581],"product_tag":[],"class_list":{"0":"post-19610","1":"product","2":"type-product","3":"status-publish","4":"has-post-thumbnail","6":"product_group-horizontal-distribution-locker","7":"product_group-lockers","8":"product_cat-armoires-fr","9":"product_cat-eurostyle-2-fr","10":"pa_color-ultramarine-blue-ral-5002-fr","11":"pa_color-grey-ral-7035-fr","12":"pa_compartment-dimensions-376-x-110-mm-fr","13":"pa_doors-15-fr-2","14":"pa_material-acier-renforce-epoxy-plaque-zinc","15":"pa_product-dimensions-380x455x1820-mm-fr","17":"first","18":"instock","19":"shipping-taxable","20":"product-type-simple"},"acf":{"last_release":"","document":""},"aioseo_notices":[],"_links":{"self":[{"href":"https:\/\/www.sci-services.ch\/fr\/wp-json\/wp\/v2\/product\/19610","targetHints":{"allow":["GET"]}}],"collection":[{"href":"https:\/\/www.sci-services.ch\/fr\/wp-json\/wp\/v2\/product"}],"about":[{"href":"https:\/\/www.sci-services.ch\/fr\/wp-json\/wp\/v2\/types\/product"}],"wp:featuredmedia":[{"embeddable":true,"href":"https:\/\/www.sci-services.ch\/fr\/wp-json\/wp\/v2\/media\/22576"}],"wp:attachment":[{"href":"https:\/\/www.sci-services.ch\/fr\/wp-json\/wp\/v2\/media?parent=19610"}],"wp:term":[{"taxonomy":"product_group","embeddable":true,"href":"https:\/\/www.sci-services.ch\/fr\/wp-json\/wp\/v2\/product_group?post=19610"},{"taxonomy":"product_cat","embeddable":true,"href":"https:\/\/www.sci-services.ch\/fr\/wp-json\/wp\/v2\/product_cat?post=19610"},{"taxonomy":"product_tag","embeddable":true,"href":"https:\/\/www.sci-services.ch\/fr\/wp-json\/wp\/v2\/product_tag?post=19610"}],"curies":[{"name":"wp","href":"https:\/\/api.w.org\/{rel}","templated":true}]}}