{"id":18858,"date":"2022-09-26T17:47:57","date_gmt":"2022-09-26T15:47:57","guid":{"rendered":"https:\/\/www.sci-services.ch\/shop\/non class\u00e9\/299406-001\/"},"modified":"2022-09-26T17:47:57","modified_gmt":"2022-09-26T15:47:57","slug":"299406-001","status":"publish","type":"product","link":"https:\/\/www.sci-services.ch\/fr\/shop\/hygiene-line\/inox-line-fr-2\/299406-001\/","title":{"rendered":"Stand"},"content":{"rendered":"<p>\u2022 Station de d\u00e9sinfection des mains Assure une hygi\u00e8ne parfaite des mains dans les lieux de passage, id\u00e9al pour les entreprises, commerces, \u00e9coles, etc.<br \/>\n\u2022<strong> HYGI\u00c9NIQUE<\/strong>\u00a0Aucun contact avec la d\u00e9tection automatique de la main et r\u00e9cup\u00e9rateur de gouttes int\u00e9gr\u00e9 \u00e0 la colonne<br \/>\nFourreau pour stop gouttes antibact\u00e9rien et lavable<br \/>\n\u2022 <strong>ECONOMIQUE<\/strong>\u00a0Dispense une quantit\u00e9 fixe de gel<br \/>\n\u2022<strong> GRANDE CAPACIT\u00c9<\/strong>\u00a0Jusqu\u2019\u00e0 900 ml de consommable<br \/>\n\u2022<strong> PRATIQUE<\/strong>\u00a0Remplissage ais\u00e9 du bac Fermeture \u00e0 cl\u00e9<br \/>\n\u2022 <strong>IMPACT VISUEL<\/strong>\u00a0Fourni avec support rigide transparent pour affichage format A5<br \/>\n\u2022 <strong>POLYVALENCE<\/strong> Possibilit\u00e9 de fixer la colonne sur un mur Colonne compatible avec d\u2019autres distributeurs de savon automatiques et manuels version remplissage ou cartouche (nous consulter)<\/p>\n","protected":false},"excerpt":{"rendered":"<p>Colonne sur pied pour distributeur de savon sur pied INOX satin\u00e9 pour distributeur automatique\/manuel levier \u00e0 coude<\/p>\n","protected":false},"featured_media":14670,"template":"","meta":{"_acf_changed":false},"product_group":[{"id":2051,"name":"Hygiene","slug":"hygiene"},{"id":2068,"name":"Hygiene Dispensers","slug":"hygiene-dispensers"},{"id":2053,"name":"Soap Dispensers","slug":"soap_dispensers"}],"product_cat":[2427,2437],"product_tag":[],"class_list":{"0":"post-18858","1":"product","2":"type-product","3":"status-publish","4":"has-post-thumbnail","6":"product_group-hygiene","7":"product_group-hygiene-dispensers","8":"product_group-soap_dispensers","9":"product_cat-hygiene-line","10":"product_cat-inox-line-fr-2","12":"first","13":"instock","14":"shipping-taxable","15":"product-type-simple"},"acf":{"last_release":"","document":"https:\/\/www.sci-services.ch\/wp-content\/uploads\/2022\/10\/BR_Simply-Eco2_3-2021-EN-2.pdf"},"aioseo_notices":[],"_links":{"self":[{"href":"https:\/\/www.sci-services.ch\/fr\/wp-json\/wp\/v2\/product\/18858","targetHints":{"allow":["GET"]}}],"collection":[{"href":"https:\/\/www.sci-services.ch\/fr\/wp-json\/wp\/v2\/product"}],"about":[{"href":"https:\/\/www.sci-services.ch\/fr\/wp-json\/wp\/v2\/types\/product"}],"wp:featuredmedia":[{"embeddable":true,"href":"https:\/\/www.sci-services.ch\/fr\/wp-json\/wp\/v2\/media\/14670"}],"wp:attachment":[{"href":"https:\/\/www.sci-services.ch\/fr\/wp-json\/wp\/v2\/media?parent=18858"}],"wp:term":[{"taxonomy":"product_group","embeddable":true,"href":"https:\/\/www.sci-services.ch\/fr\/wp-json\/wp\/v2\/product_group?post=18858"},{"taxonomy":"product_cat","embeddable":true,"href":"https:\/\/www.sci-services.ch\/fr\/wp-json\/wp\/v2\/product_cat?post=18858"},{"taxonomy":"product_tag","embeddable":true,"href":"https:\/\/www.sci-services.ch\/fr\/wp-json\/wp\/v2\/product_tag?post=18858"}],"curies":[{"name":"wp","href":"https:\/\/api.w.org\/{rel}","templated":true}]}}