{"id":18791,"date":"2022-09-27T16:00:59","date_gmt":"2022-09-27T14:00:59","guid":{"rendered":"https:\/\/www.sci-services.ch\/shop\/non class\u00e9\/110215-002\/"},"modified":"2022-09-27T16:00:59","modified_gmt":"2022-09-27T14:00:59","slug":"110215-002","status":"publish","type":"product","link":"https:\/\/www.sci-services.ch\/fr\/shop\/uncategorized-fr\/110215-002\/","title":{"rendered":"INSTANT CLEANSER 70 GEL"},"content":{"rendered":"<p>\u2022 Produit cosm\u00e9tique \u00e0 70% d&#8217;alcool<br \/>\n\u2022 Une fois le gel d\u00e9pos\u00e9 sur la paume d&#8217;une main, se frictionner les mains durant 20 \u00e0 30 secondes, comme pour un lavage avec de l&#8217;eau et du savon : paume contre paume, sur le dessus des mains puis entre les doigts, sur le dos des doigts sans oublier les pouces et les poignets.<\/p>\n","protected":false},"excerpt":{"rendered":"<p>(\u00e0 utiliser sans eau &#8211; contient 70% d&#8217;alcool)\u00a0 \u00a0 Bidon de 5 litres gel hydroalcoolique<\/p>\n","protected":false},"featured_media":0,"template":"","meta":{"_acf_changed":false},"product_group":[{"id":2051,"name":"Hygiene","slug":"hygiene"},{"id":2070,"name":"Hygiene Consumables","slug":"hygiene-consumables"},{"id":2074,"name":"Soap Cartridges","slug":"soap-cartridges"}],"product_cat":[552],"product_tag":[],"class_list":{"0":"post-18791","1":"product","2":"type-product","3":"status-publish","5":"product_group-hygiene","6":"product_group-hygiene-consumables","7":"product_group-soap-cartridges","8":"product_cat-uncategorized-fr","9":"pa_color-transparent-fr","10":"pa_content-bidon-5-l","11":"pa_operation-gel-fr","12":"pa_packing-carton-2461","13":"pa_packing-pallet-2628","14":"pa_ph-range-65--05-at-20-fr","16":"first","17":"instock","18":"shipping-taxable","19":"product-type-simple"},"acf":{"last_release":"","document":""},"aioseo_notices":[],"_links":{"self":[{"href":"https:\/\/www.sci-services.ch\/fr\/wp-json\/wp\/v2\/product\/18791","targetHints":{"allow":["GET"]}}],"collection":[{"href":"https:\/\/www.sci-services.ch\/fr\/wp-json\/wp\/v2\/product"}],"about":[{"href":"https:\/\/www.sci-services.ch\/fr\/wp-json\/wp\/v2\/types\/product"}],"wp:attachment":[{"href":"https:\/\/www.sci-services.ch\/fr\/wp-json\/wp\/v2\/media?parent=18791"}],"wp:term":[{"taxonomy":"product_group","embeddable":true,"href":"https:\/\/www.sci-services.ch\/fr\/wp-json\/wp\/v2\/product_group?post=18791"},{"taxonomy":"product_cat","embeddable":true,"href":"https:\/\/www.sci-services.ch\/fr\/wp-json\/wp\/v2\/product_cat?post=18791"},{"taxonomy":"product_tag","embeddable":true,"href":"https:\/\/www.sci-services.ch\/fr\/wp-json\/wp\/v2\/product_tag?post=18791"}],"curies":[{"name":"wp","href":"https:\/\/api.w.org\/{rel}","templated":true}]}}