{"id":18785,"date":"2022-09-27T16:00:58","date_gmt":"2022-09-27T14:00:58","guid":{"rendered":"https:\/\/www.sci-services.ch\/shop\/non%20class\u00e9\/102400-002\/"},"modified":"2023-01-31T09:20:12","modified_gmt":"2023-01-31T08:20:12","slug":"102400-002","status":"publish","type":"product","link":"https:\/\/www.sci-services.ch\/fr\/shop\/hygiene-line\/visio-line-fr-2\/102400-002\/","title":{"rendered":"AM"},"content":{"rendered":"<p>\u2022 Pratique: Remplissage facile et direct<br \/>\n\u2022 Economique : consommation contr\u00f4l\u00e9e du savon<br \/>\n\u2022 Id\u00e9al pour les milieux industriels<br \/>\n\u2022 La pompe peut \u00eatre chang\u00e9e ais\u00e9ment<br \/>\n\u2022 Solidit\u00e9 \u00e9prouv\u00e9e, ne donne aucune prise \u00e0 la corrosion<br \/>\n\u2022 Solide pour usage intense<\/p>\n","protected":false},"excerpt":{"rendered":"<p>Distributeur de savon \u00e0 remplissage 800 ml<\/p>\n","protected":false},"featured_media":13652,"template":"","meta":{"_acf_changed":false},"product_group":[{"id":2051,"name":"Hygiene","slug":"hygiene"},{"id":2068,"name":"Hygiene Dispensers","slug":"hygiene-dispensers"},{"id":2053,"name":"Soap Dispensers","slug":"soap_dispensers"}],"product_cat":[2427,2570],"product_tag":[],"class_list":{"0":"post-18785","1":"product","2":"type-product","3":"status-publish","4":"has-post-thumbnail","6":"product_group-hygiene","7":"product_group-hygiene-dispensers","8":"product_group-soap_dispensers","9":"product_cat-hygiene-line","10":"product_cat-visio-line-fr-2","11":"pa_apparence-manuel","12":"pa_color-blanc","13":"pa_color-bleu-transparent","14":"pa_consumable-savon-liquide-fr","15":"pa_content-800-ml-fr","16":"pa_material-abs-san-fr","17":"pa_packing-carton-2463","18":"pa_packing-pallet-432-fr","19":"pa_product-dimensions-123-x-203-x-100-mm-fr","20":"pa_refill-cartridge-remplissage","22":"first","23":"instock","24":"shipping-taxable","25":"product-type-simple"},"acf":{"last_release":"","document":"https:\/\/www.sci-services.ch\/wp-content\/uploads\/2022\/10\/BR_Visio_6-2021-EN.pdf"},"aioseo_notices":[],"_links":{"self":[{"href":"https:\/\/www.sci-services.ch\/fr\/wp-json\/wp\/v2\/product\/18785","targetHints":{"allow":["GET"]}}],"collection":[{"href":"https:\/\/www.sci-services.ch\/fr\/wp-json\/wp\/v2\/product"}],"about":[{"href":"https:\/\/www.sci-services.ch\/fr\/wp-json\/wp\/v2\/types\/product"}],"wp:featuredmedia":[{"embeddable":true,"href":"https:\/\/www.sci-services.ch\/fr\/wp-json\/wp\/v2\/media\/13652"}],"wp:attachment":[{"href":"https:\/\/www.sci-services.ch\/fr\/wp-json\/wp\/v2\/media?parent=18785"}],"wp:term":[{"taxonomy":"product_group","embeddable":true,"href":"https:\/\/www.sci-services.ch\/fr\/wp-json\/wp\/v2\/product_group?post=18785"},{"taxonomy":"product_cat","embeddable":true,"href":"https:\/\/www.sci-services.ch\/fr\/wp-json\/wp\/v2\/product_cat?post=18785"},{"taxonomy":"product_tag","embeddable":true,"href":"https:\/\/www.sci-services.ch\/fr\/wp-json\/wp\/v2\/product_tag?post=18785"}],"curies":[{"name":"wp","href":"https:\/\/api.w.org\/{rel}","templated":true}]}}