{"id":18782,"date":"2022-09-27T16:00:58","date_gmt":"2022-09-27T14:00:58","guid":{"rendered":"https:\/\/www.sci-services.ch\/shop\/non%20class\u00e9\/102002-001\/"},"modified":"2023-01-31T09:17:43","modified_gmt":"2023-01-31T08:17:43","slug":"102002-001","status":"publish","type":"product","link":"https:\/\/www.sci-services.ch\/fr\/shop\/hygiene-line\/visio-line-fr-2\/102002-001\/","title":{"rendered":"SAM V0"},"content":{"rendered":"<p>\u2022 Certifi\u00e9 anti-feu<br \/>\n\u2022 R\u00e9pond aux normes europ\u00e9ennes EN 45545-2<br \/>\n\u2022 Pratique: Remplissage facile et direct et ouverture et fermeture ais\u00e9es<br \/>\n\u2022 Economique : consommation contr\u00f4l\u00e9e du savon<br \/>\n\u2022 La pompe peut \u00eatre chang\u00e9e ais\u00e9ment<br \/>\n\u2022 R\u00e9sistant \u00e0 la corrosion<br \/>\n\u2022 Robuste id\u00e9al pour l&#8217;industrie et les transports publics<\/p>\n","protected":false},"excerpt":{"rendered":"<p>Distributeur de savon \u00e0 remplissage ANTI-FEU &#8211; levier rouge 600 ml<\/p>\n","protected":false},"featured_media":15141,"template":"","meta":{"_acf_changed":false},"product_group":[{"id":2051,"name":"Hygiene","slug":"hygiene"},{"id":2068,"name":"Hygiene Dispensers","slug":"hygiene-dispensers"},{"id":2053,"name":"Soap Dispensers","slug":"soap_dispensers"}],"product_cat":[2427,2570],"product_tag":[],"class_list":{"0":"post-18782","1":"product","2":"type-product","3":"status-publish","4":"has-post-thumbnail","6":"product_group-hygiene","7":"product_group-hygiene-dispensers","8":"product_group-soap_dispensers","9":"product_cat-hygiene-line","10":"product_cat-visio-line-fr-2","11":"pa_apparence-manuel","12":"pa_color-blanc","13":"pa_color-levier-rouge","14":"pa_color-transparent-blanc","15":"pa_consumable-savon-liquide-fr","16":"pa_content-600-ml-fr","17":"pa_material-abs-pc-fr","18":"pa_packing-carton-2463","19":"pa_packing-pallet-540-fr","20":"pa_product-dimensions-80-x-210-x-100-mm-fr","21":"pa_refill-cartridge-remplissage","23":"first","24":"instock","25":"shipping-taxable","26":"product-type-simple"},"acf":{"last_release":"","document":"https:\/\/www.sci-services.ch\/wp-content\/uploads\/2022\/10\/BR_Visio_6-2021-EN.pdf"},"aioseo_notices":[],"_links":{"self":[{"href":"https:\/\/www.sci-services.ch\/fr\/wp-json\/wp\/v2\/product\/18782","targetHints":{"allow":["GET"]}}],"collection":[{"href":"https:\/\/www.sci-services.ch\/fr\/wp-json\/wp\/v2\/product"}],"about":[{"href":"https:\/\/www.sci-services.ch\/fr\/wp-json\/wp\/v2\/types\/product"}],"wp:featuredmedia":[{"embeddable":true,"href":"https:\/\/www.sci-services.ch\/fr\/wp-json\/wp\/v2\/media\/15141"}],"wp:attachment":[{"href":"https:\/\/www.sci-services.ch\/fr\/wp-json\/wp\/v2\/media?parent=18782"}],"wp:term":[{"taxonomy":"product_group","embeddable":true,"href":"https:\/\/www.sci-services.ch\/fr\/wp-json\/wp\/v2\/product_group?post=18782"},{"taxonomy":"product_cat","embeddable":true,"href":"https:\/\/www.sci-services.ch\/fr\/wp-json\/wp\/v2\/product_cat?post=18782"},{"taxonomy":"product_tag","embeddable":true,"href":"https:\/\/www.sci-services.ch\/fr\/wp-json\/wp\/v2\/product_tag?post=18782"}],"curies":[{"name":"wp","href":"https:\/\/api.w.org\/{rel}","templated":true}]}}