{"id":23570,"date":"2025-06-05T10:21:33","date_gmt":"2025-06-05T08:21:33","guid":{"rendered":"https:\/\/www.sci-services.ch\/change-o-matic\/"},"modified":"2025-06-05T10:21:34","modified_gmt":"2025-06-05T08:21:34","slug":"change-o-matic","status":"publish","type":"page","link":"https:\/\/www.sci-services.ch\/fr\/change-o-matic\/","title":{"rendered":"Change-O-Matic\u00ae"},"content":{"rendered":"\t\t<div data-elementor-type=\"wp-page\" data-elementor-id=\"23570\" class=\"elementor elementor-23570 elementor-22538\" data-elementor-post-type=\"page\">\n\t\t\t\t\t\t<section class=\"has_eae_slider elementor-section elementor-top-section elementor-element elementor-element-a3ca00c elementor-section-boxed elementor-section-height-default elementor-section-height-default\" data-eae-slider=\"67665\" data-id=\"a3ca00c\" data-element_type=\"section\" data-e-type=\"section\" data-settings=\"{&quot;background_background&quot;:&quot;classic&quot;,&quot;shape_divider_bottom&quot;:&quot;waves&quot;}\">\n\t\t\t\t\t\t\t<div class=\"elementor-background-overlay\"><\/div>\n\t\t\t\t\t\t<div class=\"elementor-shape elementor-shape-bottom\" aria-hidden=\"true\" data-negative=\"false\">\n\t\t\t<svg xmlns=\"http:\/\/www.w3.org\/2000\/svg\" viewBox=\"0 0 1000 100\" preserveAspectRatio=\"none\">\n\t<path class=\"elementor-shape-fill\" d=\"M421.9,6.5c22.6-2.5,51.5,0.4,75.5,5.3c23.6,4.9,70.9,23.5,100.5,35.7c75.8,32.2,133.7,44.5,192.6,49.7\n\tc23.6,2.1,48.7,3.5,103.4-2.5c54.7-6,106.2-25.6,106.2-25.6V0H0v30.3c0,0,72,32.6,158.4,30.5c39.2-0.7,92.8-6.7,134-22.4\n\tc21.2-8.1,52.2-18.2,79.7-24.2C399.3,7.9,411.6,7.5,421.9,6.5z\"\/>\n<\/svg>\t\t<\/div>\n\t\t\t\t\t<div class=\"elementor-container elementor-column-gap-default\">\n\t\t\t\t\t<div class=\"has_eae_slider elementor-column elementor-col-100 elementor-top-column elementor-element elementor-element-87175e6\" data-eae-slider=\"15853\" data-id=\"87175e6\" data-element_type=\"column\" data-e-type=\"column\">\n\t\t\t<div class=\"elementor-widget-wrap\">\n\t\t\t\t\t\t\t<\/div>\n\t\t<\/div>\n\t\t\t\t\t<\/div>\n\t\t<\/section>\n\t\t\t\t<section class=\"has_eae_slider elementor-section elementor-top-section elementor-element elementor-element-68c2083 elementor-section-boxed elementor-section-height-default elementor-section-height-default\" data-eae-slider=\"42719\" data-id=\"68c2083\" data-element_type=\"section\" data-e-type=\"section\">\n\t\t\t\t\t\t<div class=\"elementor-container elementor-column-gap-default\">\n\t\t\t\t\t<div class=\"has_eae_slider elementor-column elementor-col-100 elementor-top-column elementor-element elementor-element-e8a3fb8\" data-eae-slider=\"13084\" data-id=\"e8a3fb8\" data-element_type=\"column\" data-e-type=\"column\">\n\t\t\t<div class=\"elementor-widget-wrap elementor-element-populated\">\n\t\t\t\t\t\t<div class=\"elementor-element elementor-element-0d89ddf elementor-widget elementor-widget-heading\" data-id=\"0d89ddf\" data-element_type=\"widget\" data-e-type=\"widget\" data-widget_type=\"heading.default\">\n\t\t\t\t<div class=\"elementor-widget-container\">\n\t\t\t\t\t<h1 class=\"elementor-heading-title elementor-size-default\"><span style=\"color:#0077BD\">Change-O-MATIC\u00ae<\/span><\/h1>\t\t\t\t<\/div>\n\t\t\t\t<\/div>\n\t\t\t\t\t<\/div>\n\t\t<\/div>\n\t\t\t\t\t<\/div>\n\t\t<\/section>\n\t\t\t\t<section class=\"has_eae_slider elementor-section elementor-top-section elementor-element elementor-element-3c4cbaa elementor-section-boxed elementor-section-height-default elementor-section-height-default\" data-eae-slider=\"66768\" data-id=\"3c4cbaa\" data-element_type=\"section\" data-e-type=\"section\">\n\t\t\t\t\t\t<div class=\"elementor-container elementor-column-gap-default\">\n\t\t\t\t\t<div class=\"has_eae_slider elementor-column elementor-col-50 elementor-top-column elementor-element elementor-element-cef3a6b\" data-eae-slider=\"37020\" data-id=\"cef3a6b\" data-element_type=\"column\" data-e-type=\"column\">\n\t\t\t<div class=\"elementor-widget-wrap elementor-element-populated\">\n\t\t\t\t\t\t<div class=\"elementor-element elementor-element-e9999f2 elementor-widget elementor-widget-text-editor\" data-id=\"e9999f2\" data-element_type=\"widget\" data-e-type=\"widget\" data-widget_type=\"text-editor.default\">\n\t\t\t\t<div class=\"elementor-widget-container\">\n\t\t\t\t\t\t\t\t\t<p>Depuis plus de 30 ans, nous fabriquons les armoires casiers Change-O-Matic\u00ae. Ainsi, nous occupons une place parmi les leaders, en tant que fournisseur de syst\u00e8mes de casiers des plus robustes, sur le march\u00e9 des services de location de<br \/>v\u00eatements professionnels.<br \/>Dans cette gamme, nous proposons, pour le rangement de v\u00eatements pli\u00e9s, une armoire casier standard \u00e0 10 compartiments, de m\u00eame que une armoire casier plus volumineuse \u00e0 9 ou \u00e0 10 compartiments. Nous avons \u00e9galement des mod\u00e8les pour ranger des v\u00eatements suspendus, pouvant \u00eatre compl\u00e9t\u00e9s avec des armoires fourre-tout.<\/p>\n\t\t\t\t\t\t\t\t<\/div>\n\t\t\t\t<\/div>\n\t\t\t\t\t<\/div>\n\t\t<\/div>\n\t\t\t\t<div class=\"has_eae_slider elementor-column elementor-col-50 elementor-top-column elementor-element elementor-element-1550794\" data-eae-slider=\"31582\" data-id=\"1550794\" data-element_type=\"column\" data-e-type=\"column\">\n\t\t\t<div class=\"elementor-widget-wrap elementor-element-populated\">\n\t\t\t\t\t\t<div class=\"elementor-element elementor-element-f60dc91 elementor-widget elementor-widget-image\" data-id=\"f60dc91\" data-element_type=\"widget\" data-e-type=\"widget\" data-widget_type=\"image.default\">\n\t\t\t\t<div class=\"elementor-widget-container\">\n\t\t\t\t\t\t\t\t\t\t\t\t\t\t\t<img fetchpriority=\"high\" decoding=\"async\" width=\"800\" height=\"703\" src=\"https:\/\/www.sci-services.ch\/wp-content\/uploads\/2022\/11\/AdobeStock_314951577.png\" class=\"attachment-large size-large wp-image-19541\" alt=\"\" \/>\t\t\t\t\t\t\t\t\t\t\t\t\t\t\t<\/div>\n\t\t\t\t<\/div>\n\t\t\t\t\t<\/div>\n\t\t<\/div>\n\t\t\t\t\t<\/div>\n\t\t<\/section>\n\t\t\t\t<section class=\"has_eae_slider elementor-section elementor-top-section elementor-element elementor-element-5f7fa5c elementor-section-boxed elementor-section-height-default elementor-section-height-default\" data-eae-slider=\"61807\" data-id=\"5f7fa5c\" data-element_type=\"section\" data-e-type=\"section\">\n\t\t\t\t\t\t<div class=\"elementor-container elementor-column-gap-default\">\n\t\t\t\t\t<div class=\"has_eae_slider elementor-column elementor-col-100 elementor-top-column elementor-element elementor-element-df28533\" data-eae-slider=\"46283\" data-id=\"df28533\" data-element_type=\"column\" data-e-type=\"column\">\n\t\t\t<div class=\"elementor-widget-wrap elementor-element-populated\">\n\t\t\t\t\t\t\t<\/div>\n\t\t<\/div>\n\t\t\t\t\t<\/div>\n\t\t<\/section>\n\t\t\t\t<\/div>\n\t\t","protected":false},"excerpt":{"rendered":"<p>Change-O-MATIC\u00ae Depuis plus de 30 ans, nous fabriquons les armoires casiers Change-O-Matic\u00ae. Ainsi, nous occupons une place parmi les leaders, en tant que fournisseur de syst\u00e8mes de casiers des plus robustes, sur le march\u00e9 des services de location dev\u00eatements professionnels.Dans cette gamme, nous proposons, pour le rangement de v\u00eatements pli\u00e9s, une armoire casier standard \u00e0 [&hellip;]<\/p>\n","protected":false},"author":4,"featured_media":0,"parent":0,"menu_order":0,"comment_status":"closed","ping_status":"closed","template":"","meta":{"_acf_changed":false,"footnotes":""},"class_list":["post-23570","page","type-page","status-publish","hentry"],"acf":[],"aioseo_notices":[],"_links":{"self":[{"href":"https:\/\/www.sci-services.ch\/fr\/wp-json\/wp\/v2\/pages\/23570","targetHints":{"allow":["GET"]}}],"collection":[{"href":"https:\/\/www.sci-services.ch\/fr\/wp-json\/wp\/v2\/pages"}],"about":[{"href":"https:\/\/www.sci-services.ch\/fr\/wp-json\/wp\/v2\/types\/page"}],"author":[{"embeddable":true,"href":"https:\/\/www.sci-services.ch\/fr\/wp-json\/wp\/v2\/users\/4"}],"replies":[{"embeddable":true,"href":"https:\/\/www.sci-services.ch\/fr\/wp-json\/wp\/v2\/comments?post=23570"}],"version-history":[{"count":1,"href":"https:\/\/www.sci-services.ch\/fr\/wp-json\/wp\/v2\/pages\/23570\/revisions"}],"predecessor-version":[{"id":23571,"href":"https:\/\/www.sci-services.ch\/fr\/wp-json\/wp\/v2\/pages\/23570\/revisions\/23571"}],"wp:attachment":[{"href":"https:\/\/www.sci-services.ch\/fr\/wp-json\/wp\/v2\/media?parent=23570"}],"curies":[{"name":"wp","href":"https:\/\/api.w.org\/{rel}","templated":true}]}}