{"id":23549,"date":"2025-06-03T10:16:46","date_gmt":"2025-06-03T08:16:46","guid":{"rendered":"https:\/\/www.sci-services.ch\/milky-eco-line\/"},"modified":"2025-06-05T12:22:42","modified_gmt":"2025-06-05T10:22:42","slug":"milky-eco-line","status":"publish","type":"page","link":"https:\/\/www.sci-services.ch\/fr\/milky-eco-line\/","title":{"rendered":"Milky ECO\u00ae Line"},"content":{"rendered":"\t\t<div data-elementor-type=\"wp-page\" data-elementor-id=\"23549\" class=\"elementor elementor-23549 elementor-23510\" data-elementor-post-type=\"page\">\n\t\t\t\t\t\t<section class=\"has_eae_slider elementor-section elementor-top-section elementor-element elementor-element-a3ca00c elementor-section-boxed elementor-section-height-default elementor-section-height-default\" data-eae-slider=\"60534\" data-id=\"a3ca00c\" data-element_type=\"section\" data-e-type=\"section\" data-settings=\"{&quot;background_background&quot;:&quot;classic&quot;,&quot;shape_divider_bottom&quot;:&quot;waves&quot;}\">\n\t\t\t\t\t\t\t<div class=\"elementor-background-overlay\"><\/div>\n\t\t\t\t\t\t<div class=\"elementor-shape elementor-shape-bottom\" aria-hidden=\"true\" data-negative=\"false\">\n\t\t\t<svg xmlns=\"http:\/\/www.w3.org\/2000\/svg\" viewBox=\"0 0 1000 100\" preserveAspectRatio=\"none\">\n\t<path class=\"elementor-shape-fill\" d=\"M421.9,6.5c22.6-2.5,51.5,0.4,75.5,5.3c23.6,4.9,70.9,23.5,100.5,35.7c75.8,32.2,133.7,44.5,192.6,49.7\n\tc23.6,2.1,48.7,3.5,103.4-2.5c54.7-6,106.2-25.6,106.2-25.6V0H0v30.3c0,0,72,32.6,158.4,30.5c39.2-0.7,92.8-6.7,134-22.4\n\tc21.2-8.1,52.2-18.2,79.7-24.2C399.3,7.9,411.6,7.5,421.9,6.5z\"\/>\n<\/svg>\t\t<\/div>\n\t\t\t\t\t<div class=\"elementor-container elementor-column-gap-default\">\n\t\t\t\t\t<div class=\"has_eae_slider elementor-column elementor-col-100 elementor-top-column elementor-element elementor-element-87175e6\" data-eae-slider=\"81231\" data-id=\"87175e6\" data-element_type=\"column\" data-e-type=\"column\">\n\t\t\t<div class=\"elementor-widget-wrap\">\n\t\t\t\t\t\t\t<\/div>\n\t\t<\/div>\n\t\t\t\t\t<\/div>\n\t\t<\/section>\n\t\t\t\t<section class=\"has_eae_slider elementor-section elementor-top-section elementor-element elementor-element-68c2083 elementor-section-boxed elementor-section-height-default elementor-section-height-default\" data-eae-slider=\"57044\" data-id=\"68c2083\" data-element_type=\"section\" data-e-type=\"section\">\n\t\t\t\t\t\t<div class=\"elementor-container elementor-column-gap-default\">\n\t\t\t\t\t<div class=\"has_eae_slider elementor-column elementor-col-100 elementor-top-column elementor-element elementor-element-e8a3fb8\" data-eae-slider=\"99371\" data-id=\"e8a3fb8\" data-element_type=\"column\" data-e-type=\"column\">\n\t\t\t<div class=\"elementor-widget-wrap elementor-element-populated\">\n\t\t\t\t\t\t<div class=\"elementor-element elementor-element-0d89ddf elementor-widget elementor-widget-heading\" data-id=\"0d89ddf\" data-element_type=\"widget\" data-e-type=\"widget\" data-widget_type=\"heading.default\">\n\t\t\t\t<div class=\"elementor-widget-container\">\n\t\t\t\t\t<h1 class=\"elementor-heading-title elementor-size-default\"><span style=\"color:#0077BD\">Milky eCo\u00ae Line<\/span><\/h1>\t\t\t\t<\/div>\n\t\t\t\t<\/div>\n\t\t\t\t\t<\/div>\n\t\t<\/div>\n\t\t\t\t\t<\/div>\n\t\t<\/section>\n\t\t\t\t<section class=\"has_eae_slider elementor-section elementor-top-section elementor-element elementor-element-3c4cbaa elementor-section-boxed elementor-section-height-default elementor-section-height-default\" data-eae-slider=\"70836\" data-id=\"3c4cbaa\" data-element_type=\"section\" data-e-type=\"section\">\n\t\t\t\t\t\t<div class=\"elementor-container elementor-column-gap-default\">\n\t\t\t\t\t<div class=\"has_eae_slider elementor-column elementor-col-100 elementor-top-column elementor-element elementor-element-cef3a6b\" data-eae-slider=\"22824\" data-id=\"cef3a6b\" data-element_type=\"column\" data-e-type=\"column\">\n\t\t\t<div class=\"elementor-widget-wrap elementor-element-populated\">\n\t\t\t\t\t\t<div class=\"elementor-element elementor-element-e9999f2 elementor-widget elementor-widget-text-editor\" data-id=\"e9999f2\" data-element_type=\"widget\" data-e-type=\"widget\" data-widget_type=\"text-editor.default\">\n\t\t\t\t<div class=\"elementor-widget-container\">\n\t\t\t\t\t\t\t\t\t<p>TRANSPARENCE INTELLIGENTE POUR UNE MAINTENANCE EFFICACE<br \/>La couleur opale est un atout majeur de cette gamme de produits : sa transparence permet de v\u00e9rifier rapidement le niveau de papier ou de savon sans avoir \u00e0 ouvrir le distributeur.<br \/>Une fonctionnalit\u00e9 simple mais efficace qui fait gagner un temps pr\u00e9cieux aux entreprises de nettoyage.<\/p>\n<p>DURABILIT\u00c9<\/p>\n<p>Nous prenons tr\u00e8s au s\u00e9rieux l\u2019empreinte \u00e9cologique de nos produits.<br \/>C\u2019est pourquoi la gamme Milky ECO\u00ae Line est con\u00e7ue avec la durabilit\u00e9 \u00e0 l\u2019esprit, en utilisant des mat\u00e9riaux recycl\u00e9s dans toute la gamme.<br \/>\u2022 Les capots et les plaques arri\u00e8re sont fabriqu\u00e9s en polypropyl\u00e8ne recycl\u00e9.<br \/>\u2022 Tous les emballages sont en carton recycl\u00e9, et nous utilisons des \u00e9tiquettes plut\u00f4t qu\u2019une impression directe sur les bo\u00eetes, afin de r\u00e9duire l\u2019utilisation d\u2019encre.<\/p>\n\t\t\t\t\t\t\t\t<\/div>\n\t\t\t\t<\/div>\n\t\t\t\t\t<\/div>\n\t\t<\/div>\n\t\t\t\t\t<\/div>\n\t\t<\/section>\n\t\t\t\t<section class=\"has_eae_slider elementor-section elementor-top-section elementor-element elementor-element-3f6f28d elementor-section-boxed elementor-section-height-default elementor-section-height-default\" data-eae-slider=\"85673\" data-id=\"3f6f28d\" data-element_type=\"section\" data-e-type=\"section\">\n\t\t\t\t\t\t<div class=\"elementor-container elementor-column-gap-default\">\n\t\t\t\t\t<div class=\"has_eae_slider elementor-column elementor-col-100 elementor-top-column elementor-element elementor-element-051983c\" data-eae-slider=\"59370\" data-id=\"051983c\" data-element_type=\"column\" data-e-type=\"column\">\n\t\t\t<div class=\"elementor-widget-wrap elementor-element-populated\">\n\t\t\t\t\t\t<div class=\"elementor-element elementor-element-b10c832 elementor-widget elementor-widget-text-editor\" data-id=\"b10c832\" data-element_type=\"widget\" data-e-type=\"widget\" data-widget_type=\"text-editor.default\">\n\t\t\t\t<div class=\"elementor-widget-container\">\n\t\t\t\t\t\t\t\t\t<p><div class=\"_df_book df-lite\" id=\"df_23495\"  _slug=\"milky-eco-line-fr\" data-title=\"milky-eco-line-fr\" wpoptions=\"true\" thumb=\"https:\/\/www.sci-services.ch\/wp-content\/uploads\/2025\/05\/MilkyEcoRange.png\" thumbtype=\"\" ><\/div><script class=\"df-shortcode-script\" nowprocket type=\"application\/javascript\">window.option_df_23495 = {\"outline\":[],\"autoEnableOutline\":\"false\",\"autoEnableThumbnail\":\"false\",\"overwritePDFOutline\":\"false\",\"direction\":\"1\",\"pageSize\":\"0\",\"source\":\"https:\\\/\\\/www.sci-services.ch\\\/wp-content\\\/uploads\\\/2025\\\/05\\\/BR_MilkyEco_2025-FR.pdf\",\"wpOptions\":\"true\"}; if(window.DFLIP && window.DFLIP.parseBooks){window.DFLIP.parseBooks();}<\/script><\/p>\n<div><\/div>\n\t\t\t\t\t\t\t\t<\/div>\n\t\t\t\t<\/div>\n\t\t\t\t\t<\/div>\n\t\t<\/div>\n\t\t\t\t\t<\/div>\n\t\t<\/section>\n\t\t\t\t<\/div>\n\t\t","protected":false},"excerpt":{"rendered":"<p>Milky eCo\u00ae Line TRANSPARENCE INTELLIGENTE POUR UNE MAINTENANCE EFFICACELa couleur opale est un atout majeur de cette gamme de produits : sa transparence permet de v\u00e9rifier rapidement le niveau de papier ou de savon sans avoir \u00e0 ouvrir le distributeur.Une fonctionnalit\u00e9 simple mais efficace qui fait gagner un temps pr\u00e9cieux aux entreprises de nettoyage. DURABILIT\u00c9 [&hellip;]<\/p>\n","protected":false},"author":4,"featured_media":0,"parent":0,"menu_order":0,"comment_status":"closed","ping_status":"closed","template":"","meta":{"_acf_changed":false,"footnotes":""},"class_list":["post-23549","page","type-page","status-publish","hentry"],"acf":[],"aioseo_notices":[],"_links":{"self":[{"href":"https:\/\/www.sci-services.ch\/fr\/wp-json\/wp\/v2\/pages\/23549","targetHints":{"allow":["GET"]}}],"collection":[{"href":"https:\/\/www.sci-services.ch\/fr\/wp-json\/wp\/v2\/pages"}],"about":[{"href":"https:\/\/www.sci-services.ch\/fr\/wp-json\/wp\/v2\/types\/page"}],"author":[{"embeddable":true,"href":"https:\/\/www.sci-services.ch\/fr\/wp-json\/wp\/v2\/users\/4"}],"replies":[{"embeddable":true,"href":"https:\/\/www.sci-services.ch\/fr\/wp-json\/wp\/v2\/comments?post=23549"}],"version-history":[{"count":8,"href":"https:\/\/www.sci-services.ch\/fr\/wp-json\/wp\/v2\/pages\/23549\/revisions"}],"predecessor-version":[{"id":23558,"href":"https:\/\/www.sci-services.ch\/fr\/wp-json\/wp\/v2\/pages\/23549\/revisions\/23558"}],"wp:attachment":[{"href":"https:\/\/www.sci-services.ch\/fr\/wp-json\/wp\/v2\/media?parent=23549"}],"curies":[{"name":"wp","href":"https:\/\/api.w.org\/{rel}","templated":true}]}}