{"id":23024,"date":"2024-11-28T10:22:48","date_gmt":"2024-11-28T09:22:48","guid":{"rendered":"https:\/\/www.sci-services.ch\/eurostyle-ng-armoires-professionnelles\/"},"modified":"2025-09-11T14:11:28","modified_gmt":"2025-09-11T12:11:28","slug":"eurostyle-ng-armoires-professionnelles","status":"publish","type":"page","link":"https:\/\/www.sci-services.ch\/fr\/eurostyle-ng-armoires-professionnelles\/","title":{"rendered":"Eurostyle NG &#8211; Armoires professionnelles"},"content":{"rendered":"\t\t<div data-elementor-type=\"wp-page\" data-elementor-id=\"23024\" class=\"elementor elementor-23024 elementor-22544\" data-elementor-post-type=\"page\">\n\t\t\t\t\t\t<section class=\"has_eae_slider elementor-section elementor-top-section elementor-element elementor-element-a3ca00c elementor-section-boxed elementor-section-height-default elementor-section-height-default\" data-eae-slider=\"51800\" data-id=\"a3ca00c\" data-element_type=\"section\" data-e-type=\"section\" data-settings=\"{&quot;background_background&quot;:&quot;classic&quot;,&quot;shape_divider_bottom&quot;:&quot;waves&quot;}\">\n\t\t\t\t\t\t\t<div class=\"elementor-background-overlay\"><\/div>\n\t\t\t\t\t\t<div class=\"elementor-shape elementor-shape-bottom\" aria-hidden=\"true\" data-negative=\"false\">\n\t\t\t<svg xmlns=\"http:\/\/www.w3.org\/2000\/svg\" viewBox=\"0 0 1000 100\" preserveAspectRatio=\"none\">\n\t<path class=\"elementor-shape-fill\" d=\"M421.9,6.5c22.6-2.5,51.5,0.4,75.5,5.3c23.6,4.9,70.9,23.5,100.5,35.7c75.8,32.2,133.7,44.5,192.6,49.7\n\tc23.6,2.1,48.7,3.5,103.4-2.5c54.7-6,106.2-25.6,106.2-25.6V0H0v30.3c0,0,72,32.6,158.4,30.5c39.2-0.7,92.8-6.7,134-22.4\n\tc21.2-8.1,52.2-18.2,79.7-24.2C399.3,7.9,411.6,7.5,421.9,6.5z\"\/>\n<\/svg>\t\t<\/div>\n\t\t\t\t\t<div class=\"elementor-container elementor-column-gap-default\">\n\t\t\t\t\t<div class=\"has_eae_slider elementor-column elementor-col-100 elementor-top-column elementor-element elementor-element-87175e6\" data-eae-slider=\"45440\" data-id=\"87175e6\" data-element_type=\"column\" data-e-type=\"column\">\n\t\t\t<div class=\"elementor-widget-wrap\">\n\t\t\t\t\t\t\t<\/div>\n\t\t<\/div>\n\t\t\t\t\t<\/div>\n\t\t<\/section>\n\t\t\t\t<section class=\"has_eae_slider elementor-section elementor-top-section elementor-element elementor-element-68c2083 elementor-section-boxed elementor-section-height-default elementor-section-height-default\" data-eae-slider=\"70892\" data-id=\"68c2083\" data-element_type=\"section\" data-e-type=\"section\">\n\t\t\t\t\t\t<div class=\"elementor-container elementor-column-gap-default\">\n\t\t\t\t\t<div class=\"has_eae_slider elementor-column elementor-col-100 elementor-top-column elementor-element elementor-element-e8a3fb8\" data-eae-slider=\"45324\" data-id=\"e8a3fb8\" data-element_type=\"column\" data-e-type=\"column\">\n\t\t\t<div class=\"elementor-widget-wrap elementor-element-populated\">\n\t\t\t\t\t\t<div class=\"elementor-element elementor-element-0d89ddf elementor-widget elementor-widget-heading\" data-id=\"0d89ddf\" data-element_type=\"widget\" data-e-type=\"widget\" data-widget_type=\"heading.default\">\n\t\t\t\t<div class=\"elementor-widget-container\">\n\t\t\t\t\t<h1 class=\"elementor-heading-title elementor-size-default\"><font color=\"#0077bd\">Eurostyle NG<\/font><\/h1>\t\t\t\t<\/div>\n\t\t\t\t<\/div>\n\t\t\t\t\t<\/div>\n\t\t<\/div>\n\t\t\t\t\t<\/div>\n\t\t<\/section>\n\t\t\t\t<section class=\"has_eae_slider elementor-section elementor-top-section elementor-element elementor-element-3c4cbaa elementor-section-boxed elementor-section-height-default elementor-section-height-default\" data-eae-slider=\"32283\" data-id=\"3c4cbaa\" data-element_type=\"section\" data-e-type=\"section\">\n\t\t\t\t\t\t<div class=\"elementor-container elementor-column-gap-default\">\n\t\t\t\t\t<div class=\"has_eae_slider elementor-column elementor-col-50 elementor-top-column elementor-element elementor-element-cef3a6b\" data-eae-slider=\"38737\" data-id=\"cef3a6b\" data-element_type=\"column\" data-e-type=\"column\">\n\t\t\t<div class=\"elementor-widget-wrap elementor-element-populated\">\n\t\t\t\t\t\t<div class=\"elementor-element elementor-element-010635a elementor-widget elementor-widget-text-editor\" data-id=\"010635a\" data-element_type=\"widget\" data-e-type=\"widget\" data-widget_type=\"text-editor.default\">\n\t\t\t\t<div class=\"elementor-widget-container\">\n\t\t\t\t\t\t\t\t\t<p>Le meilleur rapport qualit\u00e9-prix sur le march\u00e9 !<\/p>\n<p>Au cours des 20 ann\u00e9es de succ\u00e8s qui ont suivi le lancement de la gamme Eurostyle, nous n&#8217;avons cess\u00e9 d&#8217;am\u00e9liorer notre gamme.<\/p>\n<p>La ligne Eurostyle NG continue d&#8217;offrir le meilleur rapport qualit\u00e9-prix sur le march\u00e9.<\/p>\n<p>Avec une large gamme d&#8217;armoires \u00e0 compartiments et diff\u00e9rentes options pour les v\u00eatements souill\u00e9s, nous r\u00e9pondons aux exigences d&#8217;une grande vari\u00e9t\u00e9 d&#8217;industries.<\/p>\n<p>Toutes les armoires sont \u00e9quip\u00e9es d\u2019une cl\u00e9 passe pour la porte principale et de diff\u00e9rents types de syst\u00e8mes de fermeture pour les portes compartiments.<\/p>\n\t\t\t\t\t\t\t\t<\/div>\n\t\t\t\t<\/div>\n\t\t\t\t<div class=\"elementor-element elementor-element-fae041c elementor-widget elementor-widget-button\" data-id=\"fae041c\" data-element_type=\"widget\" data-e-type=\"widget\" data-widget_type=\"button.default\">\n\t\t\t\t<div class=\"elementor-widget-container\">\n\t\t\t\t\t\t\t\t\t<div class=\"elementor-button-wrapper\">\n\t\t\t\t\t<a class=\"elementor-button elementor-button-link elementor-size-sm\" href=\"https:\/\/www.sci-services.ch\/fr\/brochure-lockers-for-professional-garments-storage\/\">\n\t\t\t\t\t\t<span class=\"elementor-button-content-wrapper\">\n\t\t\t\t\t\t\t\t\t<span class=\"elementor-button-text\">Brochure Armoires professionnelles<\/span>\n\t\t\t\t\t<\/span>\n\t\t\t\t\t<\/a>\n\t\t\t\t<\/div>\n\t\t\t\t\t\t\t\t<\/div>\n\t\t\t\t<\/div>\n\t\t\t\t<div class=\"elementor-element elementor-element-b7a29e8 elementor-widget elementor-widget-text-editor\" data-id=\"b7a29e8\" data-element_type=\"widget\" data-e-type=\"widget\" data-widget_type=\"text-editor.default\">\n\t\t\t\t<div class=\"elementor-widget-container\">\n\t\t\t\t\t\t\t\t\t<ul>\n<li style=\"text-align: left;\">Remise en \u00e9tat et entretien faciles directement sur place<\/li>\n<li>Format compact, gain de place<\/li>\n<li>Acier zingu\u00e9 avec rev\u00eatement \u00e9poxy r\u00e9sistant<\/li>\n<li>Cl\u00e9 unique pour porte principale<\/li>\n<li>Serrure \u00e0 cl\u00e9 individuelle ou \u00e0 combinaisons pour chaque compartiment<\/li>\n<\/ul>\n\t\t\t\t\t\t\t\t<\/div>\n\t\t\t\t<\/div>\n\t\t\t\t\t<\/div>\n\t\t<\/div>\n\t\t\t\t<div class=\"has_eae_slider elementor-column elementor-col-50 elementor-top-column elementor-element elementor-element-1550794\" data-eae-slider=\"31109\" data-id=\"1550794\" data-element_type=\"column\" data-e-type=\"column\">\n\t\t\t<div class=\"elementor-widget-wrap elementor-element-populated\">\n\t\t\t\t\t\t<div class=\"elementor-element elementor-element-f60dc91 elementor-widget elementor-widget-image\" data-id=\"f60dc91\" data-element_type=\"widget\" data-e-type=\"widget\" data-widget_type=\"image.default\">\n\t\t\t\t<div class=\"elementor-widget-container\">\n\t\t\t\t\t\t\t\t\t\t\t\t<figure class=\"wp-caption\">\n\t\t\t\t\t\t\t\t\t\t<img fetchpriority=\"high\" decoding=\"async\" width=\"366\" height=\"502\" src=\"https:\/\/www.sci-services.ch\/wp-content\/uploads\/2025\/09\/AdobeStock_291530013_Ambient-grey-half-e1713279933564.png\" class=\"attachment-large size-large wp-image-22464\" alt=\"Lockers for professional garments\" srcset=\"https:\/\/www.sci-services.ch\/wp-content\/uploads\/2025\/09\/AdobeStock_291530013_Ambient-grey-half-e1713279933564.png 366w, https:\/\/www.sci-services.ch\/wp-content\/uploads\/2025\/09\/AdobeStock_291530013_Ambient-grey-half-e1713279933564-219x300.png 219w, https:\/\/www.sci-services.ch\/wp-content\/uploads\/2025\/09\/AdobeStock_291530013_Ambient-grey-half-e1713279933564-300x411.png 300w\" sizes=\"(max-width: 366px) 100vw, 366px\" \/>\t\t\t\t\t\t\t\t\t\t\t<figcaption class=\"widget-image-caption wp-caption-text\"><\/figcaption>\n\t\t\t\t\t\t\t\t\t\t<\/figure>\n\t\t\t\t\t\t\t\t\t<\/div>\n\t\t\t\t<\/div>\n\t\t\t\t\t<\/div>\n\t\t<\/div>\n\t\t\t\t\t<\/div>\n\t\t<\/section>\n\t\t\t\t<section class=\"has_eae_slider elementor-section elementor-top-section elementor-element elementor-element-5f7fa5c elementor-section-boxed elementor-section-height-default elementor-section-height-default\" data-eae-slider=\"42603\" data-id=\"5f7fa5c\" data-element_type=\"section\" data-e-type=\"section\">\n\t\t\t\t\t\t<div class=\"elementor-container elementor-column-gap-default\">\n\t\t\t\t\t<div class=\"has_eae_slider elementor-column elementor-col-100 elementor-top-column elementor-element elementor-element-df28533\" data-eae-slider=\"34207\" data-id=\"df28533\" data-element_type=\"column\" data-e-type=\"column\">\n\t\t\t<div class=\"elementor-widget-wrap elementor-element-populated\">\n\t\t\t\t\t\t\t<\/div>\n\t\t<\/div>\n\t\t\t\t\t<\/div>\n\t\t<\/section>\n\t\t\t\t<section class=\"has_eae_slider elementor-section elementor-top-section elementor-element elementor-element-58d34d4 elementor-section-boxed elementor-section-height-default elementor-section-height-default\" data-eae-slider=\"6508\" data-id=\"58d34d4\" data-element_type=\"section\" data-e-type=\"section\">\n\t\t\t\t\t\t<div class=\"elementor-container elementor-column-gap-default\">\n\t\t\t\t\t<div class=\"has_eae_slider elementor-column elementor-col-100 elementor-top-column elementor-element elementor-element-127ad59\" data-eae-slider=\"86363\" data-id=\"127ad59\" data-element_type=\"column\" data-e-type=\"column\">\n\t\t\t<div class=\"elementor-widget-wrap\">\n\t\t\t\t\t\t\t<\/div>\n\t\t<\/div>\n\t\t\t\t\t<\/div>\n\t\t<\/section>\n\t\t\t\t<\/div>\n\t\t","protected":false},"excerpt":{"rendered":"<p>Armoires professionnelles<\/p>\n","protected":false},"author":4,"featured_media":22464,"parent":0,"menu_order":0,"comment_status":"closed","ping_status":"closed","template":"","meta":{"_acf_changed":false,"footnotes":""},"class_list":["post-23024","page","type-page","status-publish","has-post-thumbnail","hentry"],"acf":[],"aioseo_notices":[],"_links":{"self":[{"href":"https:\/\/www.sci-services.ch\/fr\/wp-json\/wp\/v2\/pages\/23024","targetHints":{"allow":["GET"]}}],"collection":[{"href":"https:\/\/www.sci-services.ch\/fr\/wp-json\/wp\/v2\/pages"}],"about":[{"href":"https:\/\/www.sci-services.ch\/fr\/wp-json\/wp\/v2\/types\/page"}],"author":[{"embeddable":true,"href":"https:\/\/www.sci-services.ch\/fr\/wp-json\/wp\/v2\/users\/4"}],"replies":[{"embeddable":true,"href":"https:\/\/www.sci-services.ch\/fr\/wp-json\/wp\/v2\/comments?post=23024"}],"version-history":[{"count":5,"href":"https:\/\/www.sci-services.ch\/fr\/wp-json\/wp\/v2\/pages\/23024\/revisions"}],"predecessor-version":[{"id":24343,"href":"https:\/\/www.sci-services.ch\/fr\/wp-json\/wp\/v2\/pages\/23024\/revisions\/24343"}],"wp:featuredmedia":[{"embeddable":true,"href":"https:\/\/www.sci-services.ch\/fr\/wp-json\/wp\/v2\/media\/22464"}],"wp:attachment":[{"href":"https:\/\/www.sci-services.ch\/fr\/wp-json\/wp\/v2\/media?parent=23024"}],"curies":[{"name":"wp","href":"https:\/\/api.w.org\/{rel}","templated":true}]}}