{"id":20106,"date":"2023-01-11T14:01:19","date_gmt":"2023-01-11T13:01:19","guid":{"rendered":"https:\/\/www.sci-services.ch\/click-o-matic\/"},"modified":"2025-06-05T10:27:17","modified_gmt":"2025-06-05T08:27:17","slug":"click-o-matic","status":"publish","type":"page","link":"https:\/\/www.sci-services.ch\/fr\/click-o-matic\/","title":{"rendered":"Click-O-Matic\u00ae"},"content":{"rendered":"\t\t<div data-elementor-type=\"wp-page\" data-elementor-id=\"20106\" class=\"elementor elementor-20106 elementor-19354\" data-elementor-post-type=\"page\">\n\t\t\t\t\t\t<section class=\"has_eae_slider elementor-section elementor-top-section elementor-element elementor-element-a3ca00c elementor-section-boxed elementor-section-height-default elementor-section-height-default\" data-eae-slider=\"78128\" data-id=\"a3ca00c\" data-element_type=\"section\" data-e-type=\"section\" data-settings=\"{&quot;background_background&quot;:&quot;classic&quot;,&quot;shape_divider_bottom&quot;:&quot;waves&quot;}\">\n\t\t\t\t\t\t\t<div class=\"elementor-background-overlay\"><\/div>\n\t\t\t\t\t\t<div class=\"elementor-shape elementor-shape-bottom\" aria-hidden=\"true\" data-negative=\"false\">\n\t\t\t<svg xmlns=\"http:\/\/www.w3.org\/2000\/svg\" viewBox=\"0 0 1000 100\" preserveAspectRatio=\"none\">\n\t<path class=\"elementor-shape-fill\" d=\"M421.9,6.5c22.6-2.5,51.5,0.4,75.5,5.3c23.6,4.9,70.9,23.5,100.5,35.7c75.8,32.2,133.7,44.5,192.6,49.7\n\tc23.6,2.1,48.7,3.5,103.4-2.5c54.7-6,106.2-25.6,106.2-25.6V0H0v30.3c0,0,72,32.6,158.4,30.5c39.2-0.7,92.8-6.7,134-22.4\n\tc21.2-8.1,52.2-18.2,79.7-24.2C399.3,7.9,411.6,7.5,421.9,6.5z\"\/>\n<\/svg>\t\t<\/div>\n\t\t\t\t\t<div class=\"elementor-container elementor-column-gap-default\">\n\t\t\t\t\t<div class=\"has_eae_slider elementor-column elementor-col-100 elementor-top-column elementor-element elementor-element-87175e6\" data-eae-slider=\"64996\" data-id=\"87175e6\" data-element_type=\"column\" data-e-type=\"column\">\n\t\t\t<div class=\"elementor-widget-wrap\">\n\t\t\t\t\t\t\t<\/div>\n\t\t<\/div>\n\t\t\t\t\t<\/div>\n\t\t<\/section>\n\t\t\t\t<section class=\"has_eae_slider elementor-section elementor-top-section elementor-element elementor-element-68c2083 elementor-section-boxed elementor-section-height-default elementor-section-height-default\" data-eae-slider=\"92316\" data-id=\"68c2083\" data-element_type=\"section\" data-e-type=\"section\">\n\t\t\t\t\t\t<div class=\"elementor-container elementor-column-gap-default\">\n\t\t\t\t\t<div class=\"has_eae_slider elementor-column elementor-col-100 elementor-top-column elementor-element elementor-element-e8a3fb8\" data-eae-slider=\"11757\" data-id=\"e8a3fb8\" data-element_type=\"column\" data-e-type=\"column\">\n\t\t\t<div class=\"elementor-widget-wrap elementor-element-populated\">\n\t\t\t\t\t\t<div class=\"elementor-element elementor-element-0d89ddf elementor-widget elementor-widget-heading\" data-id=\"0d89ddf\" data-element_type=\"widget\" data-e-type=\"widget\" data-widget_type=\"heading.default\">\n\t\t\t\t<div class=\"elementor-widget-container\">\n\t\t\t\t\t<h1 class=\"elementor-heading-title elementor-size-default\"><span style=\"color:#0077BD\">CLICK-O-MATIC\u00ae<\/span><\/h1>\t\t\t\t<\/div>\n\t\t\t\t<\/div>\n\t\t\t\t\t<\/div>\n\t\t<\/div>\n\t\t\t\t\t<\/div>\n\t\t<\/section>\n\t\t\t\t<section class=\"has_eae_slider elementor-section elementor-top-section elementor-element elementor-element-3c4cbaa elementor-section-boxed elementor-section-height-default elementor-section-height-default\" data-eae-slider=\"67297\" data-id=\"3c4cbaa\" data-element_type=\"section\" data-e-type=\"section\">\n\t\t\t\t\t\t<div class=\"elementor-container elementor-column-gap-default\">\n\t\t\t\t\t<div class=\"has_eae_slider elementor-column elementor-col-50 elementor-top-column elementor-element elementor-element-cef3a6b\" data-eae-slider=\"18985\" data-id=\"cef3a6b\" data-element_type=\"column\" data-e-type=\"column\">\n\t\t\t<div class=\"elementor-widget-wrap elementor-element-populated\">\n\t\t\t\t\t\t<div class=\"elementor-element elementor-element-e9999f2 elementor-widget elementor-widget-text-editor\" data-id=\"e9999f2\" data-element_type=\"widget\" data-e-type=\"widget\" data-widget_type=\"text-editor.default\">\n\t\t\t\t<div class=\"elementor-widget-container\">\n\t\t\t\t\t\t\t\t\t<p>Ces armoires pour blanchisseries sont faciles \u00e0 assembler, ce qui permet une r\u00e9novation simple sur le site du client (enti\u00e8rement clipsables, livr\u00e9es \u00e0 plat ou mont\u00e9es sur demande) : ces armoires, avec distribution horizontale et verticale pour v\u00eatements pli\u00e9s et suspendus, vont de 4 \u00e0 10 compartiments. Toutes les armoires sont \u00e9quip\u00e9es d\u2019une cl\u00e9 passe-partout pour la porte principale et de diff\u00e9rents types de syst\u00e8mes de verrouillage pour les portes des compartiments. Gamme de mod\u00e8les pour le stockage du linge sale<\/p>\n\t\t\t\t\t\t\t\t<\/div>\n\t\t\t\t<\/div>\n\t\t\t\t\t<\/div>\n\t\t<\/div>\n\t\t\t\t<div class=\"has_eae_slider elementor-column elementor-col-50 elementor-top-column elementor-element elementor-element-1550794\" data-eae-slider=\"2248\" data-id=\"1550794\" data-element_type=\"column\" data-e-type=\"column\">\n\t\t\t<div class=\"elementor-widget-wrap elementor-element-populated\">\n\t\t\t\t\t\t<div class=\"elementor-element elementor-element-9375cbd elementor-widget elementor-widget-video\" data-id=\"9375cbd\" data-element_type=\"widget\" data-e-type=\"widget\" data-settings=\"{&quot;youtube_url&quot;:&quot;https:\\\/\\\/www.youtube.com\\\/watch?v=Y9VvoZrHMkU&quot;,&quot;video_type&quot;:&quot;youtube&quot;,&quot;controls&quot;:&quot;yes&quot;}\" data-widget_type=\"video.default\">\n\t\t\t\t<div class=\"elementor-widget-container\">\n\t\t\t\t\t\t\t<div class=\"elementor-wrapper elementor-open-inline\">\n\t\t\t<div class=\"elementor-video\"><\/div>\t\t<\/div>\n\t\t\t\t\t\t<\/div>\n\t\t\t\t<\/div>\n\t\t\t\t\t<\/div>\n\t\t<\/div>\n\t\t\t\t\t<\/div>\n\t\t<\/section>\n\t\t\t\t<section class=\"has_eae_slider elementor-section elementor-top-section elementor-element elementor-element-5f7fa5c elementor-section-boxed elementor-section-height-default elementor-section-height-default\" data-eae-slider=\"38849\" data-id=\"5f7fa5c\" data-element_type=\"section\" data-e-type=\"section\">\n\t\t\t\t\t\t<div class=\"elementor-container elementor-column-gap-default\">\n\t\t\t\t\t<div class=\"has_eae_slider elementor-column elementor-col-100 elementor-top-column elementor-element elementor-element-df28533\" data-eae-slider=\"36151\" data-id=\"df28533\" data-element_type=\"column\" data-e-type=\"column\">\n\t\t\t<div class=\"elementor-widget-wrap elementor-element-populated\">\n\t\t\t\t\t\t<div class=\"elementor-element elementor-element-81d4b1b elementor-grid-4 elementor-grid-tablet-2 elementor-grid-mobile-1 elementor-widget elementor-widget-portfolio\" data-id=\"81d4b1b\" data-element_type=\"widget\" data-e-type=\"widget\" data-settings=\"{&quot;row_gap&quot;:{&quot;unit&quot;:&quot;px&quot;,&quot;size&quot;:25,&quot;sizes&quot;:[]},&quot;columns&quot;:&quot;4&quot;,&quot;item_ratio&quot;:{&quot;unit&quot;:&quot;px&quot;,&quot;size&quot;:1,&quot;sizes&quot;:[]},&quot;columns_tablet&quot;:&quot;2&quot;,&quot;columns_mobile&quot;:&quot;1&quot;,&quot;item_gap&quot;:{&quot;unit&quot;:&quot;px&quot;,&quot;size&quot;:&quot;&quot;,&quot;sizes&quot;:[]}}\" data-widget_type=\"portfolio.default\">\n\t\t\t\t<div class=\"elementor-widget-container\">\n\t\t\t\t\t\t\t<div class=\"elementor-portfolio elementor-grid elementor-posts-container\" role=\"list\">\n\t\t\t\t<article class=\"elementor-portfolio-item elementor-post  post-20806 product type-product status-publish has-post-thumbnail product_group-horizontal-distribution-locker product_group-lockers product_cat-armoires-fr product_cat-click-o-matic-professional-fr pa_color-blanc-coquillage-shell-white pa_color-grigio-scuro pa_compartment-dimensions-380-x-335-mm-fr pa_doors-5-fr-2 pa_material-acier-renforce-epoxy-plaque-zinc pa_product-dimensions-380-x-515-x-1820-mm-fr first instock shipping-taxable product-type-simple\" role=\"listitem\">\n\t\t\t<a class=\"elementor-post__thumbnail__link\" href=\"https:\/\/www.sci-services.ch\/fr\/shop\/armoires-fr\/click-o-matic-professional-fr\/430100-004\/\">\n\t\t\t\t<div class=\"elementor-portfolio-item__img elementor-post__thumbnail\">\n\t\t\t<img fetchpriority=\"high\" decoding=\"async\" width=\"300\" height=\"300\" src=\"https:\/\/www.sci-services.ch\/wp-content\/uploads\/2022\/10\/430100-x-300x300.png\" class=\"attachment-medium size-medium wp-image-21795\" alt=\"\" srcset=\"https:\/\/www.sci-services.ch\/wp-content\/uploads\/2022\/10\/430100-x-300x300.png 300w, https:\/\/www.sci-services.ch\/wp-content\/uploads\/2022\/10\/430100-x-150x150.png 150w, https:\/\/www.sci-services.ch\/wp-content\/uploads\/2022\/10\/430100-x-768x768.png 768w, https:\/\/www.sci-services.ch\/wp-content\/uploads\/2022\/10\/430100-x-100x100.png 100w, https:\/\/www.sci-services.ch\/wp-content\/uploads\/2022\/10\/430100-x.png 1000w\" sizes=\"(max-width: 300px) 100vw, 300px\" \/>\t\t<\/div>\n\t\t\t\t<div class=\"elementor-portfolio-item__overlay\">\n\t\t\t\t<h3 class=\"elementor-portfolio-item__title\">\n\t\tArmoire 5 compartiments\t\t<\/h3>\n\t\t\t\t<\/div>\n\t\t\t\t<\/a>\n\t\t<\/article>\n\t\t\t\t<article class=\"elementor-portfolio-item elementor-post  post-17193 product type-product status-publish has-post-thumbnail product_group-lockers product_group-vertical-distribution-locker product_cat-click-o-matic-2-over-2 product_cat-click-o-matic-professional product_cat-product-line product_cat-products-lines pa_color-dark-grey pa_color-shell-white pa_compartment-dimensions-380-x-870-mm pa_doors-2368 pa_material-epoxy-coated-steel-zinc-plated pa_product-dimensions-760-x-515-x-1820-mm instock shipping-taxable product-type-simple\" role=\"listitem\">\n\t\t\t<a class=\"elementor-post__thumbnail__link\" href=\"https:\/\/www.sci-services.ch\/fr\/shop\/armoires-fr\/click-o-matic-professional-fr\/430200-004\/\">\n\t\t\t\t<div class=\"elementor-portfolio-item__img elementor-post__thumbnail\">\n\t\t\t<img decoding=\"async\" width=\"300\" height=\"300\" src=\"https:\/\/www.sci-services.ch\/wp-content\/uploads\/2023\/06\/430200-x-300x300.png\" class=\"attachment-medium size-medium wp-image-21790\" alt=\"\" srcset=\"https:\/\/www.sci-services.ch\/wp-content\/uploads\/2023\/06\/430200-x-300x300.png 300w, https:\/\/www.sci-services.ch\/wp-content\/uploads\/2023\/06\/430200-x-150x150.png 150w, https:\/\/www.sci-services.ch\/wp-content\/uploads\/2023\/06\/430200-x-768x768.png 768w, https:\/\/www.sci-services.ch\/wp-content\/uploads\/2023\/06\/430200-x-100x100.png 100w, https:\/\/www.sci-services.ch\/wp-content\/uploads\/2023\/06\/430200-x.png 1000w\" sizes=\"(max-width: 300px) 100vw, 300px\" \/>\t\t<\/div>\n\t\t\t\t<div class=\"elementor-portfolio-item__overlay\">\n\t\t\t\t<h3 class=\"elementor-portfolio-item__title\">\n\t\t2&#215;2 compartments locker\t\t<\/h3>\n\t\t\t\t<\/div>\n\t\t\t\t<\/a>\n\t\t<\/article>\n\t\t\t\t<article class=\"elementor-portfolio-item elementor-post  post-21103 product type-product status-publish has-post-thumbnail product_group-laundry-lock-up product_group-lockers product_cat-click-o-matic-professional-fr product_cat-hygiene-line pa_color-blanc-coquillage-shell-white pa_color-grigio-scuro pa_material-acier-renforce-epoxy-plaque-zinc pa_product-dimensions-380-x-515-x-1820-mm-fr last instock shipping-taxable product-type-simple\" role=\"listitem\">\n\t\t\t<a class=\"elementor-post__thumbnail__link\" href=\"https:\/\/www.sci-services.ch\/fr\/shop\/armoires-fr\/click-o-matic-professional-fr\/430010-004\/\">\n\t\t\t\t<div class=\"elementor-portfolio-item__img elementor-post__thumbnail\">\n\t\t\t<img decoding=\"async\" width=\"300\" height=\"300\" src=\"https:\/\/www.sci-services.ch\/wp-content\/uploads\/2022\/10\/430010-4.png\" class=\"attachment-medium size-medium wp-image-17209\" alt=\"\" \/>\t\t<\/div>\n\t\t\t\t<div class=\"elementor-portfolio-item__overlay\">\n\t\t\t\t<h3 class=\"elementor-portfolio-item__title\">\n\t\tLL\t\t<\/h3>\n\t\t\t\t<\/div>\n\t\t\t\t<\/a>\n\t\t<\/article>\n\t\t\t\t<article class=\"elementor-portfolio-item elementor-post  post-21306 product type-product status-publish has-post-thumbnail product_group-horizontal-distribution-locker product_group-lockers product_cat-armoires-fr product_cat-click-o-matic-professional-fr product_cat-hygiene-line pa_color-blanc-coquillage-shell-white pa_color-grigio-scuro pa_compartment-dimensions-380-x-165-mm-fr pa_doors-10-fr-2 pa_material-acier-renforce-epoxy-plaque-zinc pa_product-dimensions-380-x-515-x-1820-mm-fr first instock shipping-taxable product-type-simple\" role=\"listitem\">\n\t\t\t<a class=\"elementor-post__thumbnail__link\" href=\"https:\/\/www.sci-services.ch\/fr\/shop\/armoires-fr\/click-o-matic-professional-fr\/430140-104\/\">\n\t\t\t\t<div class=\"elementor-portfolio-item__img elementor-post__thumbnail\">\n\t\t\t<img loading=\"lazy\" decoding=\"async\" width=\"300\" height=\"300\" src=\"https:\/\/www.sci-services.ch\/wp-content\/uploads\/2022\/10\/430140-5.png\" class=\"attachment-medium size-medium wp-image-17154\" alt=\"\" \/>\t\t<\/div>\n\t\t\t\t<div class=\"elementor-portfolio-item__overlay\">\n\t\t\t\t<h3 class=\"elementor-portfolio-item__title\">\n\t\tArmoire 10 compartiments\t\t<\/h3>\n\t\t\t\t<\/div>\n\t\t\t\t<\/a>\n\t\t<\/article>\n\t\t\t\t<\/div>\n\t\t\t\t\t\t<\/div>\n\t\t\t\t<\/div>\n\t\t\t\t\t<\/div>\n\t\t<\/div>\n\t\t\t\t\t<\/div>\n\t\t<\/section>\n\t\t\t\t<section class=\"has_eae_slider elementor-section elementor-top-section elementor-element elementor-element-b45ffe8 elementor-section-boxed elementor-section-height-default elementor-section-height-default\" data-eae-slider=\"17614\" data-id=\"b45ffe8\" data-element_type=\"section\" data-e-type=\"section\">\n\t\t\t\t\t\t<div class=\"elementor-container elementor-column-gap-default\">\n\t\t\t\t\t<div class=\"has_eae_slider elementor-column elementor-col-100 elementor-top-column elementor-element elementor-element-6d098e1\" data-eae-slider=\"50723\" data-id=\"6d098e1\" data-element_type=\"column\" data-e-type=\"column\">\n\t\t\t<div class=\"elementor-widget-wrap elementor-element-populated\">\n\t\t\t\t\t\t<div class=\"elementor-element elementor-element-d19f12f elementor-widget elementor-widget-button\" data-id=\"d19f12f\" data-element_type=\"widget\" data-e-type=\"widget\" data-widget_type=\"button.default\">\n\t\t\t\t<div class=\"elementor-widget-container\">\n\t\t\t\t\t\t\t\t\t<div class=\"elementor-button-wrapper\">\n\t\t\t\t\t<a class=\"elementor-button elementor-button-link elementor-size-sm\" href=\"https:\/\/www.sci-services.ch\/wp-content\/uploads\/2023\/03\/430xx0-2021-03_Mounting_instructions_simple.pdf\">\n\t\t\t\t\t\t<span class=\"elementor-button-content-wrapper\">\n\t\t\t\t\t\t\t\t\t<span class=\"elementor-button-text\">Instructions 430100 - 430140 - 430010<\/span>\n\t\t\t\t\t<\/span>\n\t\t\t\t\t<\/a>\n\t\t\t\t<\/div>\n\t\t\t\t\t\t\t\t<\/div>\n\t\t\t\t<\/div>\n\t\t\t\t<div class=\"elementor-element elementor-element-94a4f4a elementor-widget elementor-widget-button\" data-id=\"94a4f4a\" data-element_type=\"widget\" data-e-type=\"widget\" data-widget_type=\"button.default\">\n\t\t\t\t<div class=\"elementor-widget-container\">\n\t\t\t\t\t\t\t\t\t<div class=\"elementor-button-wrapper\">\n\t\t\t\t\t<a class=\"elementor-button elementor-button-link elementor-size-sm\" href=\"https:\/\/www.sci-services.ch\/wp-content\/uploads\/2023\/03\/430xx0-2021-03_Mounting_instructions_double.pdf\">\n\t\t\t\t\t\t<span class=\"elementor-button-content-wrapper\">\n\t\t\t\t\t\t\t\t\t<span class=\"elementor-button-text\">Instructions 430120 - 430160 - 430200<\/span>\n\t\t\t\t\t<\/span>\n\t\t\t\t\t<\/a>\n\t\t\t\t<\/div>\n\t\t\t\t\t\t\t\t<\/div>\n\t\t\t\t<\/div>\n\t\t\t\t<div class=\"elementor-element elementor-element-0da4d25 elementor-widget elementor-widget-button\" data-id=\"0da4d25\" data-element_type=\"widget\" data-e-type=\"widget\" data-widget_type=\"button.default\">\n\t\t\t\t<div class=\"elementor-widget-container\">\n\t\t\t\t\t\t\t\t\t<div class=\"elementor-button-wrapper\">\n\t\t\t\t\t<a class=\"elementor-button elementor-button-link elementor-size-sm\" href=\"https:\/\/www.sci-services.ch\/wp-content\/uploads\/2023\/03\/450010-2021-03_Mounting_instructions_ConsumerLocker.pdf\">\n\t\t\t\t\t\t<span class=\"elementor-button-content-wrapper\">\n\t\t\t\t\t\t\t\t\t<span class=\"elementor-button-text\">Instructions Personal storage locker - 450010<\/span>\n\t\t\t\t\t<\/span>\n\t\t\t\t\t<\/a>\n\t\t\t\t<\/div>\n\t\t\t\t\t\t\t\t<\/div>\n\t\t\t\t<\/div>\n\t\t\t\t\t<\/div>\n\t\t<\/div>\n\t\t\t\t\t<\/div>\n\t\t<\/section>\n\t\t\t\t<\/div>\n\t\t","protected":false},"excerpt":{"rendered":"<p>CLICK-O-MATIC\u00ae Ces armoires pour blanchisseries sont faciles \u00e0 assembler, ce qui permet une r\u00e9novation simple sur le site du client (enti\u00e8rement clipsables, livr\u00e9es \u00e0 plat ou mont\u00e9es sur demande) : ces armoires, avec distribution horizontale et verticale pour v\u00eatements pli\u00e9s et suspendus, vont de 4 \u00e0 10 compartiments. Toutes les armoires sont \u00e9quip\u00e9es d\u2019une cl\u00e9 [&hellip;]<\/p>\n","protected":false},"author":4,"featured_media":0,"parent":0,"menu_order":0,"comment_status":"closed","ping_status":"closed","template":"","meta":{"_acf_changed":false,"footnotes":""},"class_list":["post-20106","page","type-page","status-publish","hentry"],"acf":[],"aioseo_notices":[],"_links":{"self":[{"href":"https:\/\/www.sci-services.ch\/fr\/wp-json\/wp\/v2\/pages\/20106","targetHints":{"allow":["GET"]}}],"collection":[{"href":"https:\/\/www.sci-services.ch\/fr\/wp-json\/wp\/v2\/pages"}],"about":[{"href":"https:\/\/www.sci-services.ch\/fr\/wp-json\/wp\/v2\/types\/page"}],"author":[{"embeddable":true,"href":"https:\/\/www.sci-services.ch\/fr\/wp-json\/wp\/v2\/users\/4"}],"replies":[{"embeddable":true,"href":"https:\/\/www.sci-services.ch\/fr\/wp-json\/wp\/v2\/comments?post=20106"}],"version-history":[{"count":2,"href":"https:\/\/www.sci-services.ch\/fr\/wp-json\/wp\/v2\/pages\/20106\/revisions"}],"predecessor-version":[{"id":23577,"href":"https:\/\/www.sci-services.ch\/fr\/wp-json\/wp\/v2\/pages\/20106\/revisions\/23577"}],"wp:attachment":[{"href":"https:\/\/www.sci-services.ch\/fr\/wp-json\/wp\/v2\/media?parent=20106"}],"curies":[{"name":"wp","href":"https:\/\/api.w.org\/{rel}","templated":true}]}}