{"id":24125,"date":"2025-07-22T14:03:20","date_gmt":"2025-07-22T12:03:20","guid":{"rendered":"https:\/\/www.sci-services.ch\/?post_type=product&#038;p=24125"},"modified":"2025-07-22T14:30:32","modified_gmt":"2025-07-22T12:30:32","slug":"115-rb-sensor-copy-2-2","status":"publish","type":"product","link":"https:\/\/www.sci-services.ch\/de\/shop\/hygiene-de\/115-rb-sensor-copy-2-2\/","title":{"rendered":"112 B"},"content":{"rendered":"<p>Dieser kompakte Seifenspender ist f\u00fcr eine m\u00fchelose Bedienung und ein schnelles Nachf\u00fcllen konzipiert. Er ist mit unseren Seifenkartuschen kompatibel und unterst\u00fctzt sowohl Schaum- als auch Fl\u00fcssigseife \u2013 f\u00fcr maximale Vielseitigkeit und Komfort.<\/p>\n","protected":false},"excerpt":{"rendered":"<p>Seifenspender &#8211; 1000 ml<\/p>\n","protected":false},"featured_media":24143,"template":"","meta":{"_acf_changed":false},"product_group":[{"id":2051,"name":"Hygiene","slug":"hygiene"},{"id":2068,"name":"Hygiene Dispensers","slug":"hygiene-dispensers"},{"id":2053,"name":"Soap Dispensers","slug":"soap_dispensers"}],"product_cat":[1036,2397,3392],"product_tag":[],"class_list":{"0":"post-24125","1":"product","2":"type-product","3":"status-publish","4":"has-post-thumbnail","6":"product_group-hygiene","7":"product_group-hygiene-dispensers","8":"product_group-soap_dispensers","9":"product_cat-hygiene-de","10":"product_cat-product-line-de","11":"product_cat-simply-eco3-line-de","12":"pa_consumable-flussigseife-de","13":"pa_consumable-schaumseife","14":"pa_content-1000-ml-de","15":"pa_drop-size-flussigseife-sanitizer-1-2-ml-schaumseife-0-4-ml","16":"pa_material-100-recyceltes-pp-mit-holzanteil","17":"pa_packing-carton-2393","18":"pa_packing-pallet-345-de","19":"pa_ph-range-ph-5-8-de","20":"pa_refill-cartridge-sicc-patronen","21":"pa_viscosity-schaumseife-1-5-10-mpa-s-flussigseife-0-5-35-dpa-s-503500-mpa-s-sanitizer-15-mpa-s","23":"first","24":"instock","25":"shipping-taxable","26":"product-type-simple"},"acf":[],"aioseo_notices":[],"_links":{"self":[{"href":"https:\/\/www.sci-services.ch\/de\/wp-json\/wp\/v2\/product\/24125","targetHints":{"allow":["GET"]}}],"collection":[{"href":"https:\/\/www.sci-services.ch\/de\/wp-json\/wp\/v2\/product"}],"about":[{"href":"https:\/\/www.sci-services.ch\/de\/wp-json\/wp\/v2\/types\/product"}],"wp:featuredmedia":[{"embeddable":true,"href":"https:\/\/www.sci-services.ch\/de\/wp-json\/wp\/v2\/media\/24143"}],"wp:attachment":[{"href":"https:\/\/www.sci-services.ch\/de\/wp-json\/wp\/v2\/media?parent=24125"}],"wp:term":[{"taxonomy":"product_group","embeddable":true,"href":"https:\/\/www.sci-services.ch\/de\/wp-json\/wp\/v2\/product_group?post=24125"},{"taxonomy":"product_cat","embeddable":true,"href":"https:\/\/www.sci-services.ch\/de\/wp-json\/wp\/v2\/product_cat?post=24125"},{"taxonomy":"product_tag","embeddable":true,"href":"https:\/\/www.sci-services.ch\/de\/wp-json\/wp\/v2\/product_tag?post=24125"}],"curies":[{"name":"wp","href":"https:\/\/api.w.org\/{rel}","templated":true}]}}