{"id":23963,"date":"2025-06-20T15:39:39","date_gmt":"2025-06-20T13:39:39","guid":{"rendered":"https:\/\/www.sci-services.ch\/?post_type=product&#038;p=23963"},"modified":"2025-06-24T09:46:05","modified_gmt":"2025-06-24T07:46:05","slug":"5%e2%80%90facherschrank-copy","status":"publish","type":"product","link":"https:\/\/www.sci-services.ch\/de\/shop\/products-lines-de\/eurostyle-2-de\/5%e2%80%90facherschrank-copy\/","title":{"rendered":"5\u2010F\u00e4cherschrank INOX"},"content":{"rendered":"<p><strong>Verf\u00fcgbar auf Anfrage<\/strong><\/p>\n<p>Dieses neue Schlie\u00dffachsystem wird vollst\u00e4ndig aus INOX AiSi 304 Edelstahl hergestellt. Die Produkte sind auf Anfrage erh\u00e4ltlich und unterliegen Mindestbestellmengen.<br \/>\nIm Vergleich zu herk\u00f6mmlichen Stahlschr\u00e4nken bietet Edelstahl eine h\u00f6here Rostbest\u00e4ndigkeit, ist leichter zu reinigen und hat eine l\u00e4ngere Lebensdauer \u2013 ideal f\u00fcr Umgebungen mit hoher Luftfeuchtigkeit oder strengen Hygieneanforderungen.<br \/>\nDiese Schlie\u00dff\u00e4cher sind die ideale L\u00f6sung f\u00fcr die Lebensmittelindustrie und andere Branchen, die hygienische, langlebige und moderne Aufbewahrungssysteme erfordern.<\/p>\n","protected":false},"excerpt":{"rendered":"<p>Verf\u00fcgbar auf Anfrage Dieses neue Schlie\u00dffachsystem wird vollst\u00e4ndig aus INOX AiSi 304 Edelstahl hergestellt. Die Produkte sind auf Anfrage erh\u00e4ltlich und unterliegen Mindestbestellmengen. Im Vergleich zu herk\u00f6mmlichen Stahlschr\u00e4nken bietet Edelstahl eine h\u00f6here Rostbest\u00e4ndigkeit, ist leichter zu reinigen und hat eine l\u00e4ngere Lebensdauer \u2013 ideal f\u00fcr Umgebungen mit hoher Luftfeuchtigkeit oder strengen Hygieneanforderungen. Diese Schlie\u00dff\u00e4cher sind [&hellip;]<\/p>\n","protected":false},"featured_media":17341,"template":"","meta":{"_acf_changed":false},"product_group":[{"id":2062,"name":"Horizontal distribution locker","slug":"horizontal-distribution-locker"},{"id":2061,"name":"Lockers","slug":"lockers"}],"product_cat":[2583,2574,2397],"product_tag":[],"class_list":{"0":"post-23963","1":"product","2":"type-product","3":"status-publish","4":"has-post-thumbnail","6":"product_group-horizontal-distribution-locker","7":"product_group-lockers","8":"product_cat-eurostyle-2-de","9":"product_cat-products-lines-de","10":"product_cat-product-line-de","11":"pa_compartment-dimensions-376-x-330-mm-de","12":"pa_doors-5-de-2","13":"pa_material-inox-de","14":"pa_product-dimensions-380x455x1820-mm-de","16":"first","17":"instock","18":"shipping-taxable","19":"product-type-simple"},"acf":[],"aioseo_notices":[],"_links":{"self":[{"href":"https:\/\/www.sci-services.ch\/de\/wp-json\/wp\/v2\/product\/23963","targetHints":{"allow":["GET"]}}],"collection":[{"href":"https:\/\/www.sci-services.ch\/de\/wp-json\/wp\/v2\/product"}],"about":[{"href":"https:\/\/www.sci-services.ch\/de\/wp-json\/wp\/v2\/types\/product"}],"wp:featuredmedia":[{"embeddable":true,"href":"https:\/\/www.sci-services.ch\/de\/wp-json\/wp\/v2\/media\/17341"}],"wp:attachment":[{"href":"https:\/\/www.sci-services.ch\/de\/wp-json\/wp\/v2\/media?parent=23963"}],"wp:term":[{"taxonomy":"product_group","embeddable":true,"href":"https:\/\/www.sci-services.ch\/de\/wp-json\/wp\/v2\/product_group?post=23963"},{"taxonomy":"product_cat","embeddable":true,"href":"https:\/\/www.sci-services.ch\/de\/wp-json\/wp\/v2\/product_cat?post=23963"},{"taxonomy":"product_tag","embeddable":true,"href":"https:\/\/www.sci-services.ch\/de\/wp-json\/wp\/v2\/product_tag?post=23963"}],"curies":[{"name":"wp","href":"https:\/\/api.w.org\/{rel}","templated":true}]}}