{"id":23806,"date":"2025-06-10T00:32:23","date_gmt":"2025-06-09T22:32:23","guid":{"rendered":"https:\/\/www.sci-services.ch\/?post_type=product&#038;p=23806"},"modified":"2025-06-10T00:58:03","modified_gmt":"2025-06-09T22:58:03","slug":"522-straight-cut-copy-2","status":"publish","type":"product","link":"https:\/\/www.sci-services.ch\/de\/shop\/hygiene-de\/522-straight-cut-copy-2\/","title":{"rendered":"522 STRAIGHT CUT"},"content":{"rendered":"<p>Der 522 Straight Cut ist die ideale L\u00f6sung f\u00fcr die Ausgabe von Papierhandt\u00fcchern mit geradem Schnitt, dank unseres leistungsstarken, patentierten Mechanismus.<br \/>\nDie Verwendung von recycelten Materialien macht diesen Spender zu einer soliden, nachhaltigen L\u00f6sung.<br \/>\n\u2022 Gerader Papierschnitt \u2013 patentiert<br \/>\n\u2022 Getestet zum Schneiden von bis zu 40.000 m Papier (ca. 267 Rollen \u00e0 150 m)<br \/>\n\u2022 Verantwortliche Produktion: \u00a0K\u00f6rper des Mechanismus recycelt ABS<br \/>\n\u2022 Ma\u00dfgeschneiderte L\u00f6sungen f\u00fcr kundeneigene Papiersysteme m\u00f6glich<br \/>\n\u2022 Schnappschloss mit Schl\u00fcssel<br \/>\n\u2022 Antibakterielles Drehrad an der Seite<\/p>\n","protected":false},"excerpt":{"rendered":"<p>Papierrolle Handtuchspender &#8211; mit automatische saubere Schnitt<\/p>\n","protected":false},"featured_media":23874,"template":"","meta":{"_acf_changed":false},"product_group":[{"id":2077,"name":"Hand Towel Dispensers","slug":"hand-towel-dispensers-2"},{"id":2068,"name":"Hygiene Dispensers","slug":"hygiene-dispensers"}],"product_cat":[1037,1036,3457,2397,1830,1069],"product_tag":[],"class_list":{"0":"post-23806","1":"product","2":"type-product","3":"status-publish","4":"has-post-thumbnail","6":"product_group-hand-towel-dispensers-2","7":"product_group-hygiene-dispensers","8":"product_cat-handtuchspender","9":"product_cat-hygiene-de","10":"product_cat-milky-eco-line-de","11":"product_cat-product-line-de","12":"product_cat-spender-fur-papierrollen","13":"product_cat-papercut-line-de","14":"pa_apparence-automatic-straight-cut-de","15":"pa_color-weis","16":"pa_color-weis-transparant","17":"pa_content-1-2-und-3-lagige-papierrollen-max-o-210-mm-breite-180-220-mm","18":"pa_material-recyceltes-polypropylen","19":"pa_packing-carton-2393","20":"pa_packing-pallet-48-de","21":"pa_product-dimensions-322-x-320-x-230-mm-de","23":"first","24":"instock","25":"shipping-taxable","26":"product-type-simple"},"acf":[],"aioseo_notices":[],"_links":{"self":[{"href":"https:\/\/www.sci-services.ch\/de\/wp-json\/wp\/v2\/product\/23806","targetHints":{"allow":["GET"]}}],"collection":[{"href":"https:\/\/www.sci-services.ch\/de\/wp-json\/wp\/v2\/product"}],"about":[{"href":"https:\/\/www.sci-services.ch\/de\/wp-json\/wp\/v2\/types\/product"}],"wp:featuredmedia":[{"embeddable":true,"href":"https:\/\/www.sci-services.ch\/de\/wp-json\/wp\/v2\/media\/23874"}],"wp:attachment":[{"href":"https:\/\/www.sci-services.ch\/de\/wp-json\/wp\/v2\/media?parent=23806"}],"wp:term":[{"taxonomy":"product_group","embeddable":true,"href":"https:\/\/www.sci-services.ch\/de\/wp-json\/wp\/v2\/product_group?post=23806"},{"taxonomy":"product_cat","embeddable":true,"href":"https:\/\/www.sci-services.ch\/de\/wp-json\/wp\/v2\/product_cat?post=23806"},{"taxonomy":"product_tag","embeddable":true,"href":"https:\/\/www.sci-services.ch\/de\/wp-json\/wp\/v2\/product_tag?post=23806"}],"curies":[{"name":"wp","href":"https:\/\/api.w.org\/{rel}","templated":true}]}}