{"id":23702,"date":"2022-09-27T16:01:06","date_gmt":"2022-09-27T14:01:06","guid":{"rendered":"https:\/\/www.sci-services.ch\/shop\/uncategorized\/straight-cut\/"},"modified":"2025-06-08T12:19:25","modified_gmt":"2025-06-08T10:19:25","slug":"straight-cut","status":"publish","type":"product","link":"https:\/\/www.sci-services.ch\/de\/shop\/product-line-de\/inox-line-de-2\/straight-cut\/","title":{"rendered":"STRAIGHT CUT"},"content":{"rendered":"<p>Der Straight Cut ist die ideale L\u00f6sung f\u00fcr die Ausgabe von Papierhandt\u00fcchern mit geradem Schnitt, dank unseres leistungsstarken, patentierten Mechanismus.<br \/>Die Verwendung von recycelten Materialien macht diesen Spender zu einer soliden, nachhaltigen L\u00f6sung.<\/p>\n<p>SCI-Services SA<br \/>Switzerland<br \/>info@sci-services.ch<br \/>www.sci-services.ch<br \/>\u2022 2- und 3-lagige Papierrollen, max. \u00d8200 mm, Breite: 180 &#8211; 230 mm<br \/>\u2022 gerader Papierschnitt \u2013 patentiert<br \/>\u2022 sehr einfach zu bef\u00fcllen<br \/>\u2022 sparsam, kontrollierte Papierabgabe<br \/>\u2022 ma\u00dfgeschneiderte L\u00f6sungen f\u00fcr kundeneigene Papiersysteme m\u00f6glich<\/p>\n","protected":false},"excerpt":{"rendered":"<p>Papierrollenspender automatischer sauberer Schnitt<\/p>\n","protected":false},"featured_media":23681,"template":"","meta":{"_acf_changed":false},"product_group":[{"id":2077,"name":"Hand Towel Dispensers","slug":"hand-towel-dispensers-2"},{"id":2051,"name":"Hygiene","slug":"hygiene"},{"id":2068,"name":"Hygiene Dispensers","slug":"hygiene-dispensers"}],"product_cat":[2438,2397],"product_tag":[],"class_list":{"0":"post-23702","1":"product","2":"type-product","3":"status-publish","4":"has-post-thumbnail","6":"product_group-hand-towel-dispensers-2","7":"product_group-hygiene","8":"product_group-hygiene-dispensers","9":"product_cat-inox-line-de-2","10":"product_cat-product-line-de","11":"pa_apparence-automatic-straight-cut-de","12":"pa_color-inox-de","13":"pa_consumable-papierrollen","14":"pa_material-edelstahl-de","15":"pa_packing-carton-2393","16":"pa_product-dimensions-300-x-326-x-230-mm-de","18":"first","19":"instock","20":"shipping-taxable","21":"product-type-simple"},"acf":[],"aioseo_notices":[],"_links":{"self":[{"href":"https:\/\/www.sci-services.ch\/de\/wp-json\/wp\/v2\/product\/23702","targetHints":{"allow":["GET"]}}],"collection":[{"href":"https:\/\/www.sci-services.ch\/de\/wp-json\/wp\/v2\/product"}],"about":[{"href":"https:\/\/www.sci-services.ch\/de\/wp-json\/wp\/v2\/types\/product"}],"wp:featuredmedia":[{"embeddable":true,"href":"https:\/\/www.sci-services.ch\/de\/wp-json\/wp\/v2\/media\/23681"}],"wp:attachment":[{"href":"https:\/\/www.sci-services.ch\/de\/wp-json\/wp\/v2\/media?parent=23702"}],"wp:term":[{"taxonomy":"product_group","embeddable":true,"href":"https:\/\/www.sci-services.ch\/de\/wp-json\/wp\/v2\/product_group?post=23702"},{"taxonomy":"product_cat","embeddable":true,"href":"https:\/\/www.sci-services.ch\/de\/wp-json\/wp\/v2\/product_cat?post=23702"},{"taxonomy":"product_tag","embeddable":true,"href":"https:\/\/www.sci-services.ch\/de\/wp-json\/wp\/v2\/product_tag?post=23702"}],"curies":[{"name":"wp","href":"https:\/\/api.w.org\/{rel}","templated":true}]}}