{"id":23332,"date":"2025-02-25T15:08:10","date_gmt":"2025-02-25T14:08:10","guid":{"rendered":"https:\/\/www.sci-services.ch\/shop\/uncategorized\/395-new\/"},"modified":"2025-03-10T12:04:23","modified_gmt":"2025-03-10T11:04:23","slug":"395-new","status":"publish","type":"product","link":"https:\/\/www.sci-services.ch\/de\/shop\/product-line-de\/metal-line-de-2\/395-new\/","title":{"rendered":"395 NEW"},"content":{"rendered":"<p>Unser stabiler Rollenhalter ist die ideale Wahl f\u00fcr Industriebetriebe, die Wert auf Haltbarkeit und Effizienz legen. Dieser robuste Halter ist f\u00fcr starke Beanspruchung ausgelegt und gew\u00e4hrleistet eine zuverl\u00e4ssige Leistung und ist<br \/>\nmit rutschfesten Pads ausgestattet. Er wird in einer praktischen, flachen Verpackung geliefert, die eine effi ziente Lagerung und einfache Montage erm\u00f6glicht, was sowohl Zeit als auch Platz spart.<br \/>\n\u2022 Hochwertige Epoxid-Pulverbeschichtung<br \/>\n\u2022 Kegel, um das Papier in der gew\u00fcnschten Position zu halten<br \/>\n\u2022 Robust f\u00fcr starke Beanspruchung, ideal f\u00fcr Industrieanlagen<br \/>\n\u2022 Anti-Rutsch-Gummif\u00fc\u00dfe (f\u00fcr mehr Stabilit\u00e4t)<br \/>\n\u2022 Geliefert in kleinen fl achen Packungen f\u00fcr effiziente Lagerung &#8211; einfache Montage<\/p>\n","protected":false},"excerpt":{"rendered":"<p>Bodenhalter f\u00fcr Industrierollen<\/p>\n","protected":false},"featured_media":23376,"template":"","meta":{"_acf_changed":false},"product_group":[{"id":2077,"name":"Hand Towel Dispensers","slug":"hand-towel-dispensers-2"},{"id":2051,"name":"Hygiene","slug":"hygiene"},{"id":2068,"name":"Hygiene Dispensers","slug":"hygiene-dispensers"},{"id":2073,"name":"Paper","slug":"paper"}],"product_cat":[2449,2397],"product_tag":[],"class_list":{"0":"post-23332","1":"product","2":"type-product","3":"status-publish","4":"has-post-thumbnail","6":"product_group-hand-towel-dispensers-2","7":"product_group-hygiene","8":"product_group-hygiene-dispensers","9":"product_group-paper","10":"product_cat-metal-line-de-2","11":"product_cat-product-line-de","12":"pa_apparence-boden","13":"pa_color-weis","14":"pa_consumable-papierrollen","15":"pa_material-stahl-de","16":"pa_packing-carton-2393","17":"pa_packing-pallet-100-pces-de","18":"pa_product-dimensions-bxhxt-420-x-890-x-440-mm","20":"first","21":"instock","22":"shipping-taxable","23":"product-type-simple"},"acf":[],"aioseo_notices":[],"_links":{"self":[{"href":"https:\/\/www.sci-services.ch\/de\/wp-json\/wp\/v2\/product\/23332","targetHints":{"allow":["GET"]}}],"collection":[{"href":"https:\/\/www.sci-services.ch\/de\/wp-json\/wp\/v2\/product"}],"about":[{"href":"https:\/\/www.sci-services.ch\/de\/wp-json\/wp\/v2\/types\/product"}],"wp:featuredmedia":[{"embeddable":true,"href":"https:\/\/www.sci-services.ch\/de\/wp-json\/wp\/v2\/media\/23376"}],"wp:attachment":[{"href":"https:\/\/www.sci-services.ch\/de\/wp-json\/wp\/v2\/media?parent=23332"}],"wp:term":[{"taxonomy":"product_group","embeddable":true,"href":"https:\/\/www.sci-services.ch\/de\/wp-json\/wp\/v2\/product_group?post=23332"},{"taxonomy":"product_cat","embeddable":true,"href":"https:\/\/www.sci-services.ch\/de\/wp-json\/wp\/v2\/product_cat?post=23332"},{"taxonomy":"product_tag","embeddable":true,"href":"https:\/\/www.sci-services.ch\/de\/wp-json\/wp\/v2\/product_tag?post=23332"}],"curies":[{"name":"wp","href":"https:\/\/api.w.org\/{rel}","templated":true}]}}