{"id":23217,"date":"2023-02-13T21:44:11","date_gmt":"2023-02-13T20:44:11","guid":{"rendered":"https:\/\/www.sci-services.ch\/shop\/uncategorized\/522-sensor-2\/"},"modified":"2023-02-13T21:44:11","modified_gmt":"2023-02-13T20:44:11","slug":"522-sensor-2","status":"publish","type":"product","link":"https:\/\/www.sci-services.ch\/de\/shop\/product-line-de\/simply-eco2-line-de\/522-sensor-2\/","title":{"rendered":"522 Sensor"},"content":{"rendered":"<p>Der 522 Sensor Handtuchspender sorgt durch sein ber\u00fchrungsloses Ausgabesystem f\u00fcr maximale Hygiene. Die L\u00e4nge des ausgegebenen Papiers kann auf 3 verschiedene Gr\u00f6\u00dfen oder auf einen speziellen automatischen Ausgabemodus eingestellt werden.<br \/>\nDie Verwendung von recycelten Materialien macht diesen Spender zu einer soliden, nachhaltigen L\u00f6sung.<br \/>\n\u2022 Hygienisch, kein manueller Kontakt erforderlich<br \/>\n\u2022 Die Verwendung von recycelten Materialien macht diesen Spender zu einer soliden, nachhaltigen L\u00f6sung<br \/>\n\u2022 vollst\u00e4ndig recycelte Kartons und recycelte Plastikt\u00fcten<\/p>\n","protected":false},"excerpt":{"rendered":"<p>Papierrolle Handtuchspender mit Sensor<\/p>\n","protected":false},"featured_media":20597,"template":"","meta":{"_acf_changed":false},"product_group":[{"id":2077,"name":"Hand Towel Dispensers","slug":"hand-towel-dispensers-2"},{"id":2051,"name":"Hygiene","slug":"hygiene"},{"id":2068,"name":"Hygiene Dispensers","slug":"hygiene-dispensers"}],"product_cat":[2397,2398,1063,1069],"product_tag":[],"class_list":{"0":"post-23217","1":"product","2":"type-product","3":"status-publish","4":"has-post-thumbnail","6":"product_group-hand-towel-dispensers-2","7":"product_group-hygiene","8":"product_group-hygiene-dispensers","9":"product_cat-product-line-de","10":"product_cat-simply-eco2-line-de","11":"product_cat-eco-line-de","12":"product_cat-papercut-line-de","13":"pa_apparence-sensor-de","14":"pa_consumable-papierrollen","15":"pa_content-1-2-und-3-lagige-papierrollen-max-o-210-mm-breite-180-220-mm","16":"pa_packing-carton-2393","17":"pa_packing-pallet-48-de","18":"pa_product-dimensions-322-x-320-x-230-mm-de","20":"first","21":"instock","22":"shipping-taxable","23":"product-type-simple"},"acf":[],"aioseo_notices":[],"_links":{"self":[{"href":"https:\/\/www.sci-services.ch\/de\/wp-json\/wp\/v2\/product\/23217","targetHints":{"allow":["GET"]}}],"collection":[{"href":"https:\/\/www.sci-services.ch\/de\/wp-json\/wp\/v2\/product"}],"about":[{"href":"https:\/\/www.sci-services.ch\/de\/wp-json\/wp\/v2\/types\/product"}],"wp:featuredmedia":[{"embeddable":true,"href":"https:\/\/www.sci-services.ch\/de\/wp-json\/wp\/v2\/media\/20597"}],"wp:attachment":[{"href":"https:\/\/www.sci-services.ch\/de\/wp-json\/wp\/v2\/media?parent=23217"}],"wp:term":[{"taxonomy":"product_group","embeddable":true,"href":"https:\/\/www.sci-services.ch\/de\/wp-json\/wp\/v2\/product_group?post=23217"},{"taxonomy":"product_cat","embeddable":true,"href":"https:\/\/www.sci-services.ch\/de\/wp-json\/wp\/v2\/product_cat?post=23217"},{"taxonomy":"product_tag","embeddable":true,"href":"https:\/\/www.sci-services.ch\/de\/wp-json\/wp\/v2\/product_tag?post=23217"}],"curies":[{"name":"wp","href":"https:\/\/api.w.org\/{rel}","templated":true}]}}