{"id":23111,"date":"2025-02-06T17:09:55","date_gmt":"2025-02-06T16:09:55","guid":{"rendered":"https:\/\/www.sci-services.ch\/?post_type=product&#038;p=23111"},"modified":"2025-02-06T17:22:40","modified_gmt":"2025-02-06T16:22:40","slug":"107-rb-sensor-copy","status":"publish","type":"product","link":"https:\/\/www.sci-services.ch\/de\/shop\/product-line-de\/simply-eco2-line-de\/107-rb-sensor-copy\/","title":{"rendered":"107 RB Sensor"},"content":{"rendered":"<p>Dieser neue vielseitige Seifenspender verf\u00fcgt \u00fcber alle Eigenschaften unseres Modells 115.<br \/>\nMit einem Fassungsverm\u00f6gen von 500 ml ist er kompakt und l\u00e4sst sich leicht in jedem Waschraum benutzen.<br \/>\nDie Pumpe kann effizient an die Art des Verbrauchsmaterials angepasst werden: Fl\u00fcssigseife, Schaumpumpe oder Spr\u00fchpumpe. Der Nachf\u00fcllbeh\u00e4lter und auch der Deckel sind antibakterielle, um die beste Hygiene zu garantieren.<\/p>\n","protected":false},"excerpt":{"rendered":"<p>Seifenspender &#8211; 500 ml &#8211; Kannenbef\u00fcllung Fl\u00fcssigseife<\/p>\n","protected":false},"featured_media":23131,"template":"","meta":{"_acf_changed":false},"product_group":[{"id":2051,"name":"Hygiene","slug":"hygiene"},{"id":2068,"name":"Hygiene Dispensers","slug":"hygiene-dispensers"},{"id":2053,"name":"Soap Dispensers","slug":"soap_dispensers"}],"product_cat":[2397,1796,1821,2398,1051,1063],"product_tag":[2553],"class_list":{"0":"post-23111","1":"product","2":"type-product","3":"status-publish","4":"has-post-thumbnail","6":"product_group-hygiene","7":"product_group-hygiene-dispensers","8":"product_group-soap_dispensers","9":"product_cat-product-line-de","10":"product_cat-seifenspender-de","11":"product_cat-seifenspender-de-2","12":"product_cat-simply-eco2-line-de","13":"product_cat-seifenspender","14":"product_cat-eco-line-de","15":"product_tag-value-de","16":"pa_apparence-manuell","17":"pa_batteries-6-x-lr6-aa-alkalin-nicht-beigefuegt","18":"pa_color-grau","19":"pa_color-weis","20":"pa_consumable-flussigseife-de","21":"pa_content-500-ml-de","22":"pa_drop-size-flussigseife-sanitizer-1-2-ml-schaumseife-0-4-ml","23":"pa_material-ruckplatte-100-regeneriertes-abs-erster-wahl-deckel-high-impact-ps-25-recycelt-de","24":"pa_packing-carton-2393","25":"pa_ph-range-ph-5-8-de","26":"pa_product-dimensions-bxtxh-120-x-110-x-200-mm","27":"pa_refill-cartridge-kannenbefullung","28":"pa_sensing-delay-0-5-1-sec-de","29":"pa_sensing-distance-7-12-cm-de","30":"pa_viscosity-schaumseife-1-5-10-mpa-s-flussigseife-0-5-35-dpa-s-503500-mpa-s-sanitizer-15-mpa-s","32":"first","33":"instock","34":"shipping-taxable","35":"product-type-simple"},"acf":[],"aioseo_notices":[],"_links":{"self":[{"href":"https:\/\/www.sci-services.ch\/de\/wp-json\/wp\/v2\/product\/23111","targetHints":{"allow":["GET"]}}],"collection":[{"href":"https:\/\/www.sci-services.ch\/de\/wp-json\/wp\/v2\/product"}],"about":[{"href":"https:\/\/www.sci-services.ch\/de\/wp-json\/wp\/v2\/types\/product"}],"wp:featuredmedia":[{"embeddable":true,"href":"https:\/\/www.sci-services.ch\/de\/wp-json\/wp\/v2\/media\/23131"}],"wp:attachment":[{"href":"https:\/\/www.sci-services.ch\/de\/wp-json\/wp\/v2\/media?parent=23111"}],"wp:term":[{"taxonomy":"product_group","embeddable":true,"href":"https:\/\/www.sci-services.ch\/de\/wp-json\/wp\/v2\/product_group?post=23111"},{"taxonomy":"product_cat","embeddable":true,"href":"https:\/\/www.sci-services.ch\/de\/wp-json\/wp\/v2\/product_cat?post=23111"},{"taxonomy":"product_tag","embeddable":true,"href":"https:\/\/www.sci-services.ch\/de\/wp-json\/wp\/v2\/product_tag?post=23111"}],"curies":[{"name":"wp","href":"https:\/\/api.w.org\/{rel}","templated":true}]}}