{"id":22815,"date":"2024-06-12T07:45:21","date_gmt":"2024-06-12T05:45:21","guid":{"rendered":"https:\/\/www.sci-services.ch\/?post_type=product&#038;p=22815"},"modified":"2025-02-10T10:20:15","modified_gmt":"2025-02-10T09:20:15","slug":"115-rb-sensor-copy-2","status":"publish","type":"product","link":"https:\/\/www.sci-services.ch\/de\/shop\/product-line-de\/simply-eco2-line-de\/115-rb-sensor-copy-2\/","title":{"rendered":"115 SENSOR"},"content":{"rendered":"<p>Dieser vielseitige Seifenspender l\u00e4sst sich leicht in jedem Waschraum unterbringen. Die Pumpe kann effi zient an die Art des Verbrauchsmaterials angepasst werden (Fl\u00fcssigpumpe, Schaumpumpe oder Spr\u00fchpumpe).<br \/>Der Nachf\u00fcllbeh\u00e4lter und der Deckel sind mit antibakteriellen Mitteln hergestellt, um beste Hygiene zu gew\u00e4hrleisten. Es ist einfach, auf die Version mit ergonomischer Einhandbedienung, umzuschalten und andersherum.<br \/>\u2022 Sparsam: kontrollierter Seifenverbrauch<br \/>\u2022 Schloss mit Schl\u00fcssel<br \/>\u2022 Robust f\u00fcr intensiven Gebrauch<br \/>\u2022 Montage mit Schrauben (beigef\u00fcgt)<\/p>\n","protected":false},"excerpt":{"rendered":"<p>Seifenspender Sensor &#8211; 1000 ml<\/p>\n","protected":false},"featured_media":23137,"template":"","meta":{"_acf_changed":false},"product_group":[{"id":2051,"name":"Hygiene","slug":"hygiene"},{"id":2068,"name":"Hygiene Dispensers","slug":"hygiene-dispensers"},{"id":2053,"name":"Soap Dispensers","slug":"soap_dispensers"}],"product_cat":[2397,2398],"product_tag":[],"class_list":{"0":"post-22815","1":"product","2":"type-product","3":"status-publish","4":"has-post-thumbnail","6":"product_group-hygiene","7":"product_group-hygiene-dispensers","8":"product_group-soap_dispensers","9":"product_cat-product-line-de","10":"product_cat-simply-eco2-line-de","11":"pa_apparence-sensor-de","12":"pa_batteries-6-x-lr6-aa-alkalin-nicht-beigefuegt","13":"pa_color-grau","14":"pa_color-weis","15":"pa_consumable-flussigseife-de","16":"pa_content-900-ml-de","17":"pa_drop-size-flussigseife-sanitizer-1-2-ml-schaumseife-0-4-ml","18":"pa_material-ruckplatte-100-regeneriertes-abs-erster-wahl-deckel-high-impact-ps-25-recycelt-de","19":"pa_packing-carton-2393","20":"pa_packing-pallet-300-de","21":"pa_ph-range-ph-5-8-de","22":"pa_product-dimensions-122-x-290-x-107-mm-de","23":"pa_refill-cartridge-kannenbefullung","24":"pa_sensing-delay-0-5-1-sec-de","25":"pa_sensing-distance-7-12-cm-de","26":"pa_viscosity-schaumseife-1-5-10-mpa-s-flussigseife-0-5-35-dpa-s-503500-mpa-s-sanitizer-15-mpa-s","28":"first","29":"instock","30":"shipping-taxable","31":"product-type-simple"},"acf":[],"aioseo_notices":[],"_links":{"self":[{"href":"https:\/\/www.sci-services.ch\/de\/wp-json\/wp\/v2\/product\/22815","targetHints":{"allow":["GET"]}}],"collection":[{"href":"https:\/\/www.sci-services.ch\/de\/wp-json\/wp\/v2\/product"}],"about":[{"href":"https:\/\/www.sci-services.ch\/de\/wp-json\/wp\/v2\/types\/product"}],"wp:featuredmedia":[{"embeddable":true,"href":"https:\/\/www.sci-services.ch\/de\/wp-json\/wp\/v2\/media\/23137"}],"wp:attachment":[{"href":"https:\/\/www.sci-services.ch\/de\/wp-json\/wp\/v2\/media?parent=22815"}],"wp:term":[{"taxonomy":"product_group","embeddable":true,"href":"https:\/\/www.sci-services.ch\/de\/wp-json\/wp\/v2\/product_group?post=22815"},{"taxonomy":"product_cat","embeddable":true,"href":"https:\/\/www.sci-services.ch\/de\/wp-json\/wp\/v2\/product_cat?post=22815"},{"taxonomy":"product_tag","embeddable":true,"href":"https:\/\/www.sci-services.ch\/de\/wp-json\/wp\/v2\/product_tag?post=22815"}],"curies":[{"name":"wp","href":"https:\/\/api.w.org\/{rel}","templated":true}]}}