{"id":22774,"date":"2022-10-03T14:39:11","date_gmt":"2022-10-03T12:39:11","guid":{"rendered":"https:\/\/www.sci-services.ch\/shop\/uncategorized\/spind\/"},"modified":"2022-10-03T14:39:11","modified_gmt":"2022-10-03T12:39:11","slug":"spind","status":"publish","type":"product","link":"https:\/\/www.sci-services.ch\/de\/shop\/products-lines-de\/click-o-matic-consumer-de\/spind\/","title":{"rendered":"Spind"},"content":{"rendered":"<p>Der Spind ist ideal f\u00fcr Umkleider\u00e4ume in professionellen Umgebungen, aber auch f\u00fcr Sportzentren, Schulen oder B\u00fcros. Die Schr\u00e4nke verf\u00fcgen \u00fcber zwei Einlegeb\u00f6den, eine Kleiderstange und zwei Haken an jeder Seite, um Kleidung, Taschen und Schuhe einfach zu verstauen. Ein Schl\u00fcsselschloss sorgt daf\u00fcr, dass alle pers\u00f6nlichen Gegenst\u00e4nde sicher aufbewahrt werden.<br \/>\nDie Schr\u00e4nke sind mit verstellbaren F\u00fc\u00dfen ausgestattet und haben L\u00fcftungsl\u00f6cher auf der Vorder- und R\u00fcckseite. Sie k\u00f6nnen mit einer schr\u00e4gen Platte und einem einzelnen St\u00e4nder ausgestattet werden.<br \/>\nEbenfalls erh\u00e4ltlich ist eine Bank 2\u2010Sitzer, die die Schr\u00e4nke perfekt an ihrem Platz h\u00e4lt.<\/p>\n<p>&nbsp;<\/p>\n","protected":false},"excerpt":{"rendered":"<p>Korpus cremewei\u00df,\u00a0 dunkelgraue \/ ultramarinblaue \/ flame orange F\u00e4chert\u00fcren<\/p>\n","protected":false},"featured_media":22757,"template":"","meta":{"_acf_changed":false},"product_group":[{"id":2061,"name":"Lockers","slug":"lockers"}],"product_cat":[2576,2574,2397],"product_tag":[],"class_list":{"0":"post-22774","1":"product","2":"type-product","3":"status-publish","4":"has-post-thumbnail","6":"product_group-lockers","7":"product_cat-click-o-matic-consumer-de","8":"product_cat-products-lines-de","9":"product_cat-product-line-de","10":"pa_color-cremeweiss-shell-white","11":"pa_color-dunkelgrau","12":"pa_material-epoxiertes-stahlblech-verzinkt-de","13":"pa_product-dimensions-380-x-515-x-1820-mm-de","15":"first","16":"instock","17":"shipping-taxable","18":"product-type-simple"},"acf":[],"aioseo_notices":[],"_links":{"self":[{"href":"https:\/\/www.sci-services.ch\/de\/wp-json\/wp\/v2\/product\/22774","targetHints":{"allow":["GET"]}}],"collection":[{"href":"https:\/\/www.sci-services.ch\/de\/wp-json\/wp\/v2\/product"}],"about":[{"href":"https:\/\/www.sci-services.ch\/de\/wp-json\/wp\/v2\/types\/product"}],"wp:featuredmedia":[{"embeddable":true,"href":"https:\/\/www.sci-services.ch\/de\/wp-json\/wp\/v2\/media\/22757"}],"wp:attachment":[{"href":"https:\/\/www.sci-services.ch\/de\/wp-json\/wp\/v2\/media?parent=22774"}],"wp:term":[{"taxonomy":"product_group","embeddable":true,"href":"https:\/\/www.sci-services.ch\/de\/wp-json\/wp\/v2\/product_group?post=22774"},{"taxonomy":"product_cat","embeddable":true,"href":"https:\/\/www.sci-services.ch\/de\/wp-json\/wp\/v2\/product_cat?post=22774"},{"taxonomy":"product_tag","embeddable":true,"href":"https:\/\/www.sci-services.ch\/de\/wp-json\/wp\/v2\/product_tag?post=22774"}],"curies":[{"name":"wp","href":"https:\/\/api.w.org\/{rel}","templated":true}]}}