{"id":22274,"date":"2023-10-23T11:07:36","date_gmt":"2023-10-23T09:07:36","guid":{"rendered":"https:\/\/www.sci-services.ch\/?post_type=product&#038;p=22274"},"modified":"2023-10-23T11:42:36","modified_gmt":"2023-10-23T09:42:36","slug":"295-maxi-bulk-pack-copy","status":"publish","type":"product","link":"https:\/\/www.sci-services.ch\/de\/shop\/product-line-de\/295-maxi-bulk-pack-copy\/","title":{"rendered":"295 MAXI BULK PACK"},"content":{"rendered":"<p>\u2022 F\u00fcr intensiven Gebrauch<br \/>\n\u2022 Schnappschloss mit Schl\u00fcssel<br \/>\n\u2022 Montage mit Schrauben (beigef\u00fcgt)<br \/>\n\u2022 Um den freien Zugang zu Damenbinden zu gew\u00e4hrleisten f\u00fcr M\u00e4dchen und Frauen in Schulen, B\u00fcros und andere \u00f6ffentlichen Bereichen.<\/p>\n","protected":false},"excerpt":{"rendered":"<p>Falt-Toilettenpapierspender Maxi Bulk &#8211; auch f\u00fcr Damenbinden geeignet<\/p>\n","protected":false},"featured_media":21881,"template":"","meta":{"_acf_changed":false},"product_group":[],"product_cat":[2397,3392],"product_tag":[],"class_list":{"0":"post-22274","1":"product","2":"type-product","3":"status-publish","4":"has-post-thumbnail","6":"product_cat-product-line-de","7":"product_cat-simply-eco3-line-de","8":"pa_color-cremefarben-mit-holzanteil","9":"pa_consumable-toilettenfaltpapier","10":"pa_material-100-recyceltes-pp-mit-holzanteil","11":"pa_packing-carton-2393","12":"pa_packing-pallet-273-de","13":"pa_product-dimensions-157-x-351-x-142-mm-de","15":"first","16":"instock","17":"shipping-taxable","18":"product-type-simple"},"acf":[],"aioseo_notices":[],"_links":{"self":[{"href":"https:\/\/www.sci-services.ch\/de\/wp-json\/wp\/v2\/product\/22274","targetHints":{"allow":["GET"]}}],"collection":[{"href":"https:\/\/www.sci-services.ch\/de\/wp-json\/wp\/v2\/product"}],"about":[{"href":"https:\/\/www.sci-services.ch\/de\/wp-json\/wp\/v2\/types\/product"}],"wp:featuredmedia":[{"embeddable":true,"href":"https:\/\/www.sci-services.ch\/de\/wp-json\/wp\/v2\/media\/21881"}],"wp:attachment":[{"href":"https:\/\/www.sci-services.ch\/de\/wp-json\/wp\/v2\/media?parent=22274"}],"wp:term":[{"taxonomy":"product_group","embeddable":true,"href":"https:\/\/www.sci-services.ch\/de\/wp-json\/wp\/v2\/product_group?post=22274"},{"taxonomy":"product_cat","embeddable":true,"href":"https:\/\/www.sci-services.ch\/de\/wp-json\/wp\/v2\/product_cat?post=22274"},{"taxonomy":"product_tag","embeddable":true,"href":"https:\/\/www.sci-services.ch\/de\/wp-json\/wp\/v2\/product_tag?post=22274"}],"curies":[{"name":"wp","href":"https:\/\/api.w.org\/{rel}","templated":true}]}}