{"id":21789,"date":"2022-10-03T14:39:08","date_gmt":"2022-10-03T12:39:08","guid":{"rendered":"https:\/\/www.sci-services.ch\/shop\/uncategorized\/430200-004\/"},"modified":"2022-10-03T14:39:08","modified_gmt":"2022-10-03T12:39:08","slug":"430200-004","status":"publish","type":"product","link":"https:\/\/www.sci-services.ch\/de\/shop\/products-lines-de\/click-o-matic-professional-de\/430200-004\/","title":{"rendered":"4 F\u00e4cherschrank ( 2x 2 Reihen )"},"content":{"rendered":"<p>\u2022 Revolution\u00e4res \u201eClick\u201c System &#8211; zum internationalen Patent angemeldet<br \/>\n\u2022 Unmontiert als Flatpack zur Reduzierung von Lagerplatz<br \/>\n\u2022 Das \u201eClick\u201c System erm\u00f6glicht die Reparatur vor Ort<br \/>\n\u2022 werkzeuglose Montage in nur 5 Minuten (1 Person)<br \/>\n\u2022 robuste und solide Konstruktion<br \/>\n\u2022 KU-Gleiter mit H\u00f6henausgleich<br \/>\n\u2022 Schutzgriffe, versenkt<br \/>\n\u2022 L\u00fcftungs\u00f6ffnungen<br \/>\n\u2022 best\u00e4ndiges, pulverbeschichtetes Stahlblech<br \/>\n\u2022 Zentralschloss f\u00fcr alle Schr\u00e4nke gleich<\/p>\n","protected":false},"excerpt":{"rendered":"<p>4 F\u00e4cherschrank ( 2x 2 Reihen ) f\u00fcr H\u00e4ngendw\u00e4sche<\/p>\n","protected":false},"featured_media":21792,"template":"","meta":{"_acf_changed":false},"product_group":[{"id":2061,"name":"Lockers","slug":"lockers"},{"id":2064,"name":"Vertical distribution locker","slug":"vertical-distribution-locker"}],"product_cat":[2579,1928,2574,2397],"product_tag":[],"class_list":{"0":"post-21789","1":"product","2":"type-product","3":"status-publish","4":"has-post-thumbnail","6":"product_group-lockers","7":"product_group-vertical-distribution-locker","8":"product_cat-click-o-matic-professional-de","9":"product_cat-click-o-matic-2-uber-2","10":"product_cat-products-lines-de","11":"product_cat-product-line-de","12":"pa_color-cremeweiss-shell-white","13":"pa_color-dunkelgrau","14":"pa_compartment-dimensions-380-x-870-mm-de","15":"pa_doors-4-de-2","16":"pa_material-epoxiertes-stahlblech-verzinkt-de","17":"pa_product-dimensions-760-x-515-x-1820-mm-de","19":"first","20":"instock","21":"shipping-taxable","22":"product-type-simple"},"acf":[],"aioseo_notices":[],"_links":{"self":[{"href":"https:\/\/www.sci-services.ch\/de\/wp-json\/wp\/v2\/product\/21789","targetHints":{"allow":["GET"]}}],"collection":[{"href":"https:\/\/www.sci-services.ch\/de\/wp-json\/wp\/v2\/product"}],"about":[{"href":"https:\/\/www.sci-services.ch\/de\/wp-json\/wp\/v2\/types\/product"}],"wp:featuredmedia":[{"embeddable":true,"href":"https:\/\/www.sci-services.ch\/de\/wp-json\/wp\/v2\/media\/21792"}],"wp:attachment":[{"href":"https:\/\/www.sci-services.ch\/de\/wp-json\/wp\/v2\/media?parent=21789"}],"wp:term":[{"taxonomy":"product_group","embeddable":true,"href":"https:\/\/www.sci-services.ch\/de\/wp-json\/wp\/v2\/product_group?post=21789"},{"taxonomy":"product_cat","embeddable":true,"href":"https:\/\/www.sci-services.ch\/de\/wp-json\/wp\/v2\/product_cat?post=21789"},{"taxonomy":"product_tag","embeddable":true,"href":"https:\/\/www.sci-services.ch\/de\/wp-json\/wp\/v2\/product_tag?post=21789"}],"curies":[{"name":"wp","href":"https:\/\/api.w.org\/{rel}","templated":true}]}}