{"id":21681,"date":"2022-12-01T16:14:27","date_gmt":"2022-12-01T15:14:27","guid":{"rendered":"https:\/\/www.sci-services.ch\/shop\/uncategorized\/205-wet\/"},"modified":"2022-12-01T16:14:27","modified_gmt":"2022-12-01T15:14:27","slug":"205-wet","status":"publish","type":"product","link":"https:\/\/www.sci-services.ch\/de\/shop\/product-line-de\/simply-eco2-line-de\/205-wet\/","title":{"rendered":"205"},"content":{"rendered":"<p>Bewahren Sie Ihre Feuchtt\u00fccher ordentlich und feucht in diesem<br \/>\nkompakten, geschlossenen Spender auf.<\/p>\n<p>F\u00fcr saubere H\u00e4nde und saubere Oberfl\u00e4chen in professionellen Umgebungen wie<br \/>\nB\u00fcros, Gesch\u00e4ften, Fitnessr\u00e4umen, Schulen und Horeca.<\/p>\n","protected":false},"excerpt":{"rendered":"<p>Spender f\u00fcr Feuchtt\u00fccher<\/p>\n","protected":false},"featured_media":19677,"template":"","meta":{"_acf_changed":false},"product_group":[{"id":2051,"name":"Hygiene","slug":"hygiene"},{"id":2069,"name":"Hygiene Accessories","slug":"hygiene-accessories"}],"product_cat":[2397,2398],"product_tag":[],"class_list":{"0":"post-21681","1":"product","2":"type-product","3":"status-publish","4":"has-post-thumbnail","6":"product_group-hygiene","7":"product_group-hygiene-accessories","8":"product_cat-product-line-de","9":"product_cat-simply-eco2-line-de","10":"pa_packing-carton-6-de","12":"first","13":"instock","14":"shipping-taxable","15":"product-type-simple"},"acf":[],"aioseo_notices":[],"_links":{"self":[{"href":"https:\/\/www.sci-services.ch\/de\/wp-json\/wp\/v2\/product\/21681","targetHints":{"allow":["GET"]}}],"collection":[{"href":"https:\/\/www.sci-services.ch\/de\/wp-json\/wp\/v2\/product"}],"about":[{"href":"https:\/\/www.sci-services.ch\/de\/wp-json\/wp\/v2\/types\/product"}],"wp:featuredmedia":[{"embeddable":true,"href":"https:\/\/www.sci-services.ch\/de\/wp-json\/wp\/v2\/media\/19677"}],"wp:attachment":[{"href":"https:\/\/www.sci-services.ch\/de\/wp-json\/wp\/v2\/media?parent=21681"}],"wp:term":[{"taxonomy":"product_group","embeddable":true,"href":"https:\/\/www.sci-services.ch\/de\/wp-json\/wp\/v2\/product_group?post=21681"},{"taxonomy":"product_cat","embeddable":true,"href":"https:\/\/www.sci-services.ch\/de\/wp-json\/wp\/v2\/product_cat?post=21681"},{"taxonomy":"product_tag","embeddable":true,"href":"https:\/\/www.sci-services.ch\/de\/wp-json\/wp\/v2\/product_tag?post=21681"}],"curies":[{"name":"wp","href":"https:\/\/api.w.org\/{rel}","templated":true}]}}