{"id":21575,"date":"2022-09-27T16:01:22","date_gmt":"2022-09-27T14:01:22","guid":{"rendered":"https:\/\/www.sci-services.ch\/shop\/uncategorized\/342300-002\/"},"modified":"2022-09-27T16:01:22","modified_gmt":"2022-09-27T14:01:22","slug":"342300-002","status":"publish","type":"product","link":"https:\/\/www.sci-services.ch\/de\/shop\/product-line-de\/simply-eco2-line-de\/342300-002\/","title":{"rendered":"295 MAXI BULK PACK"},"content":{"rendered":"<p>\u2022 F\u00fcr intensiven Gebrauch<br \/>\n\u2022 Schnappschloss mit Schl\u00fcssel<br \/>\n\u2022 Montage mit Schrauben (beigef\u00fcgt)<br \/>\n\u2022 Um den freien Zugang zu Damenbinden zu gew\u00e4hrleisten f\u00fcr M\u00e4dchen und Frauen in Schulen, B\u00fcros und andere \u00f6ffentlichen Bereichen.<\/p>\n","protected":false},"excerpt":{"rendered":"<p>Falt-Toilettenpapierspender<\/p>\n","protected":false},"featured_media":13964,"template":"","meta":{"_acf_changed":false},"product_group":[{"id":2051,"name":"Hygiene","slug":"hygiene"},{"id":2068,"name":"Hygiene Dispensers","slug":"hygiene-dispensers"},{"id":2060,"name":"Toilet Dispensers","slug":"toilet-dispensers"}],"product_cat":[2397,2398],"product_tag":[],"class_list":{"0":"post-21575","1":"product","2":"type-product","3":"status-publish","4":"has-post-thumbnail","6":"product_group-hygiene","7":"product_group-hygiene-dispensers","8":"product_group-toilet-dispensers","9":"product_cat-product-line-de","10":"product_cat-simply-eco2-line-de","11":"pa_color-weis","12":"pa_consumable-toilettenfaltpapier","13":"pa_material-ruckplatte-100-regeneriertes-abs-erster-wahl-deckel-high-impact-ps-25-recycelt-de","14":"pa_packing-carton-2393","15":"pa_packing-pallet-273-de","16":"pa_product-dimensions-157-x-351-x-142-mm-de","18":"first","19":"instock","20":"shipping-taxable","21":"product-type-simple"},"acf":[],"aioseo_notices":[],"_links":{"self":[{"href":"https:\/\/www.sci-services.ch\/de\/wp-json\/wp\/v2\/product\/21575","targetHints":{"allow":["GET"]}}],"collection":[{"href":"https:\/\/www.sci-services.ch\/de\/wp-json\/wp\/v2\/product"}],"about":[{"href":"https:\/\/www.sci-services.ch\/de\/wp-json\/wp\/v2\/types\/product"}],"wp:featuredmedia":[{"embeddable":true,"href":"https:\/\/www.sci-services.ch\/de\/wp-json\/wp\/v2\/media\/13964"}],"wp:attachment":[{"href":"https:\/\/www.sci-services.ch\/de\/wp-json\/wp\/v2\/media?parent=21575"}],"wp:term":[{"taxonomy":"product_group","embeddable":true,"href":"https:\/\/www.sci-services.ch\/de\/wp-json\/wp\/v2\/product_group?post=21575"},{"taxonomy":"product_cat","embeddable":true,"href":"https:\/\/www.sci-services.ch\/de\/wp-json\/wp\/v2\/product_cat?post=21575"},{"taxonomy":"product_tag","embeddable":true,"href":"https:\/\/www.sci-services.ch\/de\/wp-json\/wp\/v2\/product_tag?post=21575"}],"curies":[{"name":"wp","href":"https:\/\/api.w.org\/{rel}","templated":true}]}}