{"id":21323,"date":"2022-10-03T14:39:07","date_gmt":"2022-10-03T12:39:07","guid":{"rendered":"https:\/\/www.sci-services.ch\/shop\/uncategorized\/430160-004\/"},"modified":"2023-05-25T23:01:46","modified_gmt":"2023-05-25T21:01:46","slug":"430160-004","status":"publish","type":"product","link":"https:\/\/www.sci-services.ch\/de\/shop\/products-lines-de\/click-o-matic-professional-de\/430160-004\/","title":{"rendered":"20-F\u00e4cherschrank (2\u00d710)"},"content":{"rendered":"<p>430160\/004 \u2013 UNMONTIERT<br \/>\n430160\/104 \u2013 MONTIERT<\/p>\n<p>\u2022 Revolution\u00e4res \u201eClick\u201c System \u2013 zum internationalen Patent angemeldet<br \/>\n\u2022 Unmontiert als Flatpack zur Reduzierung von Lagerplatz<br \/>\n\u2022 Das \u201eClick\u201c System erm\u00f6glicht die Reparatur vor Ort<br \/>\n\u2022 werkzeuglose Montage in nur 5 Minuten (1 Person)<br \/>\n\u2022 robuste und solide Konstruktion<br \/>\n\u2022 KU-Gleiter mit H\u00f6henausgleich<br \/>\n\u2022 Schutzgriffe, versenkt<br \/>\n\u2022 L\u00fcftungs\u00f6ffnungen<br \/>\n\u2022 best\u00e4ndiges, pulverbeschichtetes Stahlblech<br \/>\n\u2022 Zentralschloss f\u00fcr alle Schr\u00e4nke gleich<\/p>\n","protected":false},"excerpt":{"rendered":"<p>20-F\u00e4cherschrank (2\u00d710) f\u00fcr liegende W\u00e4sche, cremewei\u03b2er Rahmen, dunkelgraue F\u00e4chert\u00fcren<\/p>\n","protected":false},"featured_media":0,"template":"","meta":{"_acf_changed":false},"product_group":[{"id":2062,"name":"Horizontal distribution locker","slug":"horizontal-distribution-locker"},{"id":2061,"name":"Lockers","slug":"lockers"}],"product_cat":[2579,2574,2397],"product_tag":[],"class_list":{"0":"post-21323","1":"product","2":"type-product","3":"status-publish","5":"product_group-horizontal-distribution-locker","6":"product_group-lockers","7":"product_cat-click-o-matic-professional-de","8":"product_cat-products-lines-de","9":"product_cat-product-line-de","10":"pa_color-cremeweiss-shell-white","11":"pa_color-dunkelgrau","12":"pa_compartment-dimensions-380-x-165-mm-de","13":"pa_doors-20-de","14":"pa_material-epoxiertes-stahlblech-verzinkt-de","15":"pa_product-dimensions-760-x-515-x-1820-mm-de","17":"first","18":"instock","19":"shipping-taxable","20":"product-type-simple"},"acf":[],"aioseo_notices":[],"_links":{"self":[{"href":"https:\/\/www.sci-services.ch\/de\/wp-json\/wp\/v2\/product\/21323","targetHints":{"allow":["GET"]}}],"collection":[{"href":"https:\/\/www.sci-services.ch\/de\/wp-json\/wp\/v2\/product"}],"about":[{"href":"https:\/\/www.sci-services.ch\/de\/wp-json\/wp\/v2\/types\/product"}],"wp:attachment":[{"href":"https:\/\/www.sci-services.ch\/de\/wp-json\/wp\/v2\/media?parent=21323"}],"wp:term":[{"taxonomy":"product_group","embeddable":true,"href":"https:\/\/www.sci-services.ch\/de\/wp-json\/wp\/v2\/product_group?post=21323"},{"taxonomy":"product_cat","embeddable":true,"href":"https:\/\/www.sci-services.ch\/de\/wp-json\/wp\/v2\/product_cat?post=21323"},{"taxonomy":"product_tag","embeddable":true,"href":"https:\/\/www.sci-services.ch\/de\/wp-json\/wp\/v2\/product_tag?post=21323"}],"curies":[{"name":"wp","href":"https:\/\/api.w.org\/{rel}","templated":true}]}}