{"id":21310,"date":"2022-10-03T14:39:06","date_gmt":"2022-10-03T12:39:06","guid":{"rendered":"https:\/\/www.sci-services.ch\/shop\/uncategorized\/430140-104\/"},"modified":"2023-05-25T22:45:16","modified_gmt":"2023-05-25T20:45:16","slug":"430140-104","status":"publish","type":"product","link":"https:\/\/www.sci-services.ch\/de\/shop\/products-lines-de\/click-o-matic-professional-de\/430140-104\/","title":{"rendered":"10-F\u00e4cherschrank"},"content":{"rendered":"<div class=\"elementor-element elementor-element-b3d06a5 elementor-widget elementor-widget-woocommerce-product-content\" data-id=\"b3d06a5\" data-element_type=\"widget\" data-widget_type=\"woocommerce-product-content.default\">\n<div class=\"elementor-widget-container\">\n<p>430140\/004 \u2013 UNMONTIERT<br \/>\n430140\/104 \u2013 MONTIERT<\/p>\n<p>\u2022 Revolution\u00e4res \u201eClick\u201c System \u2013 zum internationalen Patent angemeldet<br \/>\n\u2022 Unmontiert als Flatpack zur Reduzierung von Lagerplatz<br \/>\n\u2022 Das \u201eClick\u201c System erm\u00f6glicht die Reparatur vor Ort<br \/>\n\u2022 werkzeuglose Montage in nur 5 Minuten (1 Person)<br \/>\n\u2022 robuste und solide Konstruktion<br \/>\n\u2022 KU-Gleiter mit H\u00f6henausgleich<br \/>\n\u2022 Schutzgriffe, versenkt<br \/>\n\u2022 L\u00fcftungs\u00f6ffnungen<br \/>\n\u2022 best\u00e4ndiges, pulverbeschichtetes Stahlblech<br \/>\n\u2022 Zentralschloss f\u00fcr alle Schr\u00e4nke gleich<\/p>\n<\/div>\n<\/div>\n","protected":false},"excerpt":{"rendered":"<p>10-F\u00e4cherschrank f\u00fcr liegende W\u00e4sche, cremewei\u03b2er Rahmen, dunkelgraue F\u00e4chert\u00fcren<\/p>\n","protected":false},"featured_media":17154,"template":"","meta":{"_acf_changed":false},"product_group":[{"id":2062,"name":"Horizontal distribution locker","slug":"horizontal-distribution-locker"},{"id":2061,"name":"Lockers","slug":"lockers"}],"product_cat":[2579,2574,2397],"product_tag":[],"class_list":{"0":"post-21310","1":"product","2":"type-product","3":"status-publish","4":"has-post-thumbnail","6":"product_group-horizontal-distribution-locker","7":"product_group-lockers","8":"product_cat-click-o-matic-professional-de","9":"product_cat-products-lines-de","10":"product_cat-product-line-de","11":"pa_color-cremeweiss-shell-white","12":"pa_color-dunkelgrau","13":"pa_compartment-dimensions-380-x-165-mm-de","14":"pa_doors-10-de-2","15":"pa_material-epoxiertes-stahlblech-verzinkt-de","16":"pa_product-dimensions-380-x-515-x-1820-mm-de","18":"first","19":"instock","20":"shipping-taxable","21":"product-type-simple"},"acf":[],"aioseo_notices":[],"_links":{"self":[{"href":"https:\/\/www.sci-services.ch\/de\/wp-json\/wp\/v2\/product\/21310","targetHints":{"allow":["GET"]}}],"collection":[{"href":"https:\/\/www.sci-services.ch\/de\/wp-json\/wp\/v2\/product"}],"about":[{"href":"https:\/\/www.sci-services.ch\/de\/wp-json\/wp\/v2\/types\/product"}],"wp:featuredmedia":[{"embeddable":true,"href":"https:\/\/www.sci-services.ch\/de\/wp-json\/wp\/v2\/media\/17154"}],"wp:attachment":[{"href":"https:\/\/www.sci-services.ch\/de\/wp-json\/wp\/v2\/media?parent=21310"}],"wp:term":[{"taxonomy":"product_group","embeddable":true,"href":"https:\/\/www.sci-services.ch\/de\/wp-json\/wp\/v2\/product_group?post=21310"},{"taxonomy":"product_cat","embeddable":true,"href":"https:\/\/www.sci-services.ch\/de\/wp-json\/wp\/v2\/product_cat?post=21310"},{"taxonomy":"product_tag","embeddable":true,"href":"https:\/\/www.sci-services.ch\/de\/wp-json\/wp\/v2\/product_tag?post=21310"}],"curies":[{"name":"wp","href":"https:\/\/api.w.org\/{rel}","templated":true}]}}