{"id":21235,"date":"2022-09-27T16:00:55","date_gmt":"2022-09-27T14:00:55","guid":{"rendered":"https:\/\/www.sci-services.ch\/shop\/uncategorized\/057536-004\/"},"modified":"2022-09-27T16:00:55","modified_gmt":"2022-09-27T14:00:55","slug":"057536-004","status":"publish","type":"product","link":"https:\/\/www.sci-services.ch\/de\/shop\/product-line-de\/visio-line-de-2\/057536-004\/","title":{"rendered":"A97"},"content":{"rendered":"<p>\u2022 F\u00fcr 2- und 3-lagige Papierrollen<br \/>\n\u2022 Inhalt: Papierrollen \u00d8 max. 200 mm &#8211; Breite 180 &#8211; 230 mm max.<br \/>\n\u2022 Gerader Papierschnitt \u2013 patentiert<br \/>\n\u2022 Sehr einfach zu bef\u00fcllen<br \/>\n\u2022 HACCP konform<br \/>\n\u2022 Sparsam, kontrollierte Papierabgabe<br \/>\n\u2022 Ma\u00dfgeschneiderte L\u00f6sungen f\u00fcr kundeneigene Papiersysteme m\u00f6glich<\/p>\n","protected":false},"excerpt":{"rendered":"<p>Papierrolle Handtuchspender<\/p>\n","protected":false},"featured_media":0,"template":"","meta":{"_acf_changed":false},"product_group":[{"id":2077,"name":"Hand Towel Dispensers","slug":"hand-towel-dispensers-2"},{"id":2051,"name":"Hygiene","slug":"hygiene"},{"id":2068,"name":"Hygiene Dispensers","slug":"hygiene-dispensers"}],"product_cat":[2397,2571],"product_tag":[],"class_list":{"0":"post-21235","1":"product","2":"type-product","3":"status-publish","5":"product_group-hand-towel-dispensers-2","6":"product_group-hygiene","7":"product_group-hygiene-dispensers","8":"product_cat-product-line-de","9":"product_cat-visio-line-de-2","10":"pa_color-weis","11":"pa_color-rotes-rad","12":"pa_color-transparente-blaue-deckel","13":"pa_consumable-papierrollen","14":"pa_material-abs-san-de","15":"pa_packing-carton-2393","16":"pa_packing-pallet-42-de","17":"pa_product-dimensions-322-x-310-x-230-mm-de","19":"first","20":"instock","21":"shipping-taxable","22":"product-type-simple"},"acf":[],"aioseo_notices":[],"_links":{"self":[{"href":"https:\/\/www.sci-services.ch\/de\/wp-json\/wp\/v2\/product\/21235","targetHints":{"allow":["GET"]}}],"collection":[{"href":"https:\/\/www.sci-services.ch\/de\/wp-json\/wp\/v2\/product"}],"about":[{"href":"https:\/\/www.sci-services.ch\/de\/wp-json\/wp\/v2\/types\/product"}],"wp:attachment":[{"href":"https:\/\/www.sci-services.ch\/de\/wp-json\/wp\/v2\/media?parent=21235"}],"wp:term":[{"taxonomy":"product_group","embeddable":true,"href":"https:\/\/www.sci-services.ch\/de\/wp-json\/wp\/v2\/product_group?post=21235"},{"taxonomy":"product_cat","embeddable":true,"href":"https:\/\/www.sci-services.ch\/de\/wp-json\/wp\/v2\/product_cat?post=21235"},{"taxonomy":"product_tag","embeddable":true,"href":"https:\/\/www.sci-services.ch\/de\/wp-json\/wp\/v2\/product_tag?post=21235"}],"curies":[{"name":"wp","href":"https:\/\/api.w.org\/{rel}","templated":true}]}}