{"id":21083,"date":"2022-09-27T16:01:06","date_gmt":"2022-09-27T14:01:06","guid":{"rendered":"https:\/\/www.sci-services.ch\/shop\/uncategorized\/297930-001\/"},"modified":"2025-06-08T12:07:35","modified_gmt":"2025-06-08T10:07:35","slug":"297930-001","status":"publish","type":"product","link":"https:\/\/www.sci-services.ch\/de\/shop\/product-line-de\/inox-line-de-2\/297930-001\/","title":{"rendered":"Sensor-Papierrollenspender PICO S\u00ae"},"content":{"rendered":"<p>\u2022 f\u00fcr 2- und 3-lagige Papierrollen<br \/>\n\u2022 Inhalt: Papierrollen \u00d8 max. 200 mm<br \/>\n\u2022 sehr einfach zu bef\u00fcllen<br \/>\n\u2022 sparsam, kontrollierte Papierabgabe<br \/>\n\u2022 ma\u00dfgeschneiderte L\u00f6sungen f\u00fcr kundeneigene Papiersysteme m\u00f6glich<\/p>\n","protected":false},"excerpt":{"rendered":"<p>Sensor-Papierrollenspender &#8211; Edelstahl<\/p>\n","protected":false},"featured_media":22751,"template":"","meta":{"_acf_changed":false},"product_group":[{"id":2077,"name":"Hand Towel Dispensers","slug":"hand-towel-dispensers-2"},{"id":2051,"name":"Hygiene","slug":"hygiene"},{"id":2068,"name":"Hygiene Dispensers","slug":"hygiene-dispensers"}],"product_cat":[2438,2397],"product_tag":[],"class_list":{"0":"post-21083","1":"product","2":"type-product","3":"status-publish","4":"has-post-thumbnail","6":"product_group-hand-towel-dispensers-2","7":"product_group-hygiene","8":"product_group-hygiene-dispensers","9":"product_cat-inox-line-de-2","10":"product_cat-product-line-de","11":"pa_apparence-sensor-de","12":"pa_color-inox-de","13":"pa_consumable-papierrollen","14":"pa_material-deckel-edelstahl","15":"pa_packing-carton-2393","16":"pa_packing-pallet-42-de","17":"pa_product-dimensions-302-x-298-x-209-mm-de","19":"first","20":"instock","21":"shipping-taxable","22":"product-type-simple"},"acf":[],"aioseo_notices":[],"_links":{"self":[{"href":"https:\/\/www.sci-services.ch\/de\/wp-json\/wp\/v2\/product\/21083","targetHints":{"allow":["GET"]}}],"collection":[{"href":"https:\/\/www.sci-services.ch\/de\/wp-json\/wp\/v2\/product"}],"about":[{"href":"https:\/\/www.sci-services.ch\/de\/wp-json\/wp\/v2\/types\/product"}],"wp:featuredmedia":[{"embeddable":true,"href":"https:\/\/www.sci-services.ch\/de\/wp-json\/wp\/v2\/media\/22751"}],"wp:attachment":[{"href":"https:\/\/www.sci-services.ch\/de\/wp-json\/wp\/v2\/media?parent=21083"}],"wp:term":[{"taxonomy":"product_group","embeddable":true,"href":"https:\/\/www.sci-services.ch\/de\/wp-json\/wp\/v2\/product_group?post=21083"},{"taxonomy":"product_cat","embeddable":true,"href":"https:\/\/www.sci-services.ch\/de\/wp-json\/wp\/v2\/product_cat?post=21083"},{"taxonomy":"product_tag","embeddable":true,"href":"https:\/\/www.sci-services.ch\/de\/wp-json\/wp\/v2\/product_tag?post=21083"}],"curies":[{"name":"wp","href":"https:\/\/api.w.org\/{rel}","templated":true}]}}