{"id":20926,"date":"2022-09-27T16:00:55","date_gmt":"2022-09-27T14:00:55","guid":{"rendered":"https:\/\/www.sci-services.ch\/shop\/uncategorized\/057900-001\/"},"modified":"2025-02-25T09:57:18","modified_gmt":"2025-02-25T08:57:18","slug":"057900-001","status":"publish","type":"product","link":"https:\/\/www.sci-services.ch\/de\/shop\/product-line-de\/rico-line-de-2\/057900-001\/","title":{"rendered":"STRAIGHT CUT"},"content":{"rendered":"<p><iframe title=\"SCI-Services SA - Straight Cut   Paper towel roll dispenser\" width=\"800\" height=\"450\" src=\"https:\/\/www.youtube.com\/embed\/nvaV6XbgMi4?feature=oembed\" frameborder=\"0\" allow=\"accelerometer; autoplay; clipboard-write; encrypted-media; gyroscope; picture-in-picture; web-share\" referrerpolicy=\"strict-origin-when-cross-origin\" allowfullscreen><\/iframe><\/p>\n<p>\u2022 F\u00fcr 2- und 3-lagige Papierrollen<br \/>\n\u2022 Inhalt: Papierrollen \u00d8 max. 200 mm &#8211; Breite 180 &#8211; 230 mm max.<br \/>\n\u2022 Gerader Papierschnitt \u2013 patentiert<br \/>\n\u2022 Sehr einfach zu bef\u00fcllen<br \/>\n\u2022 HACCP konform<br \/>\n\u2022 Sparsam, kontrollierte Papierabgabe<br \/>\n\u2022 Ma\u00dfgeschneiderte L\u00f6sungen f\u00fcr kundeneigene Papiersysteme m\u00f6glich<\/p>\n","protected":false},"excerpt":{"rendered":"<p>Papierrolle Handtuchspender mit automatische saubere Schnitt<\/p>\n","protected":false},"featured_media":11659,"template":"","meta":{"_acf_changed":false},"product_group":[{"id":2077,"name":"Hand Towel Dispensers","slug":"hand-towel-dispensers-2"},{"id":2051,"name":"Hygiene","slug":"hygiene"},{"id":2068,"name":"Hygiene Dispensers","slug":"hygiene-dispensers"}],"product_cat":[2397,2454],"product_tag":[],"class_list":{"0":"post-20926","1":"product","2":"type-product","3":"status-publish","4":"has-post-thumbnail","6":"product_group-hand-towel-dispensers-2","7":"product_group-hygiene","8":"product_group-hygiene-dispensers","9":"product_cat-product-line-de","10":"product_cat-rico-line-de-2","11":"pa_apparence-automatic-straight-cut-de","12":"pa_color-transparent-fume","13":"pa_color-weis-de","14":"pa_consumable-papierrollen","15":"pa_packing-carton-2393","16":"pa_packing-pallet-48-de","17":"pa_product-dimensions-332-x-330-x-230-mm-de","19":"first","20":"instock","21":"shipping-taxable","22":"product-type-simple"},"acf":[],"aioseo_notices":[],"_links":{"self":[{"href":"https:\/\/www.sci-services.ch\/de\/wp-json\/wp\/v2\/product\/20926","targetHints":{"allow":["GET"]}}],"collection":[{"href":"https:\/\/www.sci-services.ch\/de\/wp-json\/wp\/v2\/product"}],"about":[{"href":"https:\/\/www.sci-services.ch\/de\/wp-json\/wp\/v2\/types\/product"}],"wp:featuredmedia":[{"embeddable":true,"href":"https:\/\/www.sci-services.ch\/de\/wp-json\/wp\/v2\/media\/11659"}],"wp:attachment":[{"href":"https:\/\/www.sci-services.ch\/de\/wp-json\/wp\/v2\/media?parent=20926"}],"wp:term":[{"taxonomy":"product_group","embeddable":true,"href":"https:\/\/www.sci-services.ch\/de\/wp-json\/wp\/v2\/product_group?post=20926"},{"taxonomy":"product_cat","embeddable":true,"href":"https:\/\/www.sci-services.ch\/de\/wp-json\/wp\/v2\/product_cat?post=20926"},{"taxonomy":"product_tag","embeddable":true,"href":"https:\/\/www.sci-services.ch\/de\/wp-json\/wp\/v2\/product_tag?post=20926"}],"curies":[{"name":"wp","href":"https:\/\/api.w.org\/{rel}","templated":true}]}}