{"id":20692,"date":"2022-10-03T14:39:16","date_gmt":"2022-10-03T12:39:16","guid":{"rendered":"https:\/\/www.sci-services.ch\/shop\/uncategorized\/420628-101\/"},"modified":"2024-11-28T09:28:09","modified_gmt":"2024-11-28T08:28:09","slug":"420628-101","status":"publish","type":"product","link":"https:\/\/www.sci-services.ch\/de\/shop\/products-lines-de\/eurostyle-2-de\/420628-101\/","title":{"rendered":"4\u2010F\u00e4cherschrank"},"content":{"rendered":"<p>\u2022 Platzsparend durch kompakte Gr\u00f6\u00dfe<br \/>\n\u2022 Best\u00e4ndiges pulverbeschichtetes Stahlblech<br \/>\n\u2022 Zentralschloss f\u00fcr alle Schr\u00e4nke gleich<br \/>\n\u2022 Facht\u00fcren mit individuellem Zylinderschloss<br \/>\n\u2022 Besonders stabil durch zahlreiche Vernietungen (Aluminium = rostfrei)<br \/>\n\u2022 Sehr gute Standfestigkeit durch doppelten Boden<\/p>\n","protected":false},"excerpt":{"rendered":"<p>T\u00fcren: lichtgrauer Rahmen, ultramarinblaue F\u00e4chert\u00fcren<\/p>\n","protected":false},"featured_media":22581,"template":"","meta":{"_acf_changed":false},"product_group":[{"id":2062,"name":"Horizontal distribution locker","slug":"horizontal-distribution-locker"},{"id":2061,"name":"Lockers","slug":"lockers"}],"product_cat":[2583,2574,2397],"product_tag":[],"class_list":{"0":"post-20692","1":"product","2":"type-product","3":"status-publish","4":"has-post-thumbnail","6":"product_group-horizontal-distribution-locker","7":"product_group-lockers","8":"product_cat-eurostyle-2-de","9":"product_cat-products-lines-de","10":"product_cat-product-line-de","11":"pa_color-dunkelblau-ral-5002","12":"pa_color-grey-ral-7035-de","13":"pa_compartment-dimensions-376-x-416-mm-de","14":"pa_doors-4-de-2","15":"pa_material-epoxiertes-stahlblech-verzinkt-de","16":"pa_product-dimensions-380x455x1820-mm-de","18":"first","19":"instock","20":"shipping-taxable","21":"product-type-simple"},"acf":[],"aioseo_notices":[],"_links":{"self":[{"href":"https:\/\/www.sci-services.ch\/de\/wp-json\/wp\/v2\/product\/20692","targetHints":{"allow":["GET"]}}],"collection":[{"href":"https:\/\/www.sci-services.ch\/de\/wp-json\/wp\/v2\/product"}],"about":[{"href":"https:\/\/www.sci-services.ch\/de\/wp-json\/wp\/v2\/types\/product"}],"wp:featuredmedia":[{"embeddable":true,"href":"https:\/\/www.sci-services.ch\/de\/wp-json\/wp\/v2\/media\/22581"}],"wp:attachment":[{"href":"https:\/\/www.sci-services.ch\/de\/wp-json\/wp\/v2\/media?parent=20692"}],"wp:term":[{"taxonomy":"product_group","embeddable":true,"href":"https:\/\/www.sci-services.ch\/de\/wp-json\/wp\/v2\/product_group?post=20692"},{"taxonomy":"product_cat","embeddable":true,"href":"https:\/\/www.sci-services.ch\/de\/wp-json\/wp\/v2\/product_cat?post=20692"},{"taxonomy":"product_tag","embeddable":true,"href":"https:\/\/www.sci-services.ch\/de\/wp-json\/wp\/v2\/product_tag?post=20692"}],"curies":[{"name":"wp","href":"https:\/\/api.w.org\/{rel}","templated":true}]}}