{"id":19981,"date":"2023-01-05T15:19:14","date_gmt":"2023-01-05T14:19:15","guid":{"rendered":"https:\/\/www.sci-services.ch\/?post_type=product&#038;p=19981"},"modified":"2023-12-04T14:31:07","modified_gmt":"2023-12-04T13:31:07","slug":"xl-copy","status":"publish","type":"product","link":"https:\/\/www.sci-services.ch\/de\/shop\/products-lines-de\/eurostyle-2-de\/xl-copy\/","title":{"rendered":"XXL Schmutzw\u00e4schsammler"},"content":{"rendered":"<p>\u2022\u00a0Best\u00e4ndiges pulverbeschichtetes Stahlblech<br \/>\n\u2022 Besonders stabil durch zahlreiche Vernietungen (Aluminium = rostfrei)<\/p>\n<p>auf Anfrage<\/p>\n","protected":false},"excerpt":{"rendered":"<p>Schmutzw\u00e4schsammler f\u00fcr W\u00e4schwagen<\/p>\n","protected":false},"featured_media":19990,"template":"","meta":{"_acf_changed":false},"product_group":[],"product_cat":[2583,2574],"product_tag":[],"class_list":{"0":"post-19981","1":"product","2":"type-product","3":"status-publish","4":"has-post-thumbnail","6":"product_cat-eurostyle-2-de","7":"product_cat-products-lines-de","8":"pa_color-dunkelblau-ral-5002","9":"pa_color-grey-ral-7035-de","10":"pa_material-epoxiertes-stahlblech-verzinkt-de","11":"pa_product-dimensions-980-x-570-x-2050-de","13":"first","14":"instock","15":"shipping-taxable","16":"product-type-simple"},"acf":[],"aioseo_notices":[],"_links":{"self":[{"href":"https:\/\/www.sci-services.ch\/de\/wp-json\/wp\/v2\/product\/19981","targetHints":{"allow":["GET"]}}],"collection":[{"href":"https:\/\/www.sci-services.ch\/de\/wp-json\/wp\/v2\/product"}],"about":[{"href":"https:\/\/www.sci-services.ch\/de\/wp-json\/wp\/v2\/types\/product"}],"wp:featuredmedia":[{"embeddable":true,"href":"https:\/\/www.sci-services.ch\/de\/wp-json\/wp\/v2\/media\/19990"}],"wp:attachment":[{"href":"https:\/\/www.sci-services.ch\/de\/wp-json\/wp\/v2\/media?parent=19981"}],"wp:term":[{"taxonomy":"product_group","embeddable":true,"href":"https:\/\/www.sci-services.ch\/de\/wp-json\/wp\/v2\/product_group?post=19981"},{"taxonomy":"product_cat","embeddable":true,"href":"https:\/\/www.sci-services.ch\/de\/wp-json\/wp\/v2\/product_cat?post=19981"},{"taxonomy":"product_tag","embeddable":true,"href":"https:\/\/www.sci-services.ch\/de\/wp-json\/wp\/v2\/product_tag?post=19981"}],"curies":[{"name":"wp","href":"https:\/\/api.w.org\/{rel}","templated":true}]}}