{"id":19893,"date":"2023-01-04T11:49:58","date_gmt":"2023-01-04T10:49:58","guid":{"rendered":"https:\/\/www.sci-services.ch\/?post_type=product&#038;p=19893"},"modified":"2023-05-26T10:15:45","modified_gmt":"2023-05-26T08:15:45","slug":"3o3","status":"publish","type":"product","link":"https:\/\/www.sci-services.ch\/de\/shop\/products-lines-de\/change-o-matic-2-de\/3o3\/","title":{"rendered":"6\u2010F\u00e4cherschrank \u2010 DEEP BIG 3+3"},"content":{"rendered":"","protected":false},"excerpt":{"rendered":"<p>F\u00e4cher f\u00fcr h\u00e4ngende W\u00e4sche \u2010 grau<\/p>\n","protected":false},"featured_media":19898,"template":"","meta":{"_acf_changed":false},"product_group":[{"id":2061,"name":"Lockers","slug":"lockers"},{"id":2064,"name":"Vertical distribution locker","slug":"vertical-distribution-locker"}],"product_cat":[2565,2574],"product_tag":[],"class_list":{"0":"post-19893","1":"product","2":"type-product","3":"status-publish","4":"has-post-thumbnail","6":"product_group-lockers","7":"product_group-vertical-distribution-locker","8":"product_cat-change-o-matic-2-de","9":"product_cat-products-lines-de","10":"pa_color-grau-ral-7042","11":"pa_doors-6-de","12":"pa_material-pulverbeschichtetes-stahlblech-de","13":"pa_product-dimensions-610-x-570-x-2050-mm-de","15":"first","16":"instock","17":"shipping-taxable","18":"product-type-simple"},"acf":[],"aioseo_notices":[],"_links":{"self":[{"href":"https:\/\/www.sci-services.ch\/de\/wp-json\/wp\/v2\/product\/19893","targetHints":{"allow":["GET"]}}],"collection":[{"href":"https:\/\/www.sci-services.ch\/de\/wp-json\/wp\/v2\/product"}],"about":[{"href":"https:\/\/www.sci-services.ch\/de\/wp-json\/wp\/v2\/types\/product"}],"wp:featuredmedia":[{"embeddable":true,"href":"https:\/\/www.sci-services.ch\/de\/wp-json\/wp\/v2\/media\/19898"}],"wp:attachment":[{"href":"https:\/\/www.sci-services.ch\/de\/wp-json\/wp\/v2\/media?parent=19893"}],"wp:term":[{"taxonomy":"product_group","embeddable":true,"href":"https:\/\/www.sci-services.ch\/de\/wp-json\/wp\/v2\/product_group?post=19893"},{"taxonomy":"product_cat","embeddable":true,"href":"https:\/\/www.sci-services.ch\/de\/wp-json\/wp\/v2\/product_cat?post=19893"},{"taxonomy":"product_tag","embeddable":true,"href":"https:\/\/www.sci-services.ch\/de\/wp-json\/wp\/v2\/product_tag?post=19893"}],"curies":[{"name":"wp","href":"https:\/\/api.w.org\/{rel}","templated":true}]}}