{"id":19599,"date":"2022-10-03T14:39:23","date_gmt":"2022-10-03T12:39:23","guid":{"rendered":"https:\/\/www.sci-services.ch\/shop\/uncategorized\/440921-101\/"},"modified":"2023-05-26T10:12:33","modified_gmt":"2023-05-26T08:12:33","slug":"440921-101","status":"publish","type":"product","link":"https:\/\/www.sci-services.ch\/de\/shop\/products-lines-de\/change-o-matic-2-de\/440921-101\/","title":{"rendered":"4\u2010F\u00e4cherschrank \u2010 DEEP BIG 2+2"},"content":{"rendered":"","protected":false},"excerpt":{"rendered":"<p>F\u00e4cher f\u00fcr h\u00e4ngende W\u00e4sche \u2010 grau<\/p>\n","protected":false},"featured_media":17456,"template":"","meta":{"_acf_changed":false},"product_group":[{"id":2061,"name":"Lockers","slug":"lockers"},{"id":2064,"name":"Vertical distribution locker","slug":"vertical-distribution-locker"}],"product_cat":[2565,2574],"product_tag":[],"class_list":{"0":"post-19599","1":"product","2":"type-product","3":"status-publish","4":"has-post-thumbnail","6":"product_group-lockers","7":"product_group-vertical-distribution-locker","8":"product_cat-change-o-matic-2-de","9":"product_cat-products-lines-de","10":"pa_color-grau-ral-7042","11":"pa_doors-4-de-2","12":"pa_material-pulverbeschichtetes-stahlblech-de","13":"pa_product-dimensions-610-x-570-x-2050-mm-de","15":"first","16":"instock","17":"shipping-taxable","18":"product-type-simple"},"acf":[],"aioseo_notices":[],"_links":{"self":[{"href":"https:\/\/www.sci-services.ch\/de\/wp-json\/wp\/v2\/product\/19599","targetHints":{"allow":["GET"]}}],"collection":[{"href":"https:\/\/www.sci-services.ch\/de\/wp-json\/wp\/v2\/product"}],"about":[{"href":"https:\/\/www.sci-services.ch\/de\/wp-json\/wp\/v2\/types\/product"}],"wp:featuredmedia":[{"embeddable":true,"href":"https:\/\/www.sci-services.ch\/de\/wp-json\/wp\/v2\/media\/17456"}],"wp:attachment":[{"href":"https:\/\/www.sci-services.ch\/de\/wp-json\/wp\/v2\/media?parent=19599"}],"wp:term":[{"taxonomy":"product_group","embeddable":true,"href":"https:\/\/www.sci-services.ch\/de\/wp-json\/wp\/v2\/product_group?post=19599"},{"taxonomy":"product_cat","embeddable":true,"href":"https:\/\/www.sci-services.ch\/de\/wp-json\/wp\/v2\/product_cat?post=19599"},{"taxonomy":"product_tag","embeddable":true,"href":"https:\/\/www.sci-services.ch\/de\/wp-json\/wp\/v2\/product_tag?post=19599"}],"curies":[{"name":"wp","href":"https:\/\/api.w.org\/{rel}","templated":true}]}}