{"id":19596,"date":"2022-10-03T14:39:28","date_gmt":"2022-10-03T12:39:28","guid":{"rendered":"https:\/\/www.sci-services.ch\/shop\/uncategorized\/zubehor\/"},"modified":"2022-10-03T14:39:28","modified_gmt":"2022-10-03T12:39:28","slug":"zubehor","status":"publish","type":"product","link":"https:\/\/www.sci-services.ch\/de\/shop\/uncategorized-de\/zubehor\/","title":{"rendered":"Zubeh\u00f6r"},"content":{"rendered":"","protected":false},"excerpt":{"rendered":"<p>Vorreiber f\u00fcr Vorh\u00e4ngeschloss \u2010 f\u00fcr Facht\u00fcren, rechts<\/p>\n","protected":false},"featured_media":17536,"template":"","meta":{"_acf_changed":false},"product_group":[{"id":2061,"name":"Lockers","slug":"lockers"}],"product_cat":[1068],"product_tag":[],"class_list":{"0":"post-19596","1":"product","2":"type-product","3":"status-publish","4":"has-post-thumbnail","6":"product_group-lockers","7":"product_cat-uncategorized-de","9":"first","10":"instock","11":"shipping-taxable","12":"product-type-simple"},"acf":[],"aioseo_notices":[],"_links":{"self":[{"href":"https:\/\/www.sci-services.ch\/de\/wp-json\/wp\/v2\/product\/19596","targetHints":{"allow":["GET"]}}],"collection":[{"href":"https:\/\/www.sci-services.ch\/de\/wp-json\/wp\/v2\/product"}],"about":[{"href":"https:\/\/www.sci-services.ch\/de\/wp-json\/wp\/v2\/types\/product"}],"wp:featuredmedia":[{"embeddable":true,"href":"https:\/\/www.sci-services.ch\/de\/wp-json\/wp\/v2\/media\/17536"}],"wp:attachment":[{"href":"https:\/\/www.sci-services.ch\/de\/wp-json\/wp\/v2\/media?parent=19596"}],"wp:term":[{"taxonomy":"product_group","embeddable":true,"href":"https:\/\/www.sci-services.ch\/de\/wp-json\/wp\/v2\/product_group?post=19596"},{"taxonomy":"product_cat","embeddable":true,"href":"https:\/\/www.sci-services.ch\/de\/wp-json\/wp\/v2\/product_cat?post=19596"},{"taxonomy":"product_tag","embeddable":true,"href":"https:\/\/www.sci-services.ch\/de\/wp-json\/wp\/v2\/product_tag?post=19596"}],"curies":[{"name":"wp","href":"https:\/\/api.w.org\/{rel}","templated":true}]}}