{"id":19042,"date":"2022-10-03T14:39:23","date_gmt":"2022-10-03T12:39:23","guid":{"rendered":"https:\/\/www.sci-services.ch\/shop\/uncategorized\/440321-101\/"},"modified":"2024-03-25T11:15:49","modified_gmt":"2024-03-25T10:15:49","slug":"440321-101","status":"publish","type":"product","link":"https:\/\/www.sci-services.ch\/de\/shop\/products-lines-de\/change-o-matic-2-de\/440321-101\/","title":{"rendered":"9 \u2010F\u00e4cherschrank \u2010 BIG"},"content":{"rendered":"<p>Die Change-O-Matic\u00ae Berufskleidungsschr\u00e4nke haben seit \u00fcber 30 Jahren unseren Ruf als f\u00fchrender Anbieter robuster Schranksysteme f\u00fcr den Markt von geleaster Berufskleidung gepr\u00e4gt. Mit verschiedenen Konfigurationen und hochwertigen Materialien bieten sie die perfekte L\u00f6sung f\u00fcr Ihre Anforderungen.<\/p>\n","protected":false},"excerpt":{"rendered":"<p>f\u00fcr liegende W\u00e4sche \u2010 grau<\/p>\n","protected":false},"featured_media":17441,"template":"","meta":{"_acf_changed":false},"product_group":[{"id":2062,"name":"Horizontal distribution locker","slug":"horizontal-distribution-locker"},{"id":2061,"name":"Lockers","slug":"lockers"}],"product_cat":[2565,2574],"product_tag":[],"class_list":{"0":"post-19042","1":"product","2":"type-product","3":"status-publish","4":"has-post-thumbnail","6":"product_group-horizontal-distribution-locker","7":"product_group-lockers","8":"product_cat-change-o-matic-2-de","9":"product_cat-products-lines-de","10":"pa_color-grau-ral-7042","11":"pa_doors-9-de","12":"pa_material-pulverbeschichtetes-stahlblech-de","13":"pa_product-dimensions-610x406x2050-mm-de","15":"first","16":"instock","17":"shipping-taxable","18":"product-type-simple"},"acf":[],"aioseo_notices":[],"_links":{"self":[{"href":"https:\/\/www.sci-services.ch\/de\/wp-json\/wp\/v2\/product\/19042","targetHints":{"allow":["GET"]}}],"collection":[{"href":"https:\/\/www.sci-services.ch\/de\/wp-json\/wp\/v2\/product"}],"about":[{"href":"https:\/\/www.sci-services.ch\/de\/wp-json\/wp\/v2\/types\/product"}],"wp:featuredmedia":[{"embeddable":true,"href":"https:\/\/www.sci-services.ch\/de\/wp-json\/wp\/v2\/media\/17441"}],"wp:attachment":[{"href":"https:\/\/www.sci-services.ch\/de\/wp-json\/wp\/v2\/media?parent=19042"}],"wp:term":[{"taxonomy":"product_group","embeddable":true,"href":"https:\/\/www.sci-services.ch\/de\/wp-json\/wp\/v2\/product_group?post=19042"},{"taxonomy":"product_cat","embeddable":true,"href":"https:\/\/www.sci-services.ch\/de\/wp-json\/wp\/v2\/product_cat?post=19042"},{"taxonomy":"product_tag","embeddable":true,"href":"https:\/\/www.sci-services.ch\/de\/wp-json\/wp\/v2\/product_tag?post=19042"}],"curies":[{"name":"wp","href":"https:\/\/api.w.org\/{rel}","templated":true}]}}