{"id":18810,"date":"2022-09-27T16:01:01","date_gmt":"2022-09-27T14:01:01","guid":{"rendered":"https:\/\/www.sci-services.ch\/shop\/uncategorized\/111507-012\/"},"modified":"2022-09-27T16:01:01","modified_gmt":"2022-09-27T14:01:01","slug":"111507-012","status":"publish","type":"product","link":"https:\/\/www.sci-services.ch\/de\/shop\/uncategorized-de\/111507-012\/","title":{"rendered":"INSTANT CLEANSER 70 GEL"},"content":{"rendered":"<p>\u2022 Kosmetisches Produkt mit 70% Alkohol<br \/>\n\u2022 Das Produkt sollte auf die Handfl\u00e4che einer Hand aufgetragen und \u00fcber die gesamte Oberfl\u00e4che beider H\u00e4nde gerieben werden, bis sie trocken sind (ca. 30 Sekunden)<\/p>\n","protected":false},"excerpt":{"rendered":"<p>ohne Wasser zu verwenden) SiCC Patrone\u00a0 (70% alcohol)\u00a0\u00a0 1000 ml mit Ausgiesser und Deckel<\/p>\n","protected":false},"featured_media":15192,"template":"","meta":{"_acf_changed":false},"product_group":[{"id":2051,"name":"Hygiene","slug":"hygiene"},{"id":2070,"name":"Hygiene Consumables","slug":"hygiene-consumables"},{"id":2074,"name":"Soap Cartridges","slug":"soap-cartridges"}],"product_cat":[1068],"product_tag":[],"class_list":{"0":"post-18810","1":"product","2":"type-product","3":"status-publish","4":"has-post-thumbnail","6":"product_group-hygiene","7":"product_group-hygiene-consumables","8":"product_group-soap-cartridges","9":"product_cat-uncategorized-de","10":"pa_color-transparent-de","11":"pa_content-1000-ml-ohne-wasser-zu-verwenden-70-alcohol","12":"pa_operation-gel-de","13":"pa_packing-carton-6-de","14":"pa_ph-range-65--05-at-20-de","16":"first","17":"instock","18":"shipping-taxable","19":"product-type-simple"},"acf":[],"aioseo_notices":[],"_links":{"self":[{"href":"https:\/\/www.sci-services.ch\/de\/wp-json\/wp\/v2\/product\/18810","targetHints":{"allow":["GET"]}}],"collection":[{"href":"https:\/\/www.sci-services.ch\/de\/wp-json\/wp\/v2\/product"}],"about":[{"href":"https:\/\/www.sci-services.ch\/de\/wp-json\/wp\/v2\/types\/product"}],"wp:featuredmedia":[{"embeddable":true,"href":"https:\/\/www.sci-services.ch\/de\/wp-json\/wp\/v2\/media\/15192"}],"wp:attachment":[{"href":"https:\/\/www.sci-services.ch\/de\/wp-json\/wp\/v2\/media?parent=18810"}],"wp:term":[{"taxonomy":"product_group","embeddable":true,"href":"https:\/\/www.sci-services.ch\/de\/wp-json\/wp\/v2\/product_group?post=18810"},{"taxonomy":"product_cat","embeddable":true,"href":"https:\/\/www.sci-services.ch\/de\/wp-json\/wp\/v2\/product_cat?post=18810"},{"taxonomy":"product_tag","embeddable":true,"href":"https:\/\/www.sci-services.ch\/de\/wp-json\/wp\/v2\/product_tag?post=18810"}],"curies":[{"name":"wp","href":"https:\/\/api.w.org\/{rel}","templated":true}]}}